{"id":11913,"date":"2025-04-01T00:23:06","date_gmt":"2025-04-01T05:23:06","guid":{"rendered":"https:\/\/careforallineducation.com\/?page_id=11913"},"modified":"2026-03-31T03:56:46","modified_gmt":"2026-03-31T08:56:46","slug":"april-spotlight","status":"publish","type":"page","link":"https:\/\/careforallineducation.com\/fr\/april-spotlight\/","title":{"rendered":"En vedette en avril\u00a0"},"content":{"rendered":"<div data-elementor-type=\"wp-page\" data-elementor-id=\"11913\" class=\"elementor elementor-11913\" data-elementor-post-type=\"page\">\n\t\t\t\t\t\t<section class=\"elementor-section elementor-top-section elementor-element elementor-element-66eb2f5 elementor-section-height-min-height elementor-section-items-top elementor-section-boxed elementor-section-height-default\" data-id=\"66eb2f5\" data-element_type=\"section\" data-e-type=\"section\" data-settings=\"{&quot;background_background&quot;:&quot;classic&quot;}\">\n\t\t\t\t\t\t<div class=\"elementor-container elementor-column-gap-default\">\n\t\t\t\t\t<div class=\"elementor-column elementor-col-100 elementor-top-column elementor-element elementor-element-e6de384\" data-id=\"e6de384\" data-element_type=\"column\" data-e-type=\"column\">\n\t\t\t<div class=\"elementor-widget-wrap elementor-element-populated\">\n\t\t\t\t\t\t<div class=\"elementor-element elementor-element-6df28fd elementor-widget__width-auto elementor-widget elementor-widget-heading\" data-id=\"6df28fd\" data-element_type=\"widget\" data-e-type=\"widget\" data-widget_type=\"heading.default\">\n\t\t\t\t\t<h2 class=\"elementor-heading-title elementor-size-default\">En vedette en avril\u00a0<\/h2>\t\t\t\t<\/div>\n\t\t\t\t\t<\/div>\n\t\t<\/div>\n\t\t\t\t\t<\/div>\n\t\t<\/section>\n\t\t\t\t<section class=\"elementor-section elementor-top-section elementor-element elementor-element-9fda872 elementor-section-boxed elementor-section-height-default elementor-section-height-default\" data-id=\"9fda872\" data-element_type=\"section\" data-e-type=\"section\">\n\t\t\t\t\t\t<div class=\"elementor-container elementor-column-gap-wide\">\n\t\t\t\t\t<div class=\"elementor-column elementor-col-100 elementor-top-column elementor-element elementor-element-71e7b51\" data-id=\"71e7b51\" data-element_type=\"column\" data-e-type=\"column\">\n\t\t\t<div class=\"elementor-widget-wrap elementor-element-populated\">\n\t\t\t\t\t\t<div class=\"elementor-element elementor-element-8f063ec elementor-widget elementor-widget-heading\" data-id=\"8f063ec\" data-element_type=\"widget\" data-e-type=\"widget\" data-widget_type=\"heading.default\">\n\t\t\t\t\t<h2 class=\"elementor-heading-title elementor-size-default\">Extraverti ou introverti? <\/h2>\t\t\t\t<\/div>\n\t\t\t\t<div class=\"elementor-element elementor-element-1c963dc elementor-widget elementor-widget-text-editor\" data-id=\"1c963dc\" data-element_type=\"widget\" data-e-type=\"widget\" data-widget_type=\"text-editor.default\">\n\t\t\t\t\t\t\t\t\t<p>Lequel des deux \u00eates-vous? La soci\u00e9t\u00e9 nord-am\u00e9ricaine a tendance \u00e0 c\u00e9l\u00e9brer les personnalit\u00e9s extraverties. Ces personnes capables de captiver un auditoire et de briller dans la plupart des \u00e9v\u00e9nements sociaux. Ces enfants qui aiment se donner en spectacle devant de grands groupes ou qui sont \u00e0 l\u2019aise d\u2019engager la conversation avec des adultes. Nous avons souvent tendance \u00e0 croire que les extravertis sont gentils. Surtout parce qu\u2019ils sont dou\u00e9s pour alimenter la discussion ou parce qu\u2019ils n\u2019h\u00e9sitent pas \u00e0 r\u00e9v\u00e9ler des d\u00e9tails sur eux. Nos premi\u00e8res impressions des introvertis? \u00ab\u202fIl est snob. R\u00e9serv\u00e9.\u202f\u00bb ou \u00ab\u202fCe n\u2019est pas facile d\u2019apprendre \u00e0 la conna\u00eetre\u202f\u00bb.<\/p><p><br><\/p>\n<p>Est-ce qu\u2019un type de personnalit\u00e9 est mieux que l\u2019autre? Non. Et c\u2019est important de se rappeler que tout \u00e7a s\u2019inscrit dans un continuum. Imaginez une ligne horizontale avec le chiffre z\u00e9ro au milieu et le chiffre\u202f100 aux deux extr\u00e9mit\u00e9s. \u00c0 une extr\u00e9mit\u00e9 se trouve le type extraverti et \u00e0 l\u2019autre, le type introverti. Nous nous classons tous quelque part sur cette \u00e9chelle et rarement \u00e0 100\u202f% d\u2019un c\u00f4t\u00e9 ou l\u2019autre. O\u00f9 se classent les enseignants? Vous serez peut-\u00eatre \u00e9tonn\u00e9 d\u2019apprendre que les \u00e9ducateurs tendent \u00e0 \u00eatre plus introvertis qu\u2019extravertis. On pourrait pr\u00e9sumer qu\u2019une carri\u00e8re enti\u00e8re pass\u00e9e debout devant une classe exige une personnalit\u00e9 extravertie. Ce n\u2019est pas n\u00e9cessairement le cas.<\/p><p><br><\/p>\n<p>Voici une petite question rapide pour d\u00e9terminer \u00e0 quel type vous appartenez. \u00c0 la fin d\u2019une semaine occup\u00e9e et stressante, comment souhaitez-vous passer votre vendredi soir? Une soir\u00e9e tranquille avec une tasse de th\u00e9 et un bon livre ou une petite f\u00eate \u00e0 la maison avec votre famille et vos amis? Si vous avez choisi la deuxi\u00e8me option, vous \u00eates probablement une personne extravertie. Si le seul bruit que vous voulez entendre est le ronronnement de votre chat, vous \u00eates sans doute introverti.<\/p><p><br><\/p>\n<p>Tout le monde a besoin d\u2019interaction humaine. Nous sommes des cr\u00e9atures sociales. Et si la pand\u00e9mie de COVID-19 nous a appris quoi que ce soit, c\u2019est bien le besoin de connecter en personne. Pour les extravertis, ce besoin est tout simplement plus grand. Voil\u00e0 pourquoi c\u2019est difficile d\u2019enseigner. Les personnes extraverties peuvent ressentir de la solitude \u00e0 l\u2019\u00e9cole. Comment est-ce possible? Interagir avec des \u00e9tudiants toute la journ\u00e9e ne suffit pas automatiquement \u00e0 combler nos besoins sociaux. Pensez-y. Au cours d\u2019une journ\u00e9e \u00e0 l\u2019\u00e9cole, combien d\u2019occasions avez-vous de tenir une conversation significative avec un coll\u00e8gue ou une amie? Aucune, n\u2019est-ce pas?<\/p><p><br><\/p>\n<p>Et ce n\u2019est pas plus simple pour les introvertis. En fait, des \u00e9tudes ont d\u00e9montr\u00e9 que les \u00e9ducateurs introvertis sont plus \u00e0 risque d\u2019\u00e9puisement professionnel. \u00catre sur sc\u00e8ne toute la journ\u00e9e, ann\u00e9e apr\u00e8s ann\u00e9e, est \u00e9prouvant pour les introvertis. Le changement volitionnel se d\u00e9finit comme la capacit\u00e9 de s\u2019adapter et de manipuler ses propres traits de personnalit\u00e9 pour convenir \u00e0 un r\u00f4le n\u00e9cessaire. Nous apprenons \u00e0 agir de fa\u00e7on extravertie. Mais \u00e0 quel prix? Si les introvertis sont souvent plus sensibles aux besoins subtils des \u00e9tudiants, cet effort laisse une trace. Il d\u00e9charge votre batterie sociale. Au fil du temps, il devient une cause de stress et d\u2019\u00e9puisement professionnel.<\/p><p><br><\/p>\n<p>C\u2019est pourquoi les \u00e9ducateurs, tant introvertis qu\u2019extravertis, doivent accorder la priorit\u00e9 \u00e0 leur bien-\u00eatre.<\/p><p><br><\/p>\n<p>Vous pouvez y arriver.<\/p>\t\t\t\t\t\t\t\t<\/div>\n\t\t\t\t\t<\/div>\n\t\t<\/div>\n\t\t\t\t\t<\/div>\n\t\t<\/section>\n\t\t\t\t<\/div>","protected":false},"excerpt":{"rendered":"<p>April\u00a0Spotlight\u00a0 Extrovert or Introvert? Which one are you? North American society tends to celebrate extroverts. Those people that can captivate an audience and bring life to most social events. Children that love performing in front of large groups or those that feel comfortable striking up conversations with adults. Often, our first impressions of extroverts are [&hellip;]<\/p>\n","protected":false},"author":12,"featured_media":0,"parent":0,"menu_order":0,"comment_status":"closed","ping_status":"closed","template":"","meta":{"site-sidebar-layout":"no-sidebar","site-content-layout":"page-builder","ast-site-content-layout":"default","site-content-style":"default","site-sidebar-style":"default","ast-global-header-display":"","ast-banner-title-visibility":"","ast-main-header-display":"","ast-hfb-above-header-display":"","ast-hfb-below-header-display":"","ast-hfb-mobile-header-display":"","site-post-title":"disabled","ast-breadcrumbs-content":"","ast-featured-img":"disabled","footer-sml-layout":"","ast-disable-related-posts":"","theme-transparent-header-meta":"","adv-header-id-meta":"","stick-header-meta":"","header-above-stick-meta":"","header-main-stick-meta":"","header-below-stick-meta":"","astra-migrate-meta-layouts":"default","ast-page-background-enabled":"default","ast-page-background-meta":{"desktop":{"background-color":"var(--ast-global-color-4)","background-image":"","background-repeat":"repeat","background-position":"center center","background-size":"auto","background-attachment":"scroll","background-type":"","background-media":"","overlay-type":"","overlay-color":"","overlay-opacity":"","overlay-gradient":""},"tablet":{"background-color":"","background-image":"","background-repeat":"repeat","background-position":"center center","background-size":"auto","background-attachment":"scroll","background-type":"","background-media":"","overlay-type":"","overlay-color":"","overlay-opacity":"","overlay-gradient":""},"mobile":{"background-color":"","background-image":"","background-repeat":"repeat","background-position":"center center","background-size":"auto","background-attachment":"scroll","background-type":"","background-media":"","overlay-type":"","overlay-color":"","overlay-opacity":"","overlay-gradient":""}},"ast-content-background-meta":{"desktop":{"background-color":"var(--ast-global-color-5)","background-image":"","background-repeat":"repeat","background-position":"center center","background-size":"auto","background-attachment":"scroll","background-type":"","background-media":"","overlay-type":"","overlay-color":"","overlay-opacity":"","overlay-gradient":""},"tablet":{"background-color":"var(--ast-global-color-5)","background-image":"","background-repeat":"repeat","background-position":"center center","background-size":"auto","background-attachment":"scroll","background-type":"","background-media":"","overlay-type":"","overlay-color":"","overlay-opacity":"","overlay-gradient":""},"mobile":{"background-color":"var(--ast-global-color-5)","background-image":"","background-repeat":"repeat","background-position":"center center","background-size":"auto","background-attachment":"scroll","background-type":"","background-media":"","overlay-type":"","overlay-color":"","overlay-opacity":"","overlay-gradient":""}},"footnotes":""},"class_list":["post-11913","page","type-page","status-publish","hentry"],"_links":{"self":[{"href":"https:\/\/careforallineducation.com\/fr\/wp-json\/wp\/v2\/pages\/11913","targetHints":{"allow":["GET"]}}],"collection":[{"href":"https:\/\/careforallineducation.com\/fr\/wp-json\/wp\/v2\/pages"}],"about":[{"href":"https:\/\/careforallineducation.com\/fr\/wp-json\/wp\/v2\/types\/page"}],"author":[{"embeddable":true,"href":"https:\/\/careforallineducation.com\/fr\/wp-json\/wp\/v2\/users\/12"}],"replies":[{"embeddable":true,"href":"https:\/\/careforallineducation.com\/fr\/wp-json\/wp\/v2\/comments?post=11913"}],"version-history":[{"count":20,"href":"https:\/\/careforallineducation.com\/fr\/wp-json\/wp\/v2\/pages\/11913\/revisions"}],"predecessor-version":[{"id":32485,"href":"https:\/\/careforallineducation.com\/fr\/wp-json\/wp\/v2\/pages\/11913\/revisions\/32485"}],"wp:attachment":[{"href":"https:\/\/careforallineducation.com\/fr\/wp-json\/wp\/v2\/media?parent=11913"}],"curies":[{"name":"wp","href":"https:\/\/api.w.org\/{rel}","templated":true}]}}