{"id":12136,"date":"2025-04-30T07:38:54","date_gmt":"2025-04-30T12:38:54","guid":{"rendered":"https:\/\/careforallineducation.com\/?page_id=12136"},"modified":"2025-04-30T08:11:04","modified_gmt":"2025-04-30T13:11:04","slug":"may-spotlight-2025-masking-unmasking","status":"publish","type":"page","link":"https:\/\/careforallineducation.com\/fr\/may-spotlight-2025-masking-unmasking\/","title":{"rendered":"En vedette pour le mois de mai 2025: <br>Avec et sans masque"},"content":{"rendered":"<div data-elementor-type=\"wp-page\" data-elementor-id=\"12136\" class=\"elementor elementor-12136\" data-elementor-post-type=\"page\">\n\t\t\t\t\t\t<section class=\"elementor-section elementor-top-section elementor-element elementor-element-66eb2f5 elementor-section-height-min-height elementor-section-items-top elementor-section-boxed elementor-section-height-default\" data-id=\"66eb2f5\" data-element_type=\"section\" data-e-type=\"section\" data-settings=\"{&quot;background_background&quot;:&quot;classic&quot;}\">\n\t\t\t\t\t\t<div class=\"elementor-container elementor-column-gap-default\">\n\t\t\t\t\t<div class=\"elementor-column elementor-col-100 elementor-top-column elementor-element elementor-element-e6de384\" data-id=\"e6de384\" data-element_type=\"column\" data-e-type=\"column\">\n\t\t\t<div class=\"elementor-widget-wrap elementor-element-populated\">\n\t\t\t\t\t\t<div class=\"elementor-element elementor-element-6df28fd elementor-widget__width-auto elementor-widget elementor-widget-heading\" data-id=\"6df28fd\" data-element_type=\"widget\" data-e-type=\"widget\" data-widget_type=\"heading.default\">\n\t\t\t\t\t<h2 class=\"elementor-heading-title elementor-size-default\">En vedette pour le mois de mai 2025: <br>Avec et sans masque<\/h2>\t\t\t\t<\/div>\n\t\t\t\t\t<\/div>\n\t\t<\/div>\n\t\t\t\t\t<\/div>\n\t\t<\/section>\n\t\t\t\t<section class=\"elementor-section elementor-top-section elementor-element elementor-element-9fda872 elementor-section-boxed elementor-section-height-default elementor-section-height-default\" data-id=\"9fda872\" data-element_type=\"section\" data-e-type=\"section\">\n\t\t\t\t\t\t<div class=\"elementor-container elementor-column-gap-wide\">\n\t\t\t\t\t<div class=\"elementor-column elementor-col-100 elementor-top-column elementor-element elementor-element-71e7b51\" data-id=\"71e7b51\" data-element_type=\"column\" data-e-type=\"column\">\n\t\t\t<div class=\"elementor-widget-wrap elementor-element-populated\">\n\t\t\t\t\t\t<div class=\"elementor-element elementor-element-8f063ec elementor-widget elementor-widget-heading\" data-id=\"8f063ec\" data-element_type=\"widget\" data-e-type=\"widget\" data-widget_type=\"heading.default\">\n\t\t\t\t\t<h2 class=\"elementor-heading-title elementor-size-default\">En vedette pour le mois de mai 2025: <br>Avec et sans masque<\/h2>\t\t\t\t<\/div>\n\t\t\t\t<div class=\"elementor-element elementor-element-a313938 elementor-widget elementor-widget-text-editor\" data-id=\"a313938\" data-element_type=\"widget\" data-e-type=\"widget\" data-widget_type=\"text-editor.default\">\n\t\t\t\t\t\t\t\t\t<p>La semaine de la sant\u00e9 mentale a lieu du 5 au 11 mai 2025. C\u2019est l\u2019occasion de donner la priorit\u00e9 au bien-\u00eatre des \u00e9ducateurs et du personnel scolaire. Le th\u00e8me de cette ann\u00e9e, \u00ab\u202fAvec et sans masque\u202f\u00bb, trouve un \u00e9cho profond dans l\u2019environnement scolaire, o\u00f9 les personnes masquent souvent leurs difficult\u00e9s \u00e0 r\u00e9pondre aux attentes ou \u00e0 s\u2019int\u00e9grer. En levant le masque sur la stigmatisation et en encourageant des conversations sinc\u00e8res, les \u00e9coles peuvent devenir un environnement s\u00e9curitaire o\u00f9 la sant\u00e9 mentale est reconnue et d\u00e9fendue. Le personnel scolaire joue un r\u00f4le essentiel dans la cr\u00e9ation d\u2019une culture de compr\u00e9hension qui donne aux \u00e9l\u00e8ves les moyens de s\u2019exprimer librement et de demander de l\u2019aide quand ils en ont besoin. Ensemble, sensibilisons le monde \u00e0 la sant\u00e9 mentale et d\u00e9veloppons des communaut\u00e9s scolaires r\u00e9silientes.<\/p><p><br><\/p>\n<p><strong>Pourquoi nous portons des masques<\/strong><\/p><p><strong><br><\/strong><\/p>\n<ul>\n<li><strong>Camouflage<\/strong>: Ils nous aident \u00e0 dissimuler nos \u00e9motions, nos points vuln\u00e9rables ou certains aspects de notre identit\u00e9 afin d\u2019\u00e9viter le jugement et la discrimination.<\/li>\n<\/ul>\n<ul>\n<li><strong>Adaptation<\/strong>: Les masques nous permettent de nous adapter aux normes ou aux attentes de la soci\u00e9t\u00e9, souvent comme m\u00e9canisme de survie.<\/li>\n<\/ul>\n<p><strong>Les effets des masques<\/strong><\/p><p><strong><br><\/strong><\/p>\n<ul>\n<li><strong>Construction d\u2019une barri\u00e8re<\/strong>: Ils cr\u00e9ent une limite physique ou \u00e9motionnelle entre la personne et le reste du monde, ce qui l\u2019isole davantage.<\/li>\n<\/ul>\n<ul>\n<li><strong>Transformation<\/strong>: Les masques peuvent modifier les apparences, ce qui permet aux gens de s\u2019attribuer un nouveau r\u00f4le ou une nouvelle personnalit\u00e9. Porter un masque, c\u2019est pr\u00e9senter une image id\u00e9alis\u00e9e de soi sur les plateformes de m\u00e9dias sociaux<\/li>\n<\/ul>\n<ul>\n<li><strong>Pouvoir de se cacher<\/strong>: Les masques permettent de cacher les handicaps invisibles, l\u2019identit\u00e9 de genre ou les caract\u00e9ristiques naturelles comme la neurodivergence.<\/li>\n<\/ul>\n<ul>\n<li><strong>\u00c9puisement professionnel<\/strong>: Maintenir un si haut niveau de mascarade est stressant.<\/li>\n<\/ul>\n<ul>\n<li><strong>Acc\u00e8s restreint au soutien social:&nbsp;<\/strong>Porter un masque nous emp\u00eache d\u2019acc\u00e9der au soutien social ou de recevoir de l\u2019aide. Dire \u00ab\u202fJe vais bien\u202f\u00bb dissuade les autres de nous venir en aide.<\/li>\n<\/ul>\n<ul>\n<li><strong>Protection de la vie priv\u00e9e<\/strong>: Les masques apportent un sentiment de protection en dissimulant des v\u00e9rit\u00e9s personnelles.<\/li>\n<\/ul>\n<p><strong>Ce qui n\u2019est pas consid\u00e9r\u00e9 un masque<\/strong><\/p><p><strong><br><\/strong><\/p>\n<p><strong>Le professionnalisme et la politesse<\/strong>&nbsp;ne sont pas des types de masques, car ils servent d\u2019outils pour une communication efficace, un respect mutuel et une collaboration, plut\u00f4t que de dissimuler l\u2019identit\u00e9 d\u2019une personne et ses \u00e9motions. Voici pourquoi:<\/p><p><br><\/p>\n<ol>\n<li><strong>Les fondations du respect<\/strong>: Le professionnalisme et la politesse refl\u00e8tent un effort visant \u00e0 montrer notre respect envers nos coll\u00e8gues, notre client\u00e8le et notre milieu de travail. Il s\u2019agit de favoriser l\u2019harmonie et la compr\u00e9hension et non de dissimuler qui nous sommes.<\/li>\n<li><strong>La communication claire<\/strong>: Les dialogues constructifs reposent sur ces attitudes. \u00catre poli ne signifie pas n\u00e9cessairement que nous r\u00e9primons nos opinions; il s\u2019agit plut\u00f4t de les exprimer de mani\u00e8re \u00e0 encourager les autres \u00e0 y contribuer.<\/li>\n<li><strong>L\u2019adaptabilit\u00e9, pas le camouflage<\/strong>: Le professionnalisme implique de nous adapter au contexte du milieu de travail tout en restant authentiques. Il s\u2019agit de nous entendre sur des objectifs partag\u00e9s sans toutefois pr\u00e9tendre \u00eatre quelqu\u2019un d\u2019autre.<\/li>\n<li><strong>L\u2019empathie et l\u2019intelligence \u00e9motionnelle<\/strong>: La politesse d\u00e9coule souvent de l\u2019empathie, c\u2019est-\u00e0-dire du fait d\u2019\u00eatre attentif aux sentiments et aux besoins des autres. Cette approche encourage la relation plut\u00f4t que le d\u00e9tachement.<\/li>\n<\/ol>\n<p>Alors que porter un masque implique de dissimuler nos \u00e9motions ou notre identit\u00e9 par peur ou par pression, le professionnalisme et la politesse sont des pratiques intentionnelles pour b\u00e2tir la confiance, am\u00e9liorer les relations en milieu de travail et cr\u00e9er un environnement inclusif o\u00f9 les gens peuvent s\u2019\u00e9panouir.<\/p><p><br><\/p>\n<p><strong>Enlever notre masque<\/strong>&nbsp;est une \u00e9tape essentielle vers l\u2019authenticit\u00e9, la relation et la croissance. Voici pourquoi c\u2019est important:<\/p><p><br><\/p>\n<ol>\n<li><strong>B\u00e2tir des relations solides<\/strong>: Sans masque, nous laissons les autres nous voir vraiment. Cela cr\u00e9e des relations plus profondes et plus authentiques bas\u00e9es sur la confiance et la compr\u00e9hension.<\/li>\n<li><strong>D\u00e9stigmatiser la sant\u00e9 mentale et sensibiliser \u00e0 la cause<\/strong>: Enlever notre masque contribue \u00e0 \u00e9liminer la stigmatisation qui entoure la sant\u00e9 mentale en encourageant des discussions sinc\u00e8res et en favorisant des environnements dans lesquels les personnes se sentent en s\u00e9curit\u00e9.<\/li>\n<li><strong>\u00catre valoris\u00e9 gr\u00e2ce \u00e0 notre vuln\u00e9rabilit\u00e9<\/strong>: R\u00e9v\u00e9ler nos difficult\u00e9s et nos \u00e9motions peut \u00eatre valorisant, car nous faisons preuve de force en montrant notre honn\u00eatet\u00e9 et notre sinc\u00e9rit\u00e9. Cela peut inspirer les autres \u00e0 en faire de m\u00eame.<\/li>\n<li><strong>Cr\u00e9er des espaces inclusifs<\/strong>: Dans les \u00e9coles, les milieux de travail et les communaut\u00e9s, le d\u00e9masquage contribue \u00e0 cr\u00e9er des environnements o\u00f9 chaque personne se sent accept\u00e9e pour qui elle est vraiment.<\/li>\n<\/ol>\n<p><strong>Enlever notre masque<\/strong>&nbsp;, ce n\u2019est pas seulement r\u00e9v\u00e9ler nos difficult\u00e9s; il s\u2019agit d\u2019embrasser pleinement tous les aspects de notre identit\u00e9 et de nos exp\u00e9riences, et les personnes que nous sommes. C\u2019est paver la voie vers la croissance personnelle et la compassion collective. Le d\u00e9masquage est une d\u00e9cision d\u2019embrasser l\u2019authenticit\u00e9 et de se connecter avec les autres \u00e0 un niveau plus profond.<\/p>\n<p>Bien qu\u2019il puisse \u00eatre intimidant d\u2019\u00e9liminer les barri\u00e8res qui nous prot\u00e8gent, c\u2019est en les faisant tomber que nous commen\u00e7ons \u00e0 gu\u00e9rir, \u00e0 grandir et \u00e0 nous \u00e9panouir. En favorisant des environnements qui reconnaissent la vuln\u00e9rabilit\u00e9 et l\u2019empathie, nous pouvons lutter contre la stigmatisation, c\u00e9l\u00e9brer l\u2019individualit\u00e9 et b\u00e2tir des communaut\u00e9s plus fortes et plus compatissantes.<\/p>\n<p>La semaine de la sant\u00e9 mentale nous met au d\u00e9fi de nous engager \u00e0 faire tomber les masques, non seulement sur nos propres v\u00e9rit\u00e9s, mais aussi sur le jugement et la peur qui maintiennent souvent les autres dans l\u2019ombre. Ensemble, nous pouvons cr\u00e9er un monde o\u00f9 chaque personne est vue, valoris\u00e9e et comprise.<\/p><p><br><\/p>\n<p>Ressources:<\/p>\n<p><a href=\"https:\/\/cmha.ca\/mental-health-week\/\" target=\"_blank\" rel=\"noopener\">https:\/\/cmha.ca\/mental-health-week\/<\/a><\/p>\n<p><a href=\"http:\/\/mentalhealthcommission.ca\" target=\"_blank\" rel=\"noopener\">mentalhealthcommission.ca<\/a><\/p>\t\t\t\t\t\t\t\t<\/div>\n\t\t\t\t\t<\/div>\n\t\t<\/div>\n\t\t\t\t\t<\/div>\n\t\t<\/section>\n\t\t\t\t<\/div>","protected":false},"excerpt":{"rendered":"<p>May Spotlight 2025: Masking\/Unmasking May Spotlight 2025: Masking\/Unmasking May is Mental Health Awareness Week -May 05\/2025-May May 11\/205. This is a time to prioritize the well-being for educators, and staff. This year\u2019s theme, &#8220;Masking and Unmasking,&#8221; resonates deeply within the school environment, where individuals often mask their struggles to meet expectations or fit in. By [&hellip;]<\/p>\n","protected":false},"author":12,"featured_media":0,"parent":0,"menu_order":0,"comment_status":"closed","ping_status":"closed","template":"","meta":{"site-sidebar-layout":"no-sidebar","site-content-layout":"page-builder","ast-site-content-layout":"default","site-content-style":"default","site-sidebar-style":"default","ast-global-header-display":"","ast-banner-title-visibility":"","ast-main-header-display":"","ast-hfb-above-header-display":"","ast-hfb-below-header-display":"","ast-hfb-mobile-header-display":"","site-post-title":"disabled","ast-breadcrumbs-content":"","ast-featured-img":"disabled","footer-sml-layout":"","ast-disable-related-posts":"","theme-transparent-header-meta":"","adv-header-id-meta":"","stick-header-meta":"","header-above-stick-meta":"","header-main-stick-meta":"","header-below-stick-meta":"","astra-migrate-meta-layouts":"default","ast-page-background-enabled":"default","ast-page-background-meta":{"desktop":{"background-color":"var(--ast-global-color-4)","background-image":"","background-repeat":"repeat","background-position":"center center","background-size":"auto","background-attachment":"scroll","background-type":"","background-media":"","overlay-type":"","overlay-color":"","overlay-opacity":"","overlay-gradient":""},"tablet":{"background-color":"","background-image":"","background-repeat":"repeat","background-position":"center center","background-size":"auto","background-attachment":"scroll","background-type":"","background-media":"","overlay-type":"","overlay-color":"","overlay-opacity":"","overlay-gradient":""},"mobile":{"background-color":"","background-image":"","background-repeat":"repeat","background-position":"center center","background-size":"auto","background-attachment":"scroll","background-type":"","background-media":"","overlay-type":"","overlay-color":"","overlay-opacity":"","overlay-gradient":""}},"ast-content-background-meta":{"desktop":{"background-color":"var(--ast-global-color-5)","background-image":"","background-repeat":"repeat","background-position":"center center","background-size":"auto","background-attachment":"scroll","background-type":"","background-media":"","overlay-type":"","overlay-color":"","overlay-opacity":"","overlay-gradient":""},"tablet":{"background-color":"var(--ast-global-color-5)","background-image":"","background-repeat":"repeat","background-position":"center center","background-size":"auto","background-attachment":"scroll","background-type":"","background-media":"","overlay-type":"","overlay-color":"","overlay-opacity":"","overlay-gradient":""},"mobile":{"background-color":"var(--ast-global-color-5)","background-image":"","background-repeat":"repeat","background-position":"center center","background-size":"auto","background-attachment":"scroll","background-type":"","background-media":"","overlay-type":"","overlay-color":"","overlay-opacity":"","overlay-gradient":""}},"footnotes":""},"class_list":["post-12136","page","type-page","status-publish","hentry"],"_links":{"self":[{"href":"https:\/\/careforallineducation.com\/fr\/wp-json\/wp\/v2\/pages\/12136","targetHints":{"allow":["GET"]}}],"collection":[{"href":"https:\/\/careforallineducation.com\/fr\/wp-json\/wp\/v2\/pages"}],"about":[{"href":"https:\/\/careforallineducation.com\/fr\/wp-json\/wp\/v2\/types\/page"}],"author":[{"embeddable":true,"href":"https:\/\/careforallineducation.com\/fr\/wp-json\/wp\/v2\/users\/12"}],"replies":[{"embeddable":true,"href":"https:\/\/careforallineducation.com\/fr\/wp-json\/wp\/v2\/comments?post=12136"}],"version-history":[{"count":16,"href":"https:\/\/careforallineducation.com\/fr\/wp-json\/wp\/v2\/pages\/12136\/revisions"}],"predecessor-version":[{"id":12157,"href":"https:\/\/careforallineducation.com\/fr\/wp-json\/wp\/v2\/pages\/12136\/revisions\/12157"}],"wp:attachment":[{"href":"https:\/\/careforallineducation.com\/fr\/wp-json\/wp\/v2\/media?parent=12136"}],"curies":[{"name":"wp","href":"https:\/\/api.w.org\/{rel}","templated":true}]}}