{"id":1241,"date":"2020-05-08T22:47:40","date_gmt":"2020-05-08T22:47:40","guid":{"rendered":"https:\/\/careforallineducation.com\/?page_id=1241"},"modified":"2022-06-21T08:00:14","modified_gmt":"2022-06-21T13:00:14","slug":"about","status":"publish","type":"page","link":"https:\/\/careforallineducation.com\/fr\/about\/","title":{"rendered":"\u00c0 propos de nous"},"content":{"rendered":"<div data-elementor-type=\"wp-page\" data-elementor-id=\"1241\" class=\"elementor elementor-1241\" data-elementor-post-type=\"page\">\n\t\t\t\t\t\t<section class=\"elementor-section elementor-top-section elementor-element elementor-element-80ebf5b elementor-section-boxed elementor-section-height-default elementor-section-height-default\" data-id=\"80ebf5b\" data-element_type=\"section\" data-e-type=\"section\">\n\t\t\t\t\t\t<div class=\"elementor-container elementor-column-gap-wider\">\n\t\t\t\t\t<div class=\"elementor-column elementor-col-100 elementor-top-column elementor-element elementor-element-cc6ce20\" data-id=\"cc6ce20\" data-element_type=\"column\" data-e-type=\"column\">\n\t\t\t<div class=\"elementor-widget-wrap elementor-element-populated\">\n\t\t\t\t\t\t<div class=\"elementor-element elementor-element-0193009 elementor-widget elementor-widget-heading\" data-id=\"0193009\" data-element_type=\"widget\" data-e-type=\"widget\" data-widget_type=\"heading.default\">\n\t\t\t\t\t<h1 class=\"elementor-heading-title elementor-size-default\">L\u2019initiative Des soins en \u00e9ducation pour tous \n<\/h1>\t\t\t\t<\/div>\n\t\t\t\t<div class=\"elementor-element elementor-element-5e68a46 elementor-widget elementor-widget-video\" data-id=\"5e68a46\" data-element_type=\"widget\" data-e-type=\"widget\" data-settings=\"{&quot;youtube_url&quot;:&quot;https:\\\/\\\/youtu.be\\\/u_vHTh0eTR8&quot;,&quot;video_type&quot;:&quot;youtube&quot;,&quot;controls&quot;:&quot;yes&quot;}\" data-widget_type=\"video.default\">\n\t\t\t\t\t\t\t<div class=\"elementor-wrapper elementor-open-inline\">\n\t\t\t<div class=\"elementor-video\"><\/div>\t\t<\/div>\n\t\t\t\t\t\t<\/div>\n\t\t\t\t<section class=\"elementor-section elementor-inner-section elementor-element elementor-element-e423f3e elementor-section-boxed elementor-section-height-default elementor-section-height-default\" data-id=\"e423f3e\" data-element_type=\"section\" data-e-type=\"section\">\n\t\t\t\t\t\t<div class=\"elementor-container elementor-column-gap-default\">\n\t\t\t\t\t<div class=\"elementor-column elementor-col-66 elementor-inner-column elementor-element elementor-element-fdcfea8\" data-id=\"fdcfea8\" data-element_type=\"column\" data-e-type=\"column\">\n\t\t\t<div class=\"elementor-widget-wrap elementor-element-populated\">\n\t\t\t\t\t\t<div class=\"elementor-element elementor-element-7f4b056 elementor-widget elementor-widget-text-editor\" data-id=\"7f4b056\" data-element_type=\"widget\" data-e-type=\"widget\" data-widget_type=\"text-editor.default\">\n\t\t\t\t\t\t\t\t\t<p>Au cours des deux derni\u00e8res ann\u00e9es de la pand\u00e9mie, notre personnel enseignant s\u2019est acharn\u00e9 \u00e0 relever le d\u00e9fi de continuer de fournir des services de premi\u00e8re ligne essentiels et d\u2019appuyer le succ\u00e8s scolaire des \u00e9l\u00e8ves du Manitoba. Les pressions accrues, les exigences de la distanciation physique et le stress et l\u2019anxi\u00e9t\u00e9 li\u00e9s \u00e0 la gestion de la crise sanitaire \u00e0 l\u2019\u00e9chelle mondiale ont amen\u00e9 plusieurs membres du personnel enseignant \u00e0 atteindre ou \u00e0 s\u2019approcher de l\u2019\u00e9puisement mental et \u00e9motionnel.<\/p>\t\t\t\t\t\t\t\t<\/div>\n\t\t\t\t\t<\/div>\n\t\t<\/div>\n\t\t\t\t<div class=\"elementor-column elementor-col-33 elementor-inner-column elementor-element elementor-element-b1b7a15\" data-id=\"b1b7a15\" data-element_type=\"column\" data-e-type=\"column\">\n\t\t\t<div class=\"elementor-widget-wrap elementor-element-populated\">\n\t\t\t\t\t\t<div class=\"elementor-element elementor-element-9661d41 elementor-widget elementor-widget-image\" data-id=\"9661d41\" data-element_type=\"widget\" data-e-type=\"widget\" data-widget_type=\"image.default\">\n\t\t\t\t\t\t\t\t\t\t\t\t\t\t\t\t<a href=\"\/fr\/\">\n\t\t\t\t\t\t\t<img decoding=\"async\" width=\"500\" height=\"46\" src=\"https:\/\/careforallineducation.com\/wp-content\/uploads\/2021\/10\/cropped-Care-1-1.png\" class=\"attachment-large size-large wp-image-2457\" alt=\"\" srcset=\"https:\/\/careforallineducation.com\/wp-content\/uploads\/2021\/10\/cropped-Care-1-1.png 500w, https:\/\/careforallineducation.com\/wp-content\/uploads\/2021\/10\/cropped-Care-1-1-300x28.png 300w, https:\/\/careforallineducation.com\/wp-content\/uploads\/2021\/10\/cropped-Care-1-1-205x19.png 205w\" sizes=\"(max-width: 500px) 100vw, 500px\" \/>\t\t\t\t\t\t\t\t<\/a>\n\t\t\t\t\t\t\t\t\t\t\t\t\t\t\t<\/div>\n\t\t\t\t\t<\/div>\n\t\t<\/div>\n\t\t\t\t\t<\/div>\n\t\t<\/section>\n\t\t\t\t<section class=\"elementor-section elementor-inner-section elementor-element elementor-element-327f19c elementor-section-boxed elementor-section-height-default elementor-section-height-default\" data-id=\"327f19c\" data-element_type=\"section\" data-e-type=\"section\">\n\t\t\t\t\t\t<div class=\"elementor-container elementor-column-gap-default\">\n\t\t\t\t\t<div class=\"elementor-column elementor-col-66 elementor-inner-column elementor-element elementor-element-19a9765\" data-id=\"19a9765\" data-element_type=\"column\" data-e-type=\"column\">\n\t\t\t<div class=\"elementor-widget-wrap elementor-element-populated\">\n\t\t\t\t\t\t<div class=\"elementor-element elementor-element-d85aea3 elementor-widget elementor-widget-text-editor\" data-id=\"d85aea3\" data-element_type=\"widget\" data-e-type=\"widget\" data-widget_type=\"text-editor.default\">\n\t\t\t\t\t\t\t\t\t<p>Pour cette raison, <a href=\"https:\/\/cmha.ca\/fr\/\">l'Associations canadiennes pour la sant\u00e9 mentale \u2013 Manitoba et Winnipeg<\/a>, avec l\u2019appui financier de la province du Manitoba, a cr\u00e9\u00e9 l\u2019initiative Des soins en \u00e9ducation pour tous, qui propose une ressource num\u00e9rique en sant\u00e9 mentale et en bien-\u00eatre ainsi qu\u2019une \u00e9quipe d\u00e9vou\u00e9e de <a href=\"\/fr\/caretospeak\/care-to-speak-peer-support-team\/\">sp\u00e9cialistes de soutien au bien-\u00eatre<\/a>\u00a0pour vous aider \u00e0 acc\u00e9der aux programmes et aux services dont vous avez besoin.<\/p>\t\t\t\t\t\t\t\t<\/div>\n\t\t\t\t\t<\/div>\n\t\t<\/div>\n\t\t\t\t<div class=\"elementor-column elementor-col-33 elementor-inner-column elementor-element elementor-element-0b5ab06\" data-id=\"0b5ab06\" data-element_type=\"column\" data-e-type=\"column\">\n\t\t\t<div class=\"elementor-widget-wrap elementor-element-populated\">\n\t\t\t\t\t\t<div class=\"elementor-element elementor-element-e361dba elementor-widget elementor-widget-image\" data-id=\"e361dba\" data-element_type=\"widget\" data-e-type=\"widget\" data-widget_type=\"image.default\">\n\t\t\t\t\t\t\t\t\t\t\t\t\t\t\t\t<a href=\"https:\/\/cmha.ca\/fr\/\">\n\t\t\t\t\t\t\t<img decoding=\"async\" width=\"220\" height=\"66\" src=\"https:\/\/careforallineducation.com\/wp-content\/uploads\/2021\/10\/cmhalogo-en.png\" class=\"attachment-large size-large wp-image-2942\" alt=\"\" \/>\t\t\t\t\t\t\t\t<\/a>\n\t\t\t\t\t\t\t\t\t\t\t\t\t\t\t<\/div>\n\t\t\t\t\t<\/div>\n\t\t<\/div>\n\t\t\t\t\t<\/div>\n\t\t<\/section>\n\t\t\t\t<div class=\"elementor-element elementor-element-0002ef1 elementor-widget elementor-widget-text-editor\" data-id=\"0002ef1\" data-element_type=\"widget\" data-e-type=\"widget\" data-widget_type=\"text-editor.default\">\n\t\t\t\t\t\t\t\t\t<p>N\u2019h\u00e9sitez pas, en parcourant ce site, \u00e0 communiquer avec votre \u00e9quipe de soutien au bien-\u00eatre qui est dispos\u00e9e \u00e0 vous accompagner tout au long de votre parcours de sant\u00e9 mentale, de bien-\u00eatre et de r\u00e9tablissement. Nous prenons soin de TOUS les membres de notre personnel enseignant qui travaillent assid\u00fbment en cette p\u00e9riode sans pr\u00e9c\u00e9dent de pressions individuelles, professionnelles et sociales. Permettez-nous de vous aider \u00e0 trouver les soins dont vous avez besoin. Communiquez avez nous par t\u00e9l\u00e9phone au <a href=\"tel:+18776021660\">1-877-602-1660<\/a> ou par courriel \u00e0 <a href=\"mailto:info@careforallineducation.com\">info@careforallineducation.com<\/a><\/p>\t\t\t\t\t\t\t\t<\/div>\n\t\t\t\t\t<\/div>\n\t\t<\/div>\n\t\t\t\t\t<\/div>\n\t\t<\/section>\n\t\t\t\t<section class=\"elementor-section elementor-top-section elementor-element elementor-element-da9b6fa elementor-hidden-desktop elementor-hidden-tablet elementor-hidden-mobile elementor-section-boxed elementor-section-height-default elementor-section-height-default\" data-id=\"da9b6fa\" data-element_type=\"section\" data-e-type=\"section\">\n\t\t\t\t\t\t<div class=\"elementor-container elementor-column-gap-wider\">\n\t\t\t\t\t<div class=\"elementor-column elementor-col-100 elementor-top-column elementor-element elementor-element-17a0e6d\" data-id=\"17a0e6d\" data-element_type=\"column\" data-e-type=\"column\">\n\t\t\t<div class=\"elementor-widget-wrap elementor-element-populated\">\n\t\t\t\t\t\t<div class=\"elementor-element elementor-element-31ae7df elementor-widget elementor-widget-heading\" data-id=\"31ae7df\" data-element_type=\"widget\" data-e-type=\"widget\" data-widget_type=\"heading.default\">\n\t\t\t\t\t<h1 class=\"elementor-heading-title elementor-size-default\">Faites-nous part de vos opinions sur le site Web Des soins en \u00e9ducation pour tous!\n<\/h1>\t\t\t\t<\/div>\n\t\t\t\t<div class=\"elementor-element elementor-element-42bbbe1 elementor-widget elementor-widget-text-editor\" data-id=\"42bbbe1\" data-element_type=\"widget\" data-e-type=\"widget\" data-widget_type=\"text-editor.default\">\n\t\t\t\t\t\t\t\t\t<p>L\u2019ACSM travaille avec des chercheurs de l\u2019Universit\u00e9 de Winnipeg (U de W) qui suivent les d\u00e9veloppements en mati\u00e8re de r\u00e9silience et de r\u00e9tablissement chez les personnes qui \u0153uvrent dans le secteur de l\u2019\u00e9ducation au Manitoba. L\u2019\u00e9quipe de l\u2019universit\u00e9 recueille des <em><strong>sondages en ligne anonymes de 12 \u00e0 15 minutes<\/strong><\/em>, aupr\u00e8s des employ\u00e9s du secteur de l\u2019\u00e9ducation qui se pr\u00e9valent des services de l\u2019ACSM (site Web, sp\u00e9cialistes de soutien au bien-\u00eatre ou programmes).<\/p>\t\t\t\t\t\t\t\t<\/div>\n\t\t\t\t<div class=\"elementor-element elementor-element-7ef656a elementor-widget elementor-widget-text-editor\" data-id=\"7ef656a\" data-element_type=\"widget\" data-e-type=\"widget\" data-widget_type=\"text-editor.default\">\n\t\t\t\t\t\t\t\t\t<p><strong>Les participants au sondage courent la chance de gagner trois prix de 100 $.<\/strong> \u00a0Si vous souhaitez participer au tirage, vous trouverez de plus amples renseignements et le sondage en ligne anonyme (disponible en anglais seulement) <a href=\"https:\/\/www.surveymonkey.com\/r\/NCR67P9\">ici<\/a>.<\/p>\t\t\t\t\t\t\t\t<\/div>\n\t\t\t\t<div class=\"elementor-element elementor-element-596bf0e elementor-widget elementor-widget-text-editor\" data-id=\"596bf0e\" data-element_type=\"widget\" data-e-type=\"widget\" data-widget_type=\"text-editor.default\">\n\t\t\t\t\t\t\t\t\t<p>Veuillez faire parvenir vos questions par courriel \u00e0 la chercheuse principale Laura Sokal \u00e0 <a href=\"mailto:lj.sokal@uwinnipeg.ca\">lj.sokal@uwinnipeg.ca<\/a> ou \u00e0 l\u2019adjointe principale \u00e0 la recherche Alina Wilson \u00e0 <a href=\"mailto:Alina.cov7@gmail.com\">Alina.cov7@gmail.com<\/a>.<\/p>\t\t\t\t\t\t\t\t<\/div>\n\t\t\t\t<div class=\"elementor-element elementor-element-d233e72 elementor-widget elementor-widget-text-editor\" data-id=\"d233e72\" data-element_type=\"widget\" data-e-type=\"widget\" data-widget_type=\"text-editor.default\">\n\t\t\t\t\t\t\t\t\t<p>La participation est facultative et l\u2019acc\u00e8s aux services de l\u2019ACSM n\u2019est pas li\u00e9 \u00e0 votre d\u00e9cision de participer ou non \u00e0 la recherche de l\u2019U de W.<\/p>\t\t\t\t\t\t\t\t<\/div>\n\t\t\t\t\t<\/div>\n\t\t<\/div>\n\t\t\t\t\t<\/div>\n\t\t<\/section>\n\t\t\t\t<\/div>","protected":false},"excerpt":{"rendered":"<p>The Care for All in Education Initiative https:\/\/youtu.be\/u_vHTh0eTR8 Our educational workforce have been struggling for over two years with the challenge of continuing to provide vital front-line services during the pandemic while supporting the educational success of Manitoban students. Increased pressures, physical distancing requirements and the stress and anxiety of dealing with a worldwide health [&hellip;]<\/p>\n","protected":false},"author":13,"featured_media":0,"parent":0,"menu_order":0,"comment_status":"closed","ping_status":"closed","template":"elementor_header_footer","meta":{"site-sidebar-layout":"default","site-content-layout":"","ast-site-content-layout":"default","site-content-style":"default","site-sidebar-style":"default","ast-global-header-display":"","ast-banner-title-visibility":"","ast-main-header-display":"","ast-hfb-above-header-display":"","ast-hfb-below-header-display":"","ast-hfb-mobile-header-display":"","site-post-title":"","ast-breadcrumbs-content":"","ast-featured-img":"","footer-sml-layout":"","ast-disable-related-posts":"","theme-transparent-header-meta":"","adv-header-id-meta":"","stick-header-meta":"","header-above-stick-meta":"","header-main-stick-meta":"","header-below-stick-meta":"","astra-migrate-meta-layouts":"default","ast-page-background-enabled":"default","ast-page-background-meta":{"desktop":{"background-color":"var(--ast-global-color-4)","background-image":"","background-repeat":"repeat","background-position":"center center","background-size":"auto","background-attachment":"scroll","background-type":"","background-media":"","overlay-type":"","overlay-color":"","overlay-opacity":"","overlay-gradient":""},"tablet":{"background-color":"","background-image":"","background-repeat":"repeat","background-position":"center center","background-size":"auto","background-attachment":"scroll","background-type":"","background-media":"","overlay-type":"","overlay-color":"","overlay-opacity":"","overlay-gradient":""},"mobile":{"background-color":"","background-image":"","background-repeat":"repeat","background-position":"center center","background-size":"auto","background-attachment":"scroll","background-type":"","background-media":"","overlay-type":"","overlay-color":"","overlay-opacity":"","overlay-gradient":""}},"ast-content-background-meta":{"desktop":{"background-color":"var(--ast-global-color-5)","background-image":"","background-repeat":"repeat","background-position":"center center","background-size":"auto","background-attachment":"scroll","background-type":"","background-media":"","overlay-type":"","overlay-color":"","overlay-opacity":"","overlay-gradient":""},"tablet":{"background-color":"var(--ast-global-color-5)","background-image":"","background-repeat":"repeat","background-position":"center center","background-size":"auto","background-attachment":"scroll","background-type":"","background-media":"","overlay-type":"","overlay-color":"","overlay-opacity":"","overlay-gradient":""},"mobile":{"background-color":"var(--ast-global-color-5)","background-image":"","background-repeat":"repeat","background-position":"center center","background-size":"auto","background-attachment":"scroll","background-type":"","background-media":"","overlay-type":"","overlay-color":"","overlay-opacity":"","overlay-gradient":""}},"footnotes":""},"class_list":["post-1241","page","type-page","status-publish","hentry"],"_links":{"self":[{"href":"https:\/\/careforallineducation.com\/fr\/wp-json\/wp\/v2\/pages\/1241","targetHints":{"allow":["GET"]}}],"collection":[{"href":"https:\/\/careforallineducation.com\/fr\/wp-json\/wp\/v2\/pages"}],"about":[{"href":"https:\/\/careforallineducation.com\/fr\/wp-json\/wp\/v2\/types\/page"}],"author":[{"embeddable":true,"href":"https:\/\/careforallineducation.com\/fr\/wp-json\/wp\/v2\/users\/13"}],"replies":[{"embeddable":true,"href":"https:\/\/careforallineducation.com\/fr\/wp-json\/wp\/v2\/comments?post=1241"}],"version-history":[{"count":60,"href":"https:\/\/careforallineducation.com\/fr\/wp-json\/wp\/v2\/pages\/1241\/revisions"}],"predecessor-version":[{"id":5261,"href":"https:\/\/careforallineducation.com\/fr\/wp-json\/wp\/v2\/pages\/1241\/revisions\/5261"}],"wp:attachment":[{"href":"https:\/\/careforallineducation.com\/fr\/wp-json\/wp\/v2\/media?parent=1241"}],"curies":[{"name":"wp","href":"https:\/\/api.w.org\/{rel}","templated":true}]}}