{"id":12696,"date":"2025-06-02T00:45:36","date_gmt":"2025-06-02T05:45:36","guid":{"rendered":"https:\/\/careforallineducation.com\/?page_id=12696"},"modified":"2025-06-02T00:55:36","modified_gmt":"2025-06-02T05:55:36","slug":"june-spotlight-reflect-recharge-and-reset","status":"publish","type":"page","link":"https:\/\/careforallineducation.com\/fr\/june-spotlight-reflect-recharge-and-reset\/","title":{"rendered":"June Spotlight Reflect, Recharge, and Reset\u00a0"},"content":{"rendered":"<div data-elementor-type=\"wp-page\" data-elementor-id=\"12696\" class=\"elementor elementor-12696\" data-elementor-post-type=\"page\">\n\t\t\t\t\t\t<section class=\"elementor-section elementor-top-section elementor-element elementor-element-66eb2f5 elementor-section-height-min-height elementor-section-items-top elementor-section-boxed elementor-section-height-default\" data-id=\"66eb2f5\" data-element_type=\"section\" data-e-type=\"section\" data-settings=\"{&quot;background_background&quot;:&quot;classic&quot;}\">\n\t\t\t\t\t\t<div class=\"elementor-container elementor-column-gap-default\">\n\t\t\t\t\t<div class=\"elementor-column elementor-col-100 elementor-top-column elementor-element elementor-element-e6de384\" data-id=\"e6de384\" data-element_type=\"column\" data-e-type=\"column\">\n\t\t\t<div class=\"elementor-widget-wrap elementor-element-populated\">\n\t\t\t\t\t\t<div class=\"elementor-element elementor-element-6df28fd elementor-widget__width-auto elementor-widget elementor-widget-heading\" data-id=\"6df28fd\" data-element_type=\"widget\" data-e-type=\"widget\" data-widget_type=\"heading.default\">\n\t\t\t\t\t<h2 class=\"elementor-heading-title elementor-size-default\">Pleins feux sur le mois de juin<br>\nR\u00e9fl\u00e9chir, se ressourcer et se restaurer\u00a0<\/h2>\t\t\t\t<\/div>\n\t\t\t\t\t<\/div>\n\t\t<\/div>\n\t\t\t\t\t<\/div>\n\t\t<\/section>\n\t\t\t\t<section class=\"elementor-section elementor-top-section elementor-element elementor-element-9fda872 elementor-section-boxed elementor-section-height-default elementor-section-height-default\" data-id=\"9fda872\" data-element_type=\"section\" data-e-type=\"section\">\n\t\t\t\t\t\t<div class=\"elementor-container elementor-column-gap-wide\">\n\t\t\t\t\t<div class=\"elementor-column elementor-col-100 elementor-top-column elementor-element elementor-element-71e7b51\" data-id=\"71e7b51\" data-element_type=\"column\" data-e-type=\"column\">\n\t\t\t<div class=\"elementor-widget-wrap elementor-element-populated\">\n\t\t\t\t\t\t<div class=\"elementor-element elementor-element-8f063ec elementor-widget elementor-widget-heading\" data-id=\"8f063ec\" data-element_type=\"widget\" data-e-type=\"widget\" data-widget_type=\"heading.default\">\n\t\t\t\t\t<h2 class=\"elementor-heading-title elementor-size-default\">Pleins feux sur le mois de juin <br>R\u00e9fl\u00e9chir, se ressourcer et se restaurer\u00a0<\/h2>\t\t\t\t<\/div>\n\t\t\t\t<div class=\"elementor-element elementor-element-a313938 elementor-widget elementor-widget-text-editor\" data-id=\"a313938\" data-element_type=\"widget\" data-e-type=\"widget\" data-widget_type=\"text-editor.default\">\n\t\t\t\t\t\t\t\t\t<p>Alors que l\u2019ann\u00e9e scolaire touche \u00e0 sa fin,&nbsp;<strong>la sant\u00e9 mentale et le bien-\u00eatre<\/strong>&nbsp;des \u00e9ducateurs et du personnel devraient \u00eatre une priorit\u00e9. La transition entre une ann\u00e9e scolaire bien remplie et la pause estivale est l\u2019occasion id\u00e9ale de&nbsp;<strong>r\u00e9fl\u00e9chir, se ressourcer et se restaurer<\/strong>Voici quelques points essentiels \u00e0 privil\u00e9gier:<\/p><p><br><\/p>\n<ol>\n<li style=\"list-style-type: none;\">\n<ol>\n<li><strong>R\u00e9flexion et bilan<\/strong>\n<ul>\n<li>Reconnaissez les r\u00e9alisations et les d\u00e9fis rencontr\u00e9s au cours de l\u2019ann\u00e9e.<\/li>\n<li>Soulignez les r\u00e9ussites \u2013 les petites comme les grandes \u2013 pour cultiver un sentiment d\u2019accomplissement.<\/li>\n<li>Invitez le personnel \u00e0 partager ce qui a bien fonctionn\u00e9 et ce qui pourrait \u00eatre am\u00e9lior\u00e9.<\/li>\n<\/ul>\n<\/li>\n<li><strong>Gestion du stress et r\u00e9cup\u00e9ration<\/strong>\n<ul>\n<li>Encouragez les pratiques d\u2019autosoins comme la pleine conscience, l\u2019exercice et les techniques de relaxation.<\/li>\n<li>Offrez les ressources pour pr\u00e9venir l\u2019\u00e9puisement professionnel et g\u00e9rer la fatigue \u00e9motionnelle.<\/li>\n<li>Invitez le personnel \u00e0 d\u00e9crocher du travail pour se reposer et se ressourcer pleinement.<\/li>\n<\/ul>\n<\/li>\n<li><strong>Perfectionnement professionnel et planification<\/strong>\n<ul>\n<li>Proposez des ateliers sur les strat\u00e9gies de sant\u00e9 mentale pour les \u00e9ducateurs.<\/li>\n<li>Offrez des possibilit\u00e9s de renforcement des comp\u00e9tences et de perfectionnement en leadership.<\/li>\n<li>Encouragez le personnel \u00e0 se fixer des objectifs personnels et professionnels pour la prochaine ann\u00e9e scolaire.<\/li>\n<\/ul>\n<\/li>\n<li><strong>Collectivit\u00e9 et soutien<\/strong>\n<ul>\n<li>Favorisez les liens au sein du personnel gr\u00e2ce \u00e0 des activit\u00e9s de consolidation d\u2019\u00e9quipe.<\/li>\n<li>Cr\u00e9ez des espaces s\u00e9curitaires pour parler librement de sant\u00e9 mentale.<\/li>\n<li>Assurez l\u2019acc\u00e8s \u00e0 des services de counseling ou de soutien pour ceux qui en ont besoin.<\/li>\n<\/ul>\n<\/li>\n<li><strong>Se pr\u00e9parer pour la prochaine ann\u00e9e<\/strong>\n<ul>\n<li>R\u00e9fl\u00e9chissez sur les initiatives en sant\u00e9 mentale dans toute l\u2019\u00e9cole et adaptez les strat\u00e9gies.<\/li>\n<li>Planifiez une charge de travail \u00e9quilibr\u00e9e et des pratiques d\u2019enseignement durables.<\/li>\n<li>Favorisez la collaboration afin d\u2019instaurer une culture scolaire positive.<\/li>\n<\/ul>\n<\/li>\n<li><strong>Se d\u00e9connecter, se ressourcer et se restaurer<\/strong>\n<ul>\n<li>Profitez pleinement des fins de semaine et des cong\u00e9s pour d\u00e9crocher compl\u00e8tement du travail.<\/li>\n<li>Participez \u00e0 des activit\u00e9s qui vous apportent de la joie et un \u00e9panouissement en dehors du cadre scolaire.<\/li>\n<li>Pr\u00e9voyez des vacances ou du temps pour vous restaurer avant la prochaine ann\u00e9e scolaire<\/li>\n<\/ul>\n<\/li>\n<\/ol>\n<\/li>\n<\/ol>\n<p>Le personnel scolaire donne \u00e9norm\u00e9ment tout au long de l\u2019ann\u00e9e \u2013 c\u2019est le moment de&nbsp;<strong>mettre son bien-\u00eatre au premier plan<\/strong>&nbsp;et de s\u2019assurer d\u2019amorcer la prochaine ann\u00e9e scolaire bien repos\u00e9 et avec le soutien n\u00e9cessaire. Maintenez un&nbsp;<strong>\u00e9quilibre travail-vie personnelle<\/strong>Ce n\u2019est pas toujours facile, mais c\u2019est essentiel pour le bien-\u00eatre \u00e0 long terme.<\/p>\n<p>Voici quelques sources et ressources pour aider le personnel scolaire \u00e0 r\u00e9fl\u00e9chir et se ressourcer:<\/p><p><br><\/p>\n<ol>\n<li style=\"list-style-type: none;\">\n<ul>\n<li><strong>Gestion du temps pour les \u00e9ducateurs<\/strong>:&nbsp;<a href=\"https:\/\/www.educationsupport.org.uk\/resources\/for-individuals\/guides\/time-management-and-wellbeing-at-work\/\">Education Support<\/a>&nbsp;propose des conseils pour \u00e9tablir des priorit\u00e9s, g\u00e9rer la charge de travail et pr\u00e9server le bien-\u00eatre.<\/li>\n<li><strong>Strat\u00e9gies d\u2019autosoins<\/strong>:&nbsp;<a href=\"https:\/\/www.teaching.unsw.edu.au\/time-management-and-strategies-self-care\">Le portail Teaching Gateway de l\u2019UNSW<\/a>&nbsp;offre des pistes pour mieux concilier les exigences professionnelles et le bien-\u00eatre personnel.<\/li>\n<li><strong>L\u2019usure de compassion et autosoins<\/strong>:&nbsp;<a href=\"https:\/\/www.mnase.org\/uploads\/4\/7\/7\/9\/47793163\/mitty_compassion_fatigue_and_staff_self_care__resources_for_leaders_10_25_18_mase__shared_slides_.pdf\">MNASE<\/a>&nbsp;partage des ressources pour aider les membres de la direction \u00e0 soutenir le personnel dans la gestion du stress et de l\u2019\u00e9puisement professionnel.<\/li>\n<\/ul>\n<\/li>\n<\/ol>\t\t\t\t\t\t\t\t<\/div>\n\t\t\t\t\t<\/div>\n\t\t<\/div>\n\t\t\t\t\t<\/div>\n\t\t<\/section>\n\t\t\t\t<\/div>","protected":false},"excerpt":{"rendered":"<p>June Spotlight Reflect, Recharge, and Reset\u00a0 June Spotlight Reflect, Recharge, and Reset\u00a0 As the school year winds down,&nbsp;mental health and well-being&nbsp;for educators and staff should be a priority. The transition from a busy academic year to summer break is an opportunity to&nbsp;reflect, recharge, and reset. Here are key areas to concentrate on: Reflection &amp; Closure [&hellip;]<\/p>\n","protected":false},"author":12,"featured_media":0,"parent":0,"menu_order":0,"comment_status":"closed","ping_status":"closed","template":"","meta":{"site-sidebar-layout":"no-sidebar","site-content-layout":"page-builder","ast-site-content-layout":"default","site-content-style":"default","site-sidebar-style":"default","ast-global-header-display":"","ast-banner-title-visibility":"","ast-main-header-display":"","ast-hfb-above-header-display":"","ast-hfb-below-header-display":"","ast-hfb-mobile-header-display":"","site-post-title":"disabled","ast-breadcrumbs-content":"","ast-featured-img":"disabled","footer-sml-layout":"","ast-disable-related-posts":"","theme-transparent-header-meta":"","adv-header-id-meta":"","stick-header-meta":"","header-above-stick-meta":"","header-main-stick-meta":"","header-below-stick-meta":"","astra-migrate-meta-layouts":"default","ast-page-background-enabled":"default","ast-page-background-meta":{"desktop":{"background-color":"var(--ast-global-color-4)","background-image":"","background-repeat":"repeat","background-position":"center center","background-size":"auto","background-attachment":"scroll","background-type":"","background-media":"","overlay-type":"","overlay-color":"","overlay-opacity":"","overlay-gradient":""},"tablet":{"background-color":"","background-image":"","background-repeat":"repeat","background-position":"center center","background-size":"auto","background-attachment":"scroll","background-type":"","background-media":"","overlay-type":"","overlay-color":"","overlay-opacity":"","overlay-gradient":""},"mobile":{"background-color":"","background-image":"","background-repeat":"repeat","background-position":"center center","background-size":"auto","background-attachment":"scroll","background-type":"","background-media":"","overlay-type":"","overlay-color":"","overlay-opacity":"","overlay-gradient":""}},"ast-content-background-meta":{"desktop":{"background-color":"var(--ast-global-color-5)","background-image":"","background-repeat":"repeat","background-position":"center center","background-size":"auto","background-attachment":"scroll","background-type":"","background-media":"","overlay-type":"","overlay-color":"","overlay-opacity":"","overlay-gradient":""},"tablet":{"background-color":"var(--ast-global-color-5)","background-image":"","background-repeat":"repeat","background-position":"center center","background-size":"auto","background-attachment":"scroll","background-type":"","background-media":"","overlay-type":"","overlay-color":"","overlay-opacity":"","overlay-gradient":""},"mobile":{"background-color":"var(--ast-global-color-5)","background-image":"","background-repeat":"repeat","background-position":"center center","background-size":"auto","background-attachment":"scroll","background-type":"","background-media":"","overlay-type":"","overlay-color":"","overlay-opacity":"","overlay-gradient":""}},"footnotes":""},"class_list":["post-12696","page","type-page","status-publish","hentry"],"_links":{"self":[{"href":"https:\/\/careforallineducation.com\/fr\/wp-json\/wp\/v2\/pages\/12696","targetHints":{"allow":["GET"]}}],"collection":[{"href":"https:\/\/careforallineducation.com\/fr\/wp-json\/wp\/v2\/pages"}],"about":[{"href":"https:\/\/careforallineducation.com\/fr\/wp-json\/wp\/v2\/types\/page"}],"author":[{"embeddable":true,"href":"https:\/\/careforallineducation.com\/fr\/wp-json\/wp\/v2\/users\/12"}],"replies":[{"embeddable":true,"href":"https:\/\/careforallineducation.com\/fr\/wp-json\/wp\/v2\/comments?post=12696"}],"version-history":[{"count":5,"href":"https:\/\/careforallineducation.com\/fr\/wp-json\/wp\/v2\/pages\/12696\/revisions"}],"predecessor-version":[{"id":12720,"href":"https:\/\/careforallineducation.com\/fr\/wp-json\/wp\/v2\/pages\/12696\/revisions\/12720"}],"wp:attachment":[{"href":"https:\/\/careforallineducation.com\/fr\/wp-json\/wp\/v2\/media?parent=12696"}],"curies":[{"name":"wp","href":"https:\/\/api.w.org\/{rel}","templated":true}]}}