{"id":12749,"date":"2025-07-01T00:26:42","date_gmt":"2025-07-01T05:26:42","guid":{"rendered":"https:\/\/careforallineducation.com\/?page_id=12749"},"modified":"2025-07-01T00:59:40","modified_gmt":"2025-07-01T05:59:40","slug":"summer-invitation-july-and-august-spotlight-of-2025","status":"publish","type":"page","link":"https:\/\/careforallineducation.com\/fr\/summer-invitation-july-and-august-spotlight-of-2025\/","title":{"rendered":"Summer Invitation   July and August Spotlight of 2025"},"content":{"rendered":"<div data-elementor-type=\"wp-page\" data-elementor-id=\"12749\" class=\"elementor elementor-12749\" data-elementor-post-type=\"page\">\n\t\t\t\t\t\t<section class=\"elementor-section elementor-top-section elementor-element elementor-element-66eb2f5 elementor-section-height-min-height elementor-section-items-top elementor-section-boxed elementor-section-height-default\" data-id=\"66eb2f5\" data-element_type=\"section\" data-e-type=\"section\" data-settings=\"{&quot;background_background&quot;:&quot;classic&quot;}\">\n\t\t\t\t\t\t<div class=\"elementor-container elementor-column-gap-default\">\n\t\t\t\t\t<div class=\"elementor-column elementor-col-100 elementor-top-column elementor-element elementor-element-e6de384\" data-id=\"e6de384\" data-element_type=\"column\" data-e-type=\"column\">\n\t\t\t<div class=\"elementor-widget-wrap elementor-element-populated\">\n\t\t\t\t\t\t<div class=\"elementor-element elementor-element-6df28fd elementor-widget__width-auto elementor-widget elementor-widget-heading\" data-id=\"6df28fd\" data-element_type=\"widget\" data-e-type=\"widget\" data-widget_type=\"heading.default\">\n\t\t\t\t\t<h2 class=\"elementor-heading-title elementor-size-default\">Invitation estivale\u00a0<br>\nPleins feux sur les mois de juillet et ao\u00fbt 2025<\/h2>\t\t\t\t<\/div>\n\t\t\t\t\t<\/div>\n\t\t<\/div>\n\t\t\t\t\t<\/div>\n\t\t<\/section>\n\t\t\t\t<section class=\"elementor-section elementor-top-section elementor-element elementor-element-9fda872 elementor-section-boxed elementor-section-height-default elementor-section-height-default\" data-id=\"9fda872\" data-element_type=\"section\" data-e-type=\"section\">\n\t\t\t\t\t\t<div class=\"elementor-container elementor-column-gap-wide\">\n\t\t\t\t\t<div class=\"elementor-column elementor-col-100 elementor-top-column elementor-element elementor-element-71e7b51\" data-id=\"71e7b51\" data-element_type=\"column\" data-e-type=\"column\">\n\t\t\t<div class=\"elementor-widget-wrap elementor-element-populated\">\n\t\t\t\t\t\t<div class=\"elementor-element elementor-element-8f063ec elementor-widget elementor-widget-heading\" data-id=\"8f063ec\" data-element_type=\"widget\" data-e-type=\"widget\" data-widget_type=\"heading.default\">\n\t\t\t\t\t<h2 class=\"elementor-heading-title elementor-size-default\">Invitation estivale\u00a0<br>\nPleins feux sur les mois de juillet et ao\u00fbt 2025<\/h2>\t\t\t\t<\/div>\n\t\t\t\t<div class=\"elementor-element elementor-element-a313938 elementor-widget elementor-widget-text-editor\" data-id=\"a313938\" data-element_type=\"widget\" data-e-type=\"widget\" data-widget_type=\"text-editor.default\">\n\t\t\t\t\t\t\t\t\t<h3><strong>R\u00e9fl\u00e9chir, r\u00e9nover, restaurer\u202f: Un rituel d\u2019\u00e9t\u00e9<\/strong><\/h3>\n<div><strong><br><\/strong><\/div>\n<p>Lorsque la derni\u00e8re cloche retentit et que les couloirs se vident, le personnel scolaire se retrouve au seuil de l\u2019\u00e9t\u00e9, qui n\u2019est pas seulement une p\u00e9riode de vacances, mais aussi une porte ouverte vers de nouvelles possibilit\u00e9s. Apr\u00e8s avoir donn\u00e9 le meilleur d\u2019eux-m\u00eames pendant des mois, tant sur le plan mental, \u00e9motionnel que physique, il est maintenant temps de remettre le compteur \u00e0 z\u00e9ro. Cet \u00e9t\u00e9 est une invitation \u00e0 vous ressourcer mentalement.<\/p>\n<p><br><\/p>\n<h3><strong>Pourquoi r\u00e9fl\u00e9chir?<\/strong><\/h3>\n<div><strong><br><\/strong><\/div>\n<p>Cet \u00e9t\u00e9, prenez le temps de r\u00e9fl\u00e9chir non seulement \u00e0 ce qui s\u2019est bien pass\u00e9 ou \u00e0 ce qui pourrait \u00eatre am\u00e9lior\u00e9 l\u2019ann\u00e9e prochaine, mais&nbsp;<em>aussi<\/em>&nbsp;\u00e0 ce que l\u2019ann\u00e9e vous a fait ressentir. Avez-vous v\u00e9cu des moments de d\u00e9fi ou des moments o\u00f9 vous vous \u00eates senti d\u00e9connect\u00e9 de votre objectif?<\/p>\n<p>La tenue d\u2019un journal intime, les notes de service vocales ou les promenades paisibles sont autant d\u2019alli\u00e9s pr\u00e9cieux dans ce voyage int\u00e9rieur. Lorsque nous nommons nos exp\u00e9riences, nous commen\u00e7ons \u00e0 gagner en clart\u00e9 \u2013 et la clart\u00e9 est le premier pas vers le renouveau.<\/p>\n<p><br><\/p>\n<h3><strong>Remettre son esprit \u00e0 neuf<\/strong><\/h3>\n<p><strong><br><\/strong><\/p>\n<p><strong>Adoptez le repos cognitif intelligent<\/strong>\u2013 pr\u00e9voyez 1 \u00e0 15\u202fminutes de v\u00e9ritable tranquillit\u00e9 mentale. Il s\u2019agit d\u2019une p\u00e9riode pendant laquelle votre cerveau peut traiter les souvenirs et r\u00e9cup\u00e9rer. Donnez \u00e0 votre cerveau la permission de&nbsp;<em>ne rien faire<\/em>. Retrouvez des moments de calme. Laissez le calme agir comme un rem\u00e8de.<\/p>\n<p><br><\/p>\n<h3><strong>D\u00e9sencombrement \u00e9motionnel:<\/strong><\/h3>\n<p><strong><br><\/strong><\/p>\n<p>Essayez de traiter votre esprit comme votre pi\u00e8ce pr\u00e9f\u00e9r\u00e9e de la maison, une pi\u00e8ce qui m\u00e9rite d\u2019\u00eatre illumin\u00e9e, a\u00e9r\u00e9e et r\u00e9invent\u00e9e. Cela pourrait signifier fixer des limites aux courriels li\u00e9s au travail, s\u2019aventurer dans des pratiques de pleine conscience ou simplement red\u00e9couvrir des passe-temps oubli\u00e9s.<\/p>\n<p><strong>Comment g\u00e9rer le d\u00e9sordre \u00e9motionnel\u202f:<\/strong><\/p>\n<ul>\n<li><strong>Nommez-le<\/strong>&nbsp;\u2013 Les sentiments inexprim\u00e9s perdurent plus longtemps. Essayez de tenir un journal ou de discuter de ce qui vous pr\u00e9occupe avec quelqu\u2019un en qui vous avez confiance.<\/li>\n<li><strong>Cr\u00e9ez un rituel pour l\u00e2cher prise<\/strong>&nbsp;\u2013 \u00e9crivez vos regrets, vos frustrations ou les \u00ab\u202fj\u2019aurais d\u00fb\u202f\u00bb qui vous hantent sur une feuille, puis br\u00fblez-la ou enterrez-la. Une lib\u00e9ration symbolique permet de marquer la transition vers quelque chose de plus l\u00e9ger.<\/li>\n<li><strong>Pardonnez-vous (oui, \u00e0 vous aussi)<\/strong>&nbsp;\u2013 Les erreurs, \u00e7a arrive. S\u2019accorder la m\u00eame bienveillance que celle que l\u2019on accorde aux autres fait partie du processus de gu\u00e9rison.<\/li>\n<li><strong>Faites de la place pour le calme<\/strong>&nbsp;\u2013 Le bruit \u00e9motionnel se nourrit du chaos. Le calme, qu\u2019il soit atteint par la m\u00e9ditation, une promenade dans la nature ou simplement en restant assis en silence, cr\u00e9e un espace propice \u00e0 la clart\u00e9.<\/li>\n<\/ul>\n<p>Faire le m\u00e9nage de ses \u00e9motions, ce n\u2019est pas une qu\u00eate de perfection ni un exercice de rangement de ses sentiments dans de petites bo\u00eetes bien ordonn\u00e9es. Il s\u2019agit de lib\u00e9rer de l\u2019espace pour&nbsp;<em>ce que vous d\u00e9sirez vraiment porter en vous<\/em>\u2014 la joie, la pr\u00e9sence, et la r\u00e9silience.<\/p>\n<p><br><\/p>\n<p><\/p>\n<h3><strong>Restaurez ce qui a \u00e9t\u00e9 \u00e9puis\u00e9<\/strong><\/h3>\n<p><strong><br><\/strong><\/p>\n<p>La restauration signifie \u00e9galement se lib\u00e9rer de la pression de \u00ab\u202ffaire en sorte que chaque instant compte\u202f\u00bb Parfois, la gu\u00e9rison se manifeste dans des apr\u00e8s-midi paisibles et des journ\u00e9es sans but pr\u00e9cis, et c\u2019est tout \u00e0 fait acceptable.<\/p>\n<p><br><\/p>\n<p>Cet \u00e9t\u00e9, que la restauration soit l\u2019objectif, et non la r\u00e9compense. Vous avez accompagn\u00e9 vos \u00e9l\u00e8ves dans tellement de situations. Il est maintenant temps de prendre soin de vous, avec attention, bienveillance et la m\u00eame compassion que vous offrez si volontiers aux autres.<\/p>\n<p><br><\/p>\n<p>Allez! Parlons de l\u2019acte r\u00e9volutionnaire de\u2026 ne rien faire.<\/p>\n<p>Dans une culture qui v\u00e9n\u00e8re la productivit\u00e9, l\u2019ennui a une mauvaise r\u00e9putation. Pourtant,<em>l\u2019ennui peut \u00eatre une forme de gu\u00e9rison.<\/em>Il permet \u00e0 l\u2019esprit de s\u2019\u00e9tirer, de vagabonder et de tomber sur des sources d\u2019inspiration inattendues.<\/p>\n<p><br><\/p>\n<p><strong>R\u00eavasserie positive et constructive \u2013<\/strong>concentrez-vous sur les aspects positifs de votre vie ou de votre avenir. La r\u00eavasserie permet d\u2019acc\u00e9der \u00e0 des pens\u00e9es plus profondes et aide \u00e0 d\u00e9compresser.<\/p>\n<p><br><\/p>\n<p><strong>Se r\u00e9approprier l\u2019ennui<\/strong>&nbsp;c\u2019est r\u00e9sister \u00e0 l\u2019envie de remplir chaque moment de l\u2019\u00e9t\u00e9 avec des listes de choses \u00e0 faire, des sessions de perfectionnement professionnel ou la planification du programme scolaire. Cela signifie s\u2019asseoir sur le porche sans balado, contempler le plafond, marcher sans destination ou regarder les nuages passer sans jeter un coup d\u2019\u0153il \u00e0 son t\u00e9l\u00e9phone. Dans ce calme, le cerveau fait son meilleur travail en coulisses\u202f: la cr\u00e9ativit\u00e9 se r\u00e9veille, les hormones du stress se r\u00e9\u00e9quilibrent et l\u2019\u00e9puisement professionnel commence \u00e0 s\u2019estomper.<\/p>\n<p><br><\/p>\n<p>Ce n\u2019est pas de la paresse. C\u2019est une&nbsp;<em>oisivet\u00e9 r\u00e9paratrice.<\/em>.<\/p>\n<p><br><\/p>\n<h3><strong>Jeux c\u00e9r\u00e9braux<\/strong><\/h3>\n<p><strong><br><\/strong><\/p>\n<p>Trouvez des activit\u00e9s qui permettent \u00e0 votre cerveau de faire une pause avec des activit\u00e9s qui fournissent une stimulation douce. Choisissez des casse-t\u00eates, des mots crois\u00e9s, de la peinture, du gribouillage ou du coloriage. Ces activit\u00e9s rafra\u00eechiront le cerveau, mais aussi, renforceront votre sant\u00e9 mentale et votre bien-\u00eatre.<\/p>\n<p><br><\/p>\n<ul>\n<li><strong>The New York Times Games<\/strong>&nbsp;\u2013 Mots crois\u00e9s, concours d\u2019orthographe, Wordle et bien d\u2019autres jeux pour stimuler votre cerveau en douceur.<\/li>\n<li><strong>The Sketchbook Project Archive<\/strong>&nbsp;\u2013 explorez des milliers de carnets de croquis r\u00e9els ou commencez votre propre journal visuel.&nbsp;<a href=\"https:\/\/brooklynartlibrary.org\/\">brooklynartlibrary.org<\/a><\/li>\n<li><strong>Listes de livres Goodreads<\/strong>&nbsp;\u2013 essayez la liste \u00ab\u202fBooks that Feel Like a Hug\u202f\u00bb (livres qui r\u00e9confortent) pour inspirer vos lectures estivales.&nbsp;<a href=\"https:\/\/www.goodreads.com\/list\">goodreads.com\/list<\/a><\/li>\n<\/ul>\n<h3><strong>Ressources:<\/strong><\/h3>\n<p><strong><br><\/strong><\/p>\n<ul>\n<li><strong>Headspace pour les \u00e9ducateurs<\/strong>&nbsp;(disponible en anglais seulement) \u2013 Acc\u00e8s gratuit \u00e0 des outils de pleine conscience, \u00e0 des m\u00e9ditations et \u00e0 des exercices de r\u00e9duction du stress.&nbsp;<a href=\"https:\/\/www.headspace.com\/educators\">headspace.com\/educators<\/a><\/li>\n<li><strong>Greater Good in Education<\/strong>&nbsp;(disponible en anglais seulement) \u2013 Pratiques fond\u00e9es sur la recherche pour le bien-\u00eatre \u00e9motionnel, la compassion et la r\u00e9silience.&nbsp;<a href=\"https:\/\/ggie.berkeley.edu\/\">ggie.berkeley.edu<\/a><\/li>\n<li><strong>Harvard Health:<\/strong>&nbsp;The Secret to Brain Success (le secret du succ\u00e8s c\u00e9r\u00e9bral) (disponible en anglais seulement)<\/li>\n<li><strong>CNN:<\/strong>&nbsp;5 Tips for a Rested Brain (cinq conseils pour un cerveau repos\u00e9) (disponible en anglais seulement)<\/li>\n<li><strong>Select Health:<\/strong>&nbsp;5 Ways to Rest and Refresh the Brain (5 fa\u00e7ons se reposer et rafra\u00eechir le cerveau) (disponible en anglais seulement)<\/li>\n<li><strong>Des soins en \u00e9ducation pour tous<\/strong><\/li>\n<\/ul>\t\t\t\t\t\t\t\t<\/div>\n\t\t\t\t\t<\/div>\n\t\t<\/div>\n\t\t\t\t\t<\/div>\n\t\t<\/section>\n\t\t\t\t<\/div>","protected":false},"excerpt":{"rendered":"<p>Summer Invitation\u00a0 July and August Spotlight of 2025 Summer Invitation\u00a0 July and August Spotlight of 2025 Reflect, Refurbish, Restore: A Summer Ritual As the final bell rings and hallways empty out, school staff will find themselves at the threshold of summer\u2014not just a vacation time, but an opportunity. After months of giving their all\u2014mentally, emotionally, [&hellip;]<\/p>\n","protected":false},"author":12,"featured_media":0,"parent":0,"menu_order":0,"comment_status":"closed","ping_status":"closed","template":"","meta":{"site-sidebar-layout":"no-sidebar","site-content-layout":"page-builder","ast-site-content-layout":"default","site-content-style":"default","site-sidebar-style":"default","ast-global-header-display":"","ast-banner-title-visibility":"","ast-main-header-display":"","ast-hfb-above-header-display":"","ast-hfb-below-header-display":"","ast-hfb-mobile-header-display":"","site-post-title":"disabled","ast-breadcrumbs-content":"","ast-featured-img":"disabled","footer-sml-layout":"","ast-disable-related-posts":"","theme-transparent-header-meta":"","adv-header-id-meta":"","stick-header-meta":"","header-above-stick-meta":"","header-main-stick-meta":"","header-below-stick-meta":"","astra-migrate-meta-layouts":"default","ast-page-background-enabled":"default","ast-page-background-meta":{"desktop":{"background-color":"var(--ast-global-color-4)","background-image":"","background-repeat":"repeat","background-position":"center center","background-size":"auto","background-attachment":"scroll","background-type":"","background-media":"","overlay-type":"","overlay-color":"","overlay-opacity":"","overlay-gradient":""},"tablet":{"background-color":"","background-image":"","background-repeat":"repeat","background-position":"center center","background-size":"auto","background-attachment":"scroll","background-type":"","background-media":"","overlay-type":"","overlay-color":"","overlay-opacity":"","overlay-gradient":""},"mobile":{"background-color":"","background-image":"","background-repeat":"repeat","background-position":"center center","background-size":"auto","background-attachment":"scroll","background-type":"","background-media":"","overlay-type":"","overlay-color":"","overlay-opacity":"","overlay-gradient":""}},"ast-content-background-meta":{"desktop":{"background-color":"var(--ast-global-color-5)","background-image":"","background-repeat":"repeat","background-position":"center center","background-size":"auto","background-attachment":"scroll","background-type":"","background-media":"","overlay-type":"","overlay-color":"","overlay-opacity":"","overlay-gradient":""},"tablet":{"background-color":"var(--ast-global-color-5)","background-image":"","background-repeat":"repeat","background-position":"center center","background-size":"auto","background-attachment":"scroll","background-type":"","background-media":"","overlay-type":"","overlay-color":"","overlay-opacity":"","overlay-gradient":""},"mobile":{"background-color":"var(--ast-global-color-5)","background-image":"","background-repeat":"repeat","background-position":"center center","background-size":"auto","background-attachment":"scroll","background-type":"","background-media":"","overlay-type":"","overlay-color":"","overlay-opacity":"","overlay-gradient":""}},"footnotes":""},"class_list":["post-12749","page","type-page","status-publish","hentry"],"_links":{"self":[{"href":"https:\/\/careforallineducation.com\/fr\/wp-json\/wp\/v2\/pages\/12749","targetHints":{"allow":["GET"]}}],"collection":[{"href":"https:\/\/careforallineducation.com\/fr\/wp-json\/wp\/v2\/pages"}],"about":[{"href":"https:\/\/careforallineducation.com\/fr\/wp-json\/wp\/v2\/types\/page"}],"author":[{"embeddable":true,"href":"https:\/\/careforallineducation.com\/fr\/wp-json\/wp\/v2\/users\/12"}],"replies":[{"embeddable":true,"href":"https:\/\/careforallineducation.com\/fr\/wp-json\/wp\/v2\/comments?post=12749"}],"version-history":[{"count":7,"href":"https:\/\/careforallineducation.com\/fr\/wp-json\/wp\/v2\/pages\/12749\/revisions"}],"predecessor-version":[{"id":12760,"href":"https:\/\/careforallineducation.com\/fr\/wp-json\/wp\/v2\/pages\/12749\/revisions\/12760"}],"wp:attachment":[{"href":"https:\/\/careforallineducation.com\/fr\/wp-json\/wp\/v2\/media?parent=12749"}],"curies":[{"name":"wp","href":"https:\/\/api.w.org\/{rel}","templated":true}]}}