{"id":1342,"date":"2020-06-09T16:03:40","date_gmt":"2020-06-09T16:03:40","guid":{"rendered":"https:\/\/careforallineducation.com\/?page_id=1342"},"modified":"2025-12-05T06:29:16","modified_gmt":"2025-12-05T12:29:16","slug":"care-to-speak-peer-support-team","status":"publish","type":"page","link":"https:\/\/careforallineducation.com\/fr\/caretospeak\/care-to-speak-peer-support-team\/","title":{"rendered":"Care to Speak Peer Support Team"},"content":{"rendered":"<div data-elementor-type=\"wp-page\" data-elementor-id=\"1342\" class=\"elementor elementor-1342\" data-elementor-post-type=\"page\">\n\t\t\t\t\t\t<section class=\"elementor-section elementor-top-section elementor-element elementor-element-14f8335 elementor-section-boxed elementor-section-height-default elementor-section-height-default\" data-id=\"14f8335\" data-element_type=\"section\" data-e-type=\"section\">\n\t\t\t\t\t\t<div class=\"elementor-container elementor-column-gap-wide\">\n\t\t\t\t\t<div class=\"elementor-column elementor-col-100 elementor-top-column elementor-element elementor-element-6b8da43\" data-id=\"6b8da43\" data-element_type=\"column\" data-e-type=\"column\">\n\t\t\t<div class=\"elementor-widget-wrap elementor-element-populated\">\n\t\t\t\t\t\t<div class=\"elementor-element elementor-element-1f45d0c elementor-widget elementor-widget-heading\" data-id=\"1f45d0c\" data-element_type=\"widget\" data-e-type=\"widget\" data-widget_type=\"heading.default\">\n\t\t\t\t\t<h1 class=\"elementor-heading-title elementor-size-default\">Votre \u00e9quipe de soutien au bien-\u00eatre est \u00e0 votre disposition <\/h1>\t\t\t\t<\/div>\n\t\t\t\t<div class=\"elementor-element elementor-element-4213806 elementor-widget elementor-widget-text-editor\" data-id=\"4213806\" data-element_type=\"widget\" data-e-type=\"widget\" data-widget_type=\"text-editor.default\">\n\t\t\t\t\t\t\t\t\tSi vous avez besoin d\u2019aide et de conseils pour trouver des ressources en sant\u00e9 mentale au sujet de l\u2019anxi\u00e9t\u00e9 ou d\u2019autres probl\u00e8mes de sant\u00e9 mentale auxquels vous \u00eates actuellement confront\u00e9s, l\u2019\u00e9quipe de sp\u00e9cialistes du soutien au bien-\u00eatre de l\u2019ACSM \u2013 Manitoba et Winnipeg est en mesure de vous aider \u00e0 trouver les ressources et le soutien dont vous avez besoin.  \t\t\t\t\t\t\t\t<\/div>\n\t\t\t\t<div class=\"elementor-element elementor-element-23bb97a elementor-widget elementor-widget-text-editor\" data-id=\"23bb97a\" data-element_type=\"widget\" data-e-type=\"widget\" data-widget_type=\"text-editor.default\">\n\t\t\t\t\t\t\t\t\tNos sp\u00e9cialistes b\u00e9n\u00e9ficient de plusieurs ann\u00e9es de formation et d\u2019exp\u00e9rience dans les domaines de l\u2019\u00e9ducation et de la sant\u00e9 mentale; elles sont pr\u00eates \u00e0 vous \u00e9couter et \u00e0 vous appuyer pour ce qui est de votre sant\u00e9 mentale et de votre bien-\u00eatre. Pour en savoir plus sur votre \u00e9quipe de soutien en sant\u00e9 mentale d\u00e9di\u00e9e, jetez un coup d\u2019\u0153il sur les biographies des membres et sur ce qui les motive \u00e0 appuyer la sant\u00e9 mentale du personnel de premi\u00e8re ligne en \u00e9ducation du Manitoba.   \t\t\t\t\t\t\t\t<\/div>\n\t\t\t\t<div class=\"elementor-element elementor-element-b7a6f09 elementor-widget elementor-widget-text-editor\" data-id=\"b7a6f09\" data-element_type=\"widget\" data-e-type=\"widget\" data-widget_type=\"text-editor.default\">\n\t\t\t\t\t\t\t\t\tVous pouvez communiquer avec vos sp\u00e9cialistes du soutien au bien-\u00eatre par t\u00e9l\u00e9phone au <a href=\"tel:+18776021660\">1-877-602-1660<\/a> ou par courriel \u00e0 <a href=\"mailto:rhaley@cmhawpg.mb.ca\">rhaley@cmhawpg.mb.ca<\/a>\t\t\t\t\t\t\t\t<\/div>\n\t\t\t\t\t<\/div>\n\t\t<\/div>\n\t\t\t\t\t<\/div>\n\t\t<\/section>\n\t\t\t\t<section class=\"elementor-section elementor-top-section elementor-element elementor-element-97f09c2 elementor-section-boxed elementor-section-height-default elementor-section-height-default\" data-id=\"97f09c2\" data-element_type=\"section\" data-e-type=\"section\">\n\t\t\t\t\t\t<div class=\"elementor-container elementor-column-gap-default\">\n\t\t\t\t\t<div class=\"elementor-column elementor-col-100 elementor-top-column elementor-element elementor-element-389b5d9\" data-id=\"389b5d9\" data-element_type=\"column\" data-e-type=\"column\">\n\t\t\t<div class=\"elementor-widget-wrap elementor-element-populated\">\n\t\t\t\t\t\t<section class=\"elementor-section elementor-inner-section elementor-element elementor-element-a93bef3 elementor-section-boxed elementor-section-height-default elementor-section-height-default\" data-id=\"a93bef3\" data-element_type=\"section\" data-e-type=\"section\">\n\t\t\t\t\t\t<div class=\"elementor-container elementor-column-gap-default\">\n\t\t\t\t\t<div class=\"elementor-column elementor-col-33 elementor-inner-column elementor-element elementor-element-fe8bdaf\" data-id=\"fe8bdaf\" data-element_type=\"column\" data-e-type=\"column\">\n\t\t\t<div class=\"elementor-widget-wrap elementor-element-populated\">\n\t\t\t\t\t\t<div class=\"elementor-element elementor-element-3ee9292 elementor-widget elementor-widget-image\" data-id=\"3ee9292\" data-element_type=\"widget\" data-e-type=\"widget\" data-widget_type=\"image.default\">\n\t\t\t\t\t\t\t\t\t\t\t\t\t\t\t<img decoding=\"async\" src=\"https:\/\/careforallineducation.com\/wp-content\/uploads\/elementor\/thumbs\/Rick-Haley-1-1-rfpged78m0h1buftq51zuhjt3nvvdh3h4d3jotleo4.jpg\" title=\"Rick Haley (1) (1)\" alt=\"Rick Haley (1) (1)\" loading=\"lazy\" \/>\t\t\t\t\t\t\t\t\t\t\t\t\t\t\t<\/div>\n\t\t\t\t\t<\/div>\n\t\t<\/div>\n\t\t\t\t<div class=\"elementor-column elementor-col-66 elementor-inner-column elementor-element elementor-element-74de224\" data-id=\"74de224\" data-element_type=\"column\" data-e-type=\"column\">\n\t\t\t<div class=\"elementor-widget-wrap elementor-element-populated\">\n\t\t\t\t\t\t<div class=\"elementor-element elementor-element-f623dbf elementor-widget elementor-widget-heading\" data-id=\"f623dbf\" data-element_type=\"widget\" data-e-type=\"widget\" data-widget_type=\"heading.default\">\n\t\t\t\t\t<h2 class=\"elementor-heading-title elementor-size-default\">Rick<\/h2>\t\t\t\t<\/div>\n\t\t\t\t<div class=\"elementor-element elementor-element-08e82f0 elementor-widget elementor-widget-text-editor\" data-id=\"08e82f0\" data-element_type=\"widget\" data-e-type=\"widget\" data-widget_type=\"text-editor.default\">\n\t\t\t\t\t\t\t\t\t<p>Rick is a retired school principal and university instructor. He has over 35 years of experience working in the field of education. He is acutely aware of the struggles that educators face. His work focusses on supporting teachers so they can be at their best to do their best work, teaching children. Rick and his wife live in Pinawa, Manitoba and have 5 adult children.<\/p>\t\t\t\t\t\t\t\t<\/div>\n\t\t\t\t\t<\/div>\n\t\t<\/div>\n\t\t\t\t\t<\/div>\n\t\t<\/section>\n\t\t\t\t\t<\/div>\n\t\t<\/div>\n\t\t\t\t\t<\/div>\n\t\t<\/section>\n\t\t\t\t<\/div>","protected":false},"excerpt":{"rendered":"<p>Your Wellness Support Team is Here for You If you need help and advice to find mental health resources for anxiety or other mental health challenges you are currently facing, the CMHA-Manitoba &#038; Winnipeg Wellness Support Specialist team is here to help you find the resources and support you need. Our specialists have years of [&hellip;]<\/p>\n","protected":false},"author":13,"featured_media":0,"parent":1267,"menu_order":0,"comment_status":"closed","ping_status":"closed","template":"","meta":{"site-sidebar-layout":"no-sidebar","site-content-layout":"page-builder","ast-site-content-layout":"default","site-content-style":"default","site-sidebar-style":"default","ast-global-header-display":"","ast-banner-title-visibility":"","ast-main-header-display":"","ast-hfb-above-header-display":"","ast-hfb-below-header-display":"","ast-hfb-mobile-header-display":"","site-post-title":"","ast-breadcrumbs-content":"","ast-featured-img":"","footer-sml-layout":"","ast-disable-related-posts":"","theme-transparent-header-meta":"default","adv-header-id-meta":"","stick-header-meta":"","header-above-stick-meta":"","header-main-stick-meta":"","header-below-stick-meta":"","astra-migrate-meta-layouts":"default","ast-page-background-enabled":"default","ast-page-background-meta":{"desktop":{"background-color":"var(--ast-global-color-4)","background-image":"","background-repeat":"repeat","background-position":"center center","background-size":"auto","background-attachment":"scroll","background-type":"","background-media":"","overlay-type":"","overlay-color":"","overlay-opacity":"","overlay-gradient":""},"tablet":{"background-color":"","background-image":"","background-repeat":"repeat","background-position":"center center","background-size":"auto","background-attachment":"scroll","background-type":"","background-media":"","overlay-type":"","overlay-color":"","overlay-opacity":"","overlay-gradient":""},"mobile":{"background-color":"","background-image":"","background-repeat":"repeat","background-position":"center center","background-size":"auto","background-attachment":"scroll","background-type":"","background-media":"","overlay-type":"","overlay-color":"","overlay-opacity":"","overlay-gradient":""}},"ast-content-background-meta":{"desktop":{"background-color":"var(--ast-global-color-5)","background-image":"","background-repeat":"repeat","background-position":"center center","background-size":"auto","background-attachment":"scroll","background-type":"","background-media":"","overlay-type":"","overlay-color":"","overlay-opacity":"","overlay-gradient":""},"tablet":{"background-color":"var(--ast-global-color-5)","background-image":"","background-repeat":"repeat","background-position":"center center","background-size":"auto","background-attachment":"scroll","background-type":"","background-media":"","overlay-type":"","overlay-color":"","overlay-opacity":"","overlay-gradient":""},"mobile":{"background-color":"var(--ast-global-color-5)","background-image":"","background-repeat":"repeat","background-position":"center center","background-size":"auto","background-attachment":"scroll","background-type":"","background-media":"","overlay-type":"","overlay-color":"","overlay-opacity":"","overlay-gradient":""}},"footnotes":""},"class_list":["post-1342","page","type-page","status-publish","hentry"],"_links":{"self":[{"href":"https:\/\/careforallineducation.com\/fr\/wp-json\/wp\/v2\/pages\/1342","targetHints":{"allow":["GET"]}}],"collection":[{"href":"https:\/\/careforallineducation.com\/fr\/wp-json\/wp\/v2\/pages"}],"about":[{"href":"https:\/\/careforallineducation.com\/fr\/wp-json\/wp\/v2\/types\/page"}],"author":[{"embeddable":true,"href":"https:\/\/careforallineducation.com\/fr\/wp-json\/wp\/v2\/users\/13"}],"replies":[{"embeddable":true,"href":"https:\/\/careforallineducation.com\/fr\/wp-json\/wp\/v2\/comments?post=1342"}],"version-history":[{"count":80,"href":"https:\/\/careforallineducation.com\/fr\/wp-json\/wp\/v2\/pages\/1342\/revisions"}],"predecessor-version":[{"id":27015,"href":"https:\/\/careforallineducation.com\/fr\/wp-json\/wp\/v2\/pages\/1342\/revisions\/27015"}],"up":[{"embeddable":true,"href":"https:\/\/careforallineducation.com\/fr\/wp-json\/wp\/v2\/pages\/1267"}],"wp:attachment":[{"href":"https:\/\/careforallineducation.com\/fr\/wp-json\/wp\/v2\/media?parent=1342"}],"curies":[{"name":"wp","href":"https:\/\/api.w.org\/{rel}","templated":true}]}}