{"id":26126,"date":"2025-12-01T04:36:03","date_gmt":"2025-12-01T10:36:03","guid":{"rendered":"https:\/\/careforallineducation.com\/?page_id=26126"},"modified":"2025-12-01T04:48:52","modified_gmt":"2025-12-01T10:48:52","slug":"what-december-looks-like-in-many-schools","status":"publish","type":"page","link":"https:\/\/careforallineducation.com\/fr\/what-december-looks-like-in-many-schools\/","title":{"rendered":"Ce \u00e0 quoi ressemble le mois de d\u00e9cembre dans de nombreuses \u00e9coles"},"content":{"rendered":"<div data-elementor-type=\"wp-page\" data-elementor-id=\"26126\" class=\"elementor elementor-26126\" data-elementor-post-type=\"page\">\n\t\t\t\t\t\t<section class=\"elementor-section elementor-top-section elementor-element elementor-element-66eb2f5 elementor-section-height-min-height elementor-section-items-top elementor-section-boxed elementor-section-height-default\" data-id=\"66eb2f5\" data-element_type=\"section\" data-e-type=\"section\" data-settings=\"{&quot;background_background&quot;:&quot;classic&quot;}\">\n\t\t\t\t\t\t<div class=\"elementor-container elementor-column-gap-default\">\n\t\t\t\t\t<div class=\"elementor-column elementor-col-100 elementor-top-column elementor-element elementor-element-e6de384\" data-id=\"e6de384\" data-element_type=\"column\" data-e-type=\"column\">\n\t\t\t<div class=\"elementor-widget-wrap elementor-element-populated\">\n\t\t\t\t\t\t<div class=\"elementor-element elementor-element-6df28fd elementor-widget__width-auto elementor-widget elementor-widget-heading\" data-id=\"6df28fd\" data-element_type=\"widget\" data-e-type=\"widget\" data-widget_type=\"heading.default\">\n\t\t\t\t\t<h2 class=\"elementor-heading-title elementor-size-default\">Ce \u00e0 quoi ressemble le mois de d\u00e9cembre dans de nombreuses \u00e9coles<\/h2>\t\t\t\t<\/div>\n\t\t\t\t\t<\/div>\n\t\t<\/div>\n\t\t\t\t\t<\/div>\n\t\t<\/section>\n\t\t\t\t<section class=\"elementor-section elementor-top-section elementor-element elementor-element-9fda872 elementor-section-boxed elementor-section-height-default elementor-section-height-default\" data-id=\"9fda872\" data-element_type=\"section\" data-e-type=\"section\">\n\t\t\t\t\t\t<div class=\"elementor-container elementor-column-gap-wide\">\n\t\t\t\t\t<div class=\"elementor-column elementor-col-100 elementor-top-column elementor-element elementor-element-71e7b51\" data-id=\"71e7b51\" data-element_type=\"column\" data-e-type=\"column\">\n\t\t\t<div class=\"elementor-widget-wrap elementor-element-populated\">\n\t\t\t\t\t\t<div class=\"elementor-element elementor-element-8f063ec elementor-widget elementor-widget-heading\" data-id=\"8f063ec\" data-element_type=\"widget\" data-e-type=\"widget\" data-widget_type=\"heading.default\">\n\t\t\t\t\t<h2 class=\"elementor-heading-title elementor-size-default\">Ce \u00e0 quoi ressemble le mois de d\u00e9cembre dans de nombreuses \u00e9coles <\/h2>\t\t\t\t<\/div>\n\t\t\t\t<div class=\"elementor-element elementor-element-1c963dc elementor-widget elementor-widget-text-editor\" data-id=\"1c963dc\" data-element_type=\"widget\" data-e-type=\"widget\" data-widget_type=\"text-editor.default\">\n\t\t\t\t\t\t\t\t\t<p><span data-contrast=\"auto\">Vous essayez encore de reprendre votre souffle, apr\u00e8s les bulletins et les rencontres de parents de la fin novembre. Si vous avez de la chance, la direction a planifi\u00e9 une journ\u00e9e de perfectionnement professionnel le lendemain des rencontres de parents (rien de mieux que de nouveaux apprentissages le matin apr\u00e8s ces soir\u00e9es). Ou peut-\u00eatre vous a-t-on \u00ab\u202ffait cadeau\u202f\u00bb d\u2019une demi-journ\u00e9e pour finaliser les bulletins afin que vous n\u2019ayez pas \u00e0 travailler toute la nuit pour respecter l\u2019\u00e9ch\u00e9ance. Dieu merci, ce tourbillon est termin\u00e9 et vous pouvez maintenant passer au cong\u00e9 des f\u00eates. Ah, ah. Pas si vite. Il faut c\u00e9l\u00e9brer No\u00ebl avec un concert auquel toute l\u2019\u00e9cole participera la semaine juste avant le cong\u00e9! Bouleversons la routine quotidienne avec de nombreuses r\u00e9p\u00e9titions \u00e0 l\u2019\u00e9chelle de l\u2019\u00e9cole et de la classe, et perturbons davantage un groupe d\u2019\u00e9l\u00e8ves et de membres du personnel d\u00e9j\u00e0 perturb\u00e9s (mes excuses \u00e0 tous les enseignants et toutes les enseignantes de musique).\u00a0\u00a0<\/span><span data-ccp-props=\"{}\">\u00a0<\/span><\/p><p><span data-ccp-props=\"{}\">\u00a0<\/span><\/p><p><span data-contrast=\"auto\">La bonne nouvelle? En d\u00e9cembre, il n\u2019y a que trois semaines de classe, habituellement. Et si vous enseignez dans une \u00e9cole secondaire, vous pouvez vous la couler douce. Les bulletins sont finalis\u00e9s et la saison de volleyball est termin\u00e9e. Vous avancez dans votre mati\u00e8re et comptez les jours avant le cong\u00e9. Mais, attendez. Vous r\u00e9alisez que les classes ne reprennent qu\u2019une semaine apr\u00e8s le d\u00e9but janvier. Et l\u00e0, vous n\u2019avez couvert que la moiti\u00e9 du contenu \u00e0 enseigner durant ce semestre. Il reste 8 unit\u00e9s \u00e0 aborder. Panique!\u00a0\u00a0<\/span><span data-ccp-props=\"{}\">\u00a0<\/span><\/p><p><span data-ccp-props=\"{}\">\u00a0<\/span><\/p><p><span data-contrast=\"auto\">Oh, et la mauvaise nouvelle? Durant ces trois semaines de cong\u00e9, vous devez vous atteler aux pr\u00e9paratifs qui accompagnent invariablement le temps des f\u00eates : Magasiner les cadeaux, pr\u00e9parer la maison pour recevoir tous vos invit\u00e9s \u00e0 souper et vous assurer d\u2019accorder le m\u00eame nombre d\u2019heures en famille avec les beaux-parents de chaque c\u00f4t\u00e9.<\/span><span data-ccp-props=\"{}\">\u00a0<\/span><\/p><p><span data-ccp-props=\"{}\">\u00a0<\/span><\/p><p><span data-contrast=\"auto\">Alors, que faire? En ce mois o\u00f9 il est virtuellement impossible de reprendre son souffle, vous devez prendre le temps de reprendre votre souffle. On se dit qu\u2019on va serrer les dents et foncer t\u00eate premi\u00e8re pour \u00e9ventuellement se reposer apr\u00e8s No\u00ebl. R\u00e9sultat? On tient bon et on passe le reste du cong\u00e9 au lit parce qu\u2019on est malade (puis on se remet juste \u00e0 temps pour le retour en classe en janvier!) Il faut apprendre \u00e0 fixer ses limites. Facile \u00e0 dire, mais difficile \u00e0 faire. R\u00e9fl\u00e9chissez \u00e0 des moyens de vous d\u00e9charger de certaines de vos responsabilit\u00e9s. Au travail et \u00e0 la maison. Ne consultez pas vos courriels professionnels \u00e0 moins d\u2019\u00eatre au travail. Sortez d\u00eener quelques fois au cours des prochaines semaines. All\u00e9gez votre calendrier de c\u00e9l\u00e9brations. Reprenez votre souffle.<\/span><span data-ccp-props=\"{}\">\u00a0<\/span><\/p><p><span data-ccp-props=\"{}\">\u00a0<\/span><\/p><p><span data-contrast=\"auto\">Vous pouvez y arriver.<\/span><span data-ccp-props=\"{}\">\u00a0<\/span><\/p><p><span data-ccp-props=\"{}\">\u00a0<\/span><\/p><p><span data-contrast=\"auto\">Voici un lien pour vous aider \u00e0 faire du temps des f\u00eates une p\u00e9riode un peu moins stressante:<\/span><span data-ccp-props=\"{}\">\u00a0<\/span><\/p><p><a href=\"https:\/\/edmonton.cmha.ca\/blog\/navigating-family-boundaries\/\" target=\"_blank\" rel=\"noopener\"><span data-contrast=\"none\">https:\/\/edmonton.cmha.ca\/blog\/navigating-family-boundaries\/<\/span><\/a><span data-ccp-props=\"{}\">\u00a0<\/span><\/p>\t\t\t\t\t\t\t\t<\/div>\n\t\t\t\t\t<\/div>\n\t\t<\/div>\n\t\t\t\t\t<\/div>\n\t\t<\/section>\n\t\t\t\t<\/div>","protected":false},"excerpt":{"rendered":"<p>What December Looks Like in Many Schools What December Looks Like in Many Schools You are still catching your breath\u00a0from report cards and\u00a0parent conferences at the end of November.\u00a0\u00a0If you were lucky, your principal may have planned a professional development day\u00a0right after conferences (nothing like learning the morning after\u00a0one of those nights). Or\u00a0maybe you\u00a0were\u00a0\u201cgifted\u201d\u00a0a half [&hellip;]<\/p>\n","protected":false},"author":12,"featured_media":0,"parent":0,"menu_order":0,"comment_status":"closed","ping_status":"closed","template":"","meta":{"site-sidebar-layout":"no-sidebar","site-content-layout":"page-builder","ast-site-content-layout":"default","site-content-style":"default","site-sidebar-style":"default","ast-global-header-display":"","ast-banner-title-visibility":"","ast-main-header-display":"","ast-hfb-above-header-display":"","ast-hfb-below-header-display":"","ast-hfb-mobile-header-display":"","site-post-title":"disabled","ast-breadcrumbs-content":"","ast-featured-img":"disabled","footer-sml-layout":"","ast-disable-related-posts":"","theme-transparent-header-meta":"","adv-header-id-meta":"","stick-header-meta":"","header-above-stick-meta":"","header-main-stick-meta":"","header-below-stick-meta":"","astra-migrate-meta-layouts":"default","ast-page-background-enabled":"default","ast-page-background-meta":{"desktop":{"background-color":"var(--ast-global-color-4)","background-image":"","background-repeat":"repeat","background-position":"center center","background-size":"auto","background-attachment":"scroll","background-type":"","background-media":"","overlay-type":"","overlay-color":"","overlay-opacity":"","overlay-gradient":""},"tablet":{"background-color":"","background-image":"","background-repeat":"repeat","background-position":"center center","background-size":"auto","background-attachment":"scroll","background-type":"","background-media":"","overlay-type":"","overlay-color":"","overlay-opacity":"","overlay-gradient":""},"mobile":{"background-color":"","background-image":"","background-repeat":"repeat","background-position":"center center","background-size":"auto","background-attachment":"scroll","background-type":"","background-media":"","overlay-type":"","overlay-color":"","overlay-opacity":"","overlay-gradient":""}},"ast-content-background-meta":{"desktop":{"background-color":"var(--ast-global-color-5)","background-image":"","background-repeat":"repeat","background-position":"center center","background-size":"auto","background-attachment":"scroll","background-type":"","background-media":"","overlay-type":"","overlay-color":"","overlay-opacity":"","overlay-gradient":""},"tablet":{"background-color":"var(--ast-global-color-5)","background-image":"","background-repeat":"repeat","background-position":"center center","background-size":"auto","background-attachment":"scroll","background-type":"","background-media":"","overlay-type":"","overlay-color":"","overlay-opacity":"","overlay-gradient":""},"mobile":{"background-color":"var(--ast-global-color-5)","background-image":"","background-repeat":"repeat","background-position":"center center","background-size":"auto","background-attachment":"scroll","background-type":"","background-media":"","overlay-type":"","overlay-color":"","overlay-opacity":"","overlay-gradient":""}},"footnotes":""},"class_list":["post-26126","page","type-page","status-publish","hentry"],"_links":{"self":[{"href":"https:\/\/careforallineducation.com\/fr\/wp-json\/wp\/v2\/pages\/26126","targetHints":{"allow":["GET"]}}],"collection":[{"href":"https:\/\/careforallineducation.com\/fr\/wp-json\/wp\/v2\/pages"}],"about":[{"href":"https:\/\/careforallineducation.com\/fr\/wp-json\/wp\/v2\/types\/page"}],"author":[{"embeddable":true,"href":"https:\/\/careforallineducation.com\/fr\/wp-json\/wp\/v2\/users\/12"}],"replies":[{"embeddable":true,"href":"https:\/\/careforallineducation.com\/fr\/wp-json\/wp\/v2\/comments?post=26126"}],"version-history":[{"count":7,"href":"https:\/\/careforallineducation.com\/fr\/wp-json\/wp\/v2\/pages\/26126\/revisions"}],"predecessor-version":[{"id":26140,"href":"https:\/\/careforallineducation.com\/fr\/wp-json\/wp\/v2\/pages\/26126\/revisions\/26140"}],"wp:attachment":[{"href":"https:\/\/careforallineducation.com\/fr\/wp-json\/wp\/v2\/media?parent=26126"}],"curies":[{"name":"wp","href":"https:\/\/api.w.org\/{rel}","templated":true}]}}