{"id":29746,"date":"2025-12-23T03:32:20","date_gmt":"2025-12-23T09:32:20","guid":{"rendered":"https:\/\/careforallineducation.com\/?page_id=29746"},"modified":"2026-01-05T03:36:44","modified_gmt":"2026-01-05T09:36:44","slug":"january-spotlight","status":"publish","type":"page","link":"https:\/\/careforallineducation.com\/fr\/january-spotlight\/","title":{"rendered":"January Spotlight 2026"},"content":{"rendered":"<div data-elementor-type=\"wp-page\" data-elementor-id=\"29746\" class=\"elementor elementor-29746\" data-elementor-post-type=\"page\">\n\t\t\t\t\t\t<section class=\"elementor-section elementor-top-section elementor-element elementor-element-66eb2f5 elementor-section-height-min-height elementor-section-items-top elementor-section-boxed elementor-section-height-default\" data-id=\"66eb2f5\" data-element_type=\"section\" data-e-type=\"section\" data-settings=\"{&quot;background_background&quot;:&quot;classic&quot;}\">\n\t\t\t\t\t\t<div class=\"elementor-container elementor-column-gap-default\">\n\t\t\t\t\t<div class=\"elementor-column elementor-col-100 elementor-top-column elementor-element elementor-element-e6de384\" data-id=\"e6de384\" data-element_type=\"column\" data-e-type=\"column\">\n\t\t\t<div class=\"elementor-widget-wrap elementor-element-populated\">\n\t\t\t\t\t\t<div class=\"elementor-element elementor-element-6df28fd elementor-widget__width-auto elementor-widget elementor-widget-heading\" data-id=\"6df28fd\" data-element_type=\"widget\" data-e-type=\"widget\" data-widget_type=\"heading.default\">\n\t\t\t\t\t<h2 class=\"elementor-heading-title elementor-size-default\">Pleins feux pour le mois de janvier<\/h2>\t\t\t\t<\/div>\n\t\t\t\t\t<\/div>\n\t\t<\/div>\n\t\t\t\t\t<\/div>\n\t\t<\/section>\n\t\t\t\t<section class=\"elementor-section elementor-top-section elementor-element elementor-element-9fda872 elementor-section-boxed elementor-section-height-default elementor-section-height-default\" data-id=\"9fda872\" data-element_type=\"section\" data-e-type=\"section\">\n\t\t\t\t\t\t<div class=\"elementor-container elementor-column-gap-wide\">\n\t\t\t\t\t<div class=\"elementor-column elementor-col-100 elementor-top-column elementor-element elementor-element-71e7b51\" data-id=\"71e7b51\" data-element_type=\"column\" data-e-type=\"column\">\n\t\t\t<div class=\"elementor-widget-wrap elementor-element-populated\">\n\t\t\t\t\t\t<div class=\"elementor-element elementor-element-8f063ec elementor-widget elementor-widget-heading\" data-id=\"8f063ec\" data-element_type=\"widget\" data-e-type=\"widget\" data-widget_type=\"heading.default\">\n\t\t\t\t\t<h2 class=\"elementor-heading-title elementor-size-default\">Pleins feux pour le mois de janvier<\/h2>\t\t\t\t<\/div>\n\t\t\t\t<div class=\"elementor-element elementor-element-1c963dc elementor-widget elementor-widget-text-editor\" data-id=\"1c963dc\" data-element_type=\"widget\" data-e-type=\"widget\" data-widget_type=\"text-editor.default\">\n\t\t\t\t\t\t\t\t\t<p>Il y a une personne que nous oublions trop souvent de traiter avec douceur: nous-m\u00eames.<\/p><p>\u00a0<\/p><p>En tant qu\u2019\u00e9ducateurs, nous avons choisi cette profession parce que nous avons \u00e0 c\u0153ur le bien-\u00eatre des gens. Nous nous soucions tout particuli\u00e8rement des tout-petits, les enfants \u00e0 qui nous enseignons. Nous faisons tout en notre possible pour enrichir leur vie. Nous allons au-del\u00e0 de nos responsabilit\u00e9s pour soutenir nos coll\u00e8gues. Nous pla\u00e7ons les autres avant nous-m\u00eames. Et lorsque les choses ne se d\u00e9roulent pas comme pr\u00e9vu, que ce soit une le\u00e7on qui n\u2019a pas tout \u00e0 fait donn\u00e9 les r\u00e9sultats esp\u00e9r\u00e9s, le comportement pr\u00e9occupant d\u2019un \u00e9l\u00e8ve ou un appel difficile avec un parent, nous avons tendance \u00e0 nous regarder dans le miroir et \u00e0 prendre le bl\u00e2me. Sur nous-m\u00eames.<\/p><p>\u00a0<\/p><p>Prendre le temps de r\u00e9fl\u00e9chir r\u00e9guli\u00e8rement \u00e0 notre pratique est une qualit\u00e9 admirable et, franchement, une approche p\u00e9dagogique saine. Toutefois, nous avons aussi tendance \u00e0 \u00eatre trop s\u00e9v\u00e8res envers nous-m\u00eames. Nous sommes tous confront\u00e9s \u00e0 cette voix int\u00e9rieure critique par moments. Elle refait souvent surface lorsque notre sant\u00e9 mentale ou notre bien-\u00eatre g\u00e9n\u00e9ral est fragilis\u00e9. C\u2019est particuli\u00e8rement le cas lorsque nous nous en demandons trop et que nous courons partout, \u00e9puis\u00e9s par la vie professionnelle et la vie personnelle. Beaucoup d\u2019\u00e9ducateurs ont du mal \u00e0 trouver le sommeil, et c\u2019est souvent au c\u0153ur de la nuit, les yeux riv\u00e9s au plafond, que cette voix int\u00e9rieure critique se fait entendre. Curieusement, nous ne parlerions jamais \u00e0 quelqu\u2019un d\u2019autre de la mani\u00e8re dont nous nous parlons \u00e0 nous-m\u00eames.<\/p><p>\u00a0<\/p><p>Nous devons nous efforcer d\u2019\u00eatre plus indulgents envers nous-m\u00eames. Des \u00e9tudes montrent que cette voix int\u00e9rieure critique trouve fr\u00e9quemment son origine dans l\u2019enfance, fa\u00e7onn\u00e9e par les paroles et les attitudes transmises par les parents et les enseignants. Cette voix int\u00e9rieure critique peut nuire \u00e0 la sant\u00e9 mentale et avoir un impact sur notre bien-\u00eatre. Elle est souvent associ\u00e9e \u00e0 une faible estime de soi et \u00e0 un jugement s\u00e9v\u00e8re envers soi-m\u00eame. En prendre conscience et remettre en question cette n\u00e9gativit\u00e9 constituent de premi\u00e8res \u00e9tapes importantes pour reprendre le contr\u00f4le de ce dialogue int\u00e9rieur.<\/p><p>\u00a0<\/p><p>Ainsi, tout comme nous veillons sur les autres, nous devons aussi apprendre \u00e0 veiller sur nous-m\u00eames. Cultivons l\u2019autocompassion. Plut\u00f4t que d\u2019\u00e9couter cette voix int\u00e9rieure critique, faisons place \u00e0 un mentor int\u00e9rieur.<\/p><p>\u00a0<\/p><p>Soyez plus indulgents envers vous-m\u00eames!<\/p><p>\u00a0<\/p><p>Voici une courte vid\u00e9o pr\u00e9sentant des strat\u00e9gies pour mieux composer avec la voix int\u00e9rieure critique:<\/p><p>\u00a0<\/p><p><a href=\"https:\/\/youtu.be\/uWc4pZhnpOw?si=FqYRjmwlMTgDX3-2\">https:\/\/youtu.be\/uWc4pZhnpOw?si=FqYRjmwlMTgDX3-2<\/a><\/p>\t\t\t\t\t\t\t\t<\/div>\n\t\t\t\t\t<\/div>\n\t\t<\/div>\n\t\t\t\t\t<\/div>\n\t\t<\/section>\n\t\t\t\t<\/div>","protected":false},"excerpt":{"rendered":"<p>January Spotlight January Spotlight There is one person that all of us need to be a little kinder to: ourselves. \u00a0 As educators, we have chosen this profession because we care about people. We especially care about little people \u2013 the children we teach. We go out ofwayto make their lives richer. We goabove and [&hellip;]<\/p>\n","protected":false},"author":12,"featured_media":0,"parent":0,"menu_order":0,"comment_status":"closed","ping_status":"closed","template":"","meta":{"site-sidebar-layout":"no-sidebar","site-content-layout":"page-builder","ast-site-content-layout":"default","site-content-style":"default","site-sidebar-style":"default","ast-global-header-display":"","ast-banner-title-visibility":"","ast-main-header-display":"","ast-hfb-above-header-display":"","ast-hfb-below-header-display":"","ast-hfb-mobile-header-display":"","site-post-title":"disabled","ast-breadcrumbs-content":"","ast-featured-img":"disabled","footer-sml-layout":"","ast-disable-related-posts":"","theme-transparent-header-meta":"","adv-header-id-meta":"","stick-header-meta":"","header-above-stick-meta":"","header-main-stick-meta":"","header-below-stick-meta":"","astra-migrate-meta-layouts":"default","ast-page-background-enabled":"default","ast-page-background-meta":{"desktop":{"background-color":"var(--ast-global-color-4)","background-image":"","background-repeat":"repeat","background-position":"center center","background-size":"auto","background-attachment":"scroll","background-type":"","background-media":"","overlay-type":"","overlay-color":"","overlay-opacity":"","overlay-gradient":""},"tablet":{"background-color":"","background-image":"","background-repeat":"repeat","background-position":"center center","background-size":"auto","background-attachment":"scroll","background-type":"","background-media":"","overlay-type":"","overlay-color":"","overlay-opacity":"","overlay-gradient":""},"mobile":{"background-color":"","background-image":"","background-repeat":"repeat","background-position":"center center","background-size":"auto","background-attachment":"scroll","background-type":"","background-media":"","overlay-type":"","overlay-color":"","overlay-opacity":"","overlay-gradient":""}},"ast-content-background-meta":{"desktop":{"background-color":"var(--ast-global-color-5)","background-image":"","background-repeat":"repeat","background-position":"center center","background-size":"auto","background-attachment":"scroll","background-type":"","background-media":"","overlay-type":"","overlay-color":"","overlay-opacity":"","overlay-gradient":""},"tablet":{"background-color":"var(--ast-global-color-5)","background-image":"","background-repeat":"repeat","background-position":"center center","background-size":"auto","background-attachment":"scroll","background-type":"","background-media":"","overlay-type":"","overlay-color":"","overlay-opacity":"","overlay-gradient":""},"mobile":{"background-color":"var(--ast-global-color-5)","background-image":"","background-repeat":"repeat","background-position":"center center","background-size":"auto","background-attachment":"scroll","background-type":"","background-media":"","overlay-type":"","overlay-color":"","overlay-opacity":"","overlay-gradient":""}},"footnotes":""},"class_list":["post-29746","page","type-page","status-publish","hentry"],"_links":{"self":[{"href":"https:\/\/careforallineducation.com\/fr\/wp-json\/wp\/v2\/pages\/29746","targetHints":{"allow":["GET"]}}],"collection":[{"href":"https:\/\/careforallineducation.com\/fr\/wp-json\/wp\/v2\/pages"}],"about":[{"href":"https:\/\/careforallineducation.com\/fr\/wp-json\/wp\/v2\/types\/page"}],"author":[{"embeddable":true,"href":"https:\/\/careforallineducation.com\/fr\/wp-json\/wp\/v2\/users\/12"}],"replies":[{"embeddable":true,"href":"https:\/\/careforallineducation.com\/fr\/wp-json\/wp\/v2\/comments?post=29746"}],"version-history":[{"count":8,"href":"https:\/\/careforallineducation.com\/fr\/wp-json\/wp\/v2\/pages\/29746\/revisions"}],"predecessor-version":[{"id":31733,"href":"https:\/\/careforallineducation.com\/fr\/wp-json\/wp\/v2\/pages\/29746\/revisions\/31733"}],"wp:attachment":[{"href":"https:\/\/careforallineducation.com\/fr\/wp-json\/wp\/v2\/media?parent=29746"}],"curies":[{"name":"wp","href":"https:\/\/api.w.org\/{rel}","templated":true}]}}