{"id":32439,"date":"2026-02-02T02:35:25","date_gmt":"2026-02-02T08:35:25","guid":{"rendered":"https:\/\/careforallineducation.com\/?page_id=32439"},"modified":"2026-02-02T06:01:59","modified_gmt":"2026-02-02T12:01:59","slug":"february-spotlight","status":"publish","type":"page","link":"https:\/\/careforallineducation.com\/fr\/february-spotlight\/","title":{"rendered":"En vedette pour le mois de f\u00e9vrier"},"content":{"rendered":"<div data-elementor-type=\"wp-page\" data-elementor-id=\"32439\" class=\"elementor elementor-32439\" data-elementor-post-type=\"page\">\n\t\t\t\t\t\t<section class=\"elementor-section elementor-top-section elementor-element elementor-element-66eb2f5 elementor-section-height-min-height elementor-section-items-top elementor-section-boxed elementor-section-height-default\" data-id=\"66eb2f5\" data-element_type=\"section\" data-e-type=\"section\" data-settings=\"{&quot;background_background&quot;:&quot;classic&quot;}\">\n\t\t\t\t\t\t<div class=\"elementor-container elementor-column-gap-default\">\n\t\t\t\t\t<div class=\"elementor-column elementor-col-100 elementor-top-column elementor-element elementor-element-e6de384\" data-id=\"e6de384\" data-element_type=\"column\" data-e-type=\"column\">\n\t\t\t<div class=\"elementor-widget-wrap elementor-element-populated\">\n\t\t\t\t\t\t<div class=\"elementor-element elementor-element-6df28fd elementor-widget__width-auto elementor-widget elementor-widget-heading\" data-id=\"6df28fd\" data-element_type=\"widget\" data-e-type=\"widget\" data-widget_type=\"heading.default\">\n\t\t\t\t\t<h2 class=\"elementor-heading-title elementor-size-default\">En vedette pour le mois de f\u00e9vrier<\/h2>\t\t\t\t<\/div>\n\t\t\t\t\t<\/div>\n\t\t<\/div>\n\t\t\t\t\t<\/div>\n\t\t<\/section>\n\t\t\t\t<section class=\"elementor-section elementor-top-section elementor-element elementor-element-9fda872 elementor-section-boxed elementor-section-height-default elementor-section-height-default\" data-id=\"9fda872\" data-element_type=\"section\" data-e-type=\"section\">\n\t\t\t\t\t\t<div class=\"elementor-container elementor-column-gap-wide\">\n\t\t\t\t\t<div class=\"elementor-column elementor-col-100 elementor-top-column elementor-element elementor-element-71e7b51\" data-id=\"71e7b51\" data-element_type=\"column\" data-e-type=\"column\">\n\t\t\t<div class=\"elementor-widget-wrap elementor-element-populated\">\n\t\t\t\t\t\t<div class=\"elementor-element elementor-element-1c963dc elementor-widget elementor-widget-text-editor\" data-id=\"1c963dc\" data-element_type=\"widget\" data-e-type=\"widget\" data-widget_type=\"text-editor.default\">\n\t\t\t\t\t\t\t\t\t<p>Vous avez choisi cette carri\u00e8re pour une raison. Et ne dites pas que c\u2019est pour les vacances. Les professeurs (et les concierges, assistants en \u00e9ducation, administrateurs, personnel de bureau, etc.) travaillent tous des heures suppl\u00e9mentaires non r\u00e9mun\u00e9r\u00e9es, ce qui rend les vacances (encore du temps non r\u00e9mun\u00e9r\u00e9) moins attrayantes. Vous avez choisi ce domaine parce que c\u2019est important pour vous. Vos voisins, votre collectivit\u00e9 et les habitants de votre ville vous tiennent \u00e0 c\u0153ur. Et plus que tout, les enfants vous tiennent \u00e0 c\u0153ur. Vous c\u00e9l\u00e9brez leurs r\u00e9ussites et vous vous inqui\u00e9tez lorsqu\u2019ils ont des difficult\u00e9s. L\u2019enseignement est une profession \u00e0 vocation d\u2019aide. Tout comme les soins de sant\u00e9. Mais est-il possible de trop s\u2019investir?<\/p><p><br><\/p>\n<p>L\u2019usure de compassion est un vrai ph\u00e9nom\u00e8ne. Voici la v\u00e9rit\u00e9. Il ne s\u2019agit pas de trop se soucier des autres. Il s\u2019agit de ne pas assez s\u2019occuper de soi! Le travail dans le domaine de l\u2019\u00e9ducation comprend une liste sans fin de demandes. \u00c0 cela s\u2019ajoutent vos responsabilit\u00e9s \u00e0 l\u2019ext\u00e9rieur du travail. Celles-ci peuvent comprendre les enfants, les parents, les amis et la famille. Il se peut que vous fassiez du b\u00e9n\u00e9volat ou que vous ayez un autre emploi \u00e0 temps partiel. Il est facile de se sentir envahi par nos responsabilit\u00e9s. Nous ne nous rendons m\u00eame pas compte que nous en faisons trop.<\/p><p><br><\/p>\n<p>Parmi les signes de l\u2019usure de compassion, on retrouve un niveau d\u2019anxi\u00e9t\u00e9 accru, de tristesse, de col\u00e8re et d\u2019irritabilit\u00e9. Il arrive aussi de se sentir apathique ou d\u00e9tach\u00e9. Ou encore sans espoir et impuissant. Vous pourriez m\u00eame commencer \u00e0 manquer d\u2019empathie et de compassion envers les autres. Ce sont notre corps et notre cerveau qui freinent notre capacit\u00e9 \u00e0 prendre soin des autres pour assurer notre propre pr\u00e9servation. D\u2019autres signes avant-coureurs comprennent des perturbations du sommeil, l\u2019isolement ou l\u2019abus de drogues ou d\u2019alcool.<\/p><p><br><\/p>\n<p>Alors, que faire? La premi\u00e8re \u00e9tape est de se rendre compte que l\u2019on souffre d\u2019usure de compassion. La\u202fdeuxi\u00e8me \u00e9tape est de prendre du temps pour soi et de r\u00e9\u00e9valuer ses priorit\u00e9s. Dressez une liste de vos r\u00f4les et responsabilit\u00e9s. De qui vous occupez-vous et quelles responsabilit\u00e9s ne sont pas n\u00e9gociables? Avez-vous mis votre propre nom sur la liste? La plupart d\u2019entre nous ne le font pas et c\u2019est l\u00e0 que nous devons commencer. Si l\u2019on ne s\u2019occupe pas de soi en premier, on ne peut pas \u00eatre pleinement pr\u00e9sent pour les autres. Songez \u00e0 fixer vos limites. Facile \u00e0 dire, difficile \u00e0 faire. Cependant, nombreux sont ceux qui croient que nous ne pouvons pas \u00eatre des aidants empathiques si nous ne fixons pas d\u2019abord des limites.<\/p><p><br><\/p>\n<p>Vous pouvez y arriver!<\/p>\t\t\t\t\t\t\t\t<\/div>\n\t\t\t\t\t<\/div>\n\t\t<\/div>\n\t\t\t\t\t<\/div>\n\t\t<\/section>\n\t\t\t\t<\/div>","protected":false},"excerpt":{"rendered":"<p>February Spotlight You chose this career for a reason. And don&#8217;t say it&#8217;s the holidays. Teachers (and custodians, educational assistants, administrators, clerical staff, etc) all put in enough extra, unpaid time that make those holidays (more unpaid time) don&#8217;t look so attractive. You chose this field of work because you care. You care about people; [&hellip;]<\/p>\n","protected":false},"author":12,"featured_media":0,"parent":0,"menu_order":0,"comment_status":"closed","ping_status":"closed","template":"","meta":{"site-sidebar-layout":"no-sidebar","site-content-layout":"page-builder","ast-site-content-layout":"default","site-content-style":"default","site-sidebar-style":"default","ast-global-header-display":"","ast-banner-title-visibility":"","ast-main-header-display":"","ast-hfb-above-header-display":"","ast-hfb-below-header-display":"","ast-hfb-mobile-header-display":"","site-post-title":"disabled","ast-breadcrumbs-content":"","ast-featured-img":"disabled","footer-sml-layout":"","ast-disable-related-posts":"","theme-transparent-header-meta":"","adv-header-id-meta":"","stick-header-meta":"","header-above-stick-meta":"","header-main-stick-meta":"","header-below-stick-meta":"","astra-migrate-meta-layouts":"default","ast-page-background-enabled":"default","ast-page-background-meta":{"desktop":{"background-color":"var(--ast-global-color-4)","background-image":"","background-repeat":"repeat","background-position":"center center","background-size":"auto","background-attachment":"scroll","background-type":"","background-media":"","overlay-type":"","overlay-color":"","overlay-opacity":"","overlay-gradient":""},"tablet":{"background-color":"","background-image":"","background-repeat":"repeat","background-position":"center center","background-size":"auto","background-attachment":"scroll","background-type":"","background-media":"","overlay-type":"","overlay-color":"","overlay-opacity":"","overlay-gradient":""},"mobile":{"background-color":"","background-image":"","background-repeat":"repeat","background-position":"center center","background-size":"auto","background-attachment":"scroll","background-type":"","background-media":"","overlay-type":"","overlay-color":"","overlay-opacity":"","overlay-gradient":""}},"ast-content-background-meta":{"desktop":{"background-color":"var(--ast-global-color-5)","background-image":"","background-repeat":"repeat","background-position":"center center","background-size":"auto","background-attachment":"scroll","background-type":"","background-media":"","overlay-type":"","overlay-color":"","overlay-opacity":"","overlay-gradient":""},"tablet":{"background-color":"var(--ast-global-color-5)","background-image":"","background-repeat":"repeat","background-position":"center center","background-size":"auto","background-attachment":"scroll","background-type":"","background-media":"","overlay-type":"","overlay-color":"","overlay-opacity":"","overlay-gradient":""},"mobile":{"background-color":"var(--ast-global-color-5)","background-image":"","background-repeat":"repeat","background-position":"center center","background-size":"auto","background-attachment":"scroll","background-type":"","background-media":"","overlay-type":"","overlay-color":"","overlay-opacity":"","overlay-gradient":""}},"footnotes":""},"class_list":["post-32439","page","type-page","status-publish","hentry"],"_links":{"self":[{"href":"https:\/\/careforallineducation.com\/fr\/wp-json\/wp\/v2\/pages\/32439","targetHints":{"allow":["GET"]}}],"collection":[{"href":"https:\/\/careforallineducation.com\/fr\/wp-json\/wp\/v2\/pages"}],"about":[{"href":"https:\/\/careforallineducation.com\/fr\/wp-json\/wp\/v2\/types\/page"}],"author":[{"embeddable":true,"href":"https:\/\/careforallineducation.com\/fr\/wp-json\/wp\/v2\/users\/12"}],"replies":[{"embeddable":true,"href":"https:\/\/careforallineducation.com\/fr\/wp-json\/wp\/v2\/comments?post=32439"}],"version-history":[{"count":8,"href":"https:\/\/careforallineducation.com\/fr\/wp-json\/wp\/v2\/pages\/32439\/revisions"}],"predecessor-version":[{"id":32459,"href":"https:\/\/careforallineducation.com\/fr\/wp-json\/wp\/v2\/pages\/32439\/revisions\/32459"}],"wp:attachment":[{"href":"https:\/\/careforallineducation.com\/fr\/wp-json\/wp\/v2\/media?parent=32439"}],"curies":[{"name":"wp","href":"https:\/\/api.w.org\/{rel}","templated":true}]}}