{"id":32490,"date":"2026-04-30T03:50:15","date_gmt":"2026-04-30T08:50:15","guid":{"rendered":"https:\/\/careforallineducation.com\/?page_id=32490"},"modified":"2026-04-30T04:23:29","modified_gmt":"2026-04-30T09:23:29","slug":"may-spotlight","status":"publish","type":"page","link":"https:\/\/careforallineducation.com\/fr\/may-spotlight\/","title":{"rendered":"May\u00a0Spotlight\u00a0"},"content":{"rendered":"<div data-elementor-type=\"wp-page\" data-elementor-id=\"32490\" class=\"elementor elementor-32490\" data-elementor-post-type=\"page\">\n\t\t\t\t\t\t<section class=\"elementor-section elementor-top-section elementor-element elementor-element-66eb2f5 elementor-section-height-min-height elementor-section-items-top elementor-section-boxed elementor-section-height-default\" data-id=\"66eb2f5\" data-element_type=\"section\" data-e-type=\"section\" data-settings=\"{&quot;background_background&quot;:&quot;classic&quot;}\">\n\t\t\t\t\t\t<div class=\"elementor-container elementor-column-gap-default\">\n\t\t\t\t\t<div class=\"elementor-column elementor-col-100 elementor-top-column elementor-element elementor-element-e6de384\" data-id=\"e6de384\" data-element_type=\"column\" data-e-type=\"column\">\n\t\t\t<div class=\"elementor-widget-wrap elementor-element-populated\">\n\t\t\t\t\t\t<div class=\"elementor-element elementor-element-6df28fd elementor-widget__width-auto elementor-widget elementor-widget-heading\" data-id=\"6df28fd\" data-element_type=\"widget\" data-e-type=\"widget\" data-widget_type=\"heading.default\">\n\t\t\t\t\t<h2 class=\"elementor-heading-title elementor-size-default\">Fixer des limites est b\u00e9n\u00e9fique <\/h2>\t\t\t\t<\/div>\n\t\t\t\t\t<\/div>\n\t\t<\/div>\n\t\t\t\t\t<\/div>\n\t\t<\/section>\n\t\t\t\t<section class=\"elementor-section elementor-top-section elementor-element elementor-element-9fda872 elementor-section-boxed elementor-section-height-default elementor-section-height-default\" data-id=\"9fda872\" data-element_type=\"section\" data-e-type=\"section\">\n\t\t\t\t\t\t<div class=\"elementor-container elementor-column-gap-wide\">\n\t\t\t\t\t<div class=\"elementor-column elementor-col-100 elementor-top-column elementor-element elementor-element-71e7b51\" data-id=\"71e7b51\" data-element_type=\"column\" data-e-type=\"column\">\n\t\t\t<div class=\"elementor-widget-wrap elementor-element-populated\">\n\t\t\t\t\t\t<div class=\"elementor-element elementor-element-8f063ec elementor-widget elementor-widget-heading\" data-id=\"8f063ec\" data-element_type=\"widget\" data-e-type=\"widget\" data-widget_type=\"heading.default\">\n\t\t\t\t\t<h2 class=\"elementor-heading-title elementor-size-default\">Fixer des limites est b\u00e9n\u00e9fique <\/h2>\t\t\t\t<\/div>\n\t\t\t\t<div class=\"elementor-element elementor-element-1c963dc elementor-widget elementor-widget-text-editor\" data-id=\"1c963dc\" data-element_type=\"widget\" data-e-type=\"widget\" data-widget_type=\"text-editor.default\">\n\t\t\t\t\t\t\t\t\t<p><span data-contrast=\"auto\">En janvier, nous avons \u00e9voqu\u00e9 l\u2019importance de faire de \u00ab\u202fsoi\u202f\u00bb la priorit\u00e9. Il est impossible de faire notre travail sans prendre soin de nous-m\u00eames au pr\u00e9alable. Les m\u00e9tiers impliquant des enfants en milieu scolaire sont exigeants, quel que soit le poste occup\u00e9 (conducteur d\u2019autobus, secr\u00e9taire, enseignant, assistant en \u00e9ducation, concierge ou administrateur). Fixer des limites est un moyen de parvenir \u00e0 prendre soin de soi. Il est \u00e9vident que nous devons accomplir de nombreuses t\u00e2ches au quotidien, chaque semaine ou chaque mois. Certaines t\u00e2ches sont li\u00e9es au travail, mais beaucoup sont d\u2019ordre personnel. Il y a toutefois des limites \u00e0 ce \u00e0 quoi nous pouvons nous engager et une r\u00e9flexion honn\u00eate peut nous aider \u00e0 d\u00e9terminer \u00e0 quoi nous voulons consacrer notre temps et nos efforts.<\/span><span data-ccp-props=\"{}\">\u00a0<\/span><\/p><p><span data-ccp-props=\"{}\">\u00a0<\/span><\/p><p><span data-contrast=\"auto\">Savoir fixer des limites est l\u2019une des comp\u00e9tences les plus importantes pour pouvoir entretenir des relations saines et pr\u00e9server son bien-\u00eatre personnel. \u00c0 la base, une limite est une fronti\u00e8re que vous fixez pour d\u00e9finir ce avec quoi vous \u00eates \u00e0 l\u2019aise et la mani\u00e8re dont vous souhaitez \u00eatre trait\u00e9 par les autres. M\u00eame si cela peut sembler compliqu\u00e9 au d\u00e9but, en particulier pour les personnes qui ont l\u2019habitude de donner la priorit\u00e9 aux besoins des autres (les enseignants!), apprendre \u00e0 \u00e9tablir et \u00e0 maintenir des limites offre des b\u00e9n\u00e9fices \u00e9motionnels, mentaux et m\u00eame physiques \u00e0 long terme.<\/span><span data-ccp-props=\"{}\">\u00a0<\/span><\/p><p><span data-ccp-props=\"{}\">\u00a0<\/span><\/p><p><span data-contrast=\"auto\">L\u2019un des principaux b\u00e9n\u00e9fices au fait de fixer des limites est la r\u00e9duction du stress. Lorsque vous communiquez vos limites de mani\u00e8re claire, vous \u00e9vitez de vous engager de mani\u00e8re excessive et d\u2019assumer des responsabilit\u00e9s qui vous \u00e9puisent. Cela aide \u00e0 pr\u00e9venir l\u2019\u00e9puisement professionnel et vous permet de vous concentrer sur ce qui compte vraiment. Au lieu de vous sentir d\u00e9pass\u00e9 ou de nourrir du ressentiment, vous acqu\u00e9rez un sentiment de contr\u00f4le sur votre temps et vos d\u00e9cisions.<\/span><\/p><p><span data-ccp-props=\"{}\">\u00a0<\/span><\/p><p><span data-contrast=\"auto\">Les limites am\u00e9liorent \u00e9galement les relations. Contrairement \u00e0 la crainte que dire \u00ab\u202fnon\u202f\u00bb puisse \u00e9loigner les gens, des limites saines favorisent en r\u00e9alit\u00e9 le respect et la confiance. Lorsque les autres comprennent vos limites, les interactions deviennent plus honn\u00eates et pr\u00e9visibles. Vous \u00eates moins susceptible de vous sentir \u00ab\u202futilis\u00e9\u202f\u00bb par les autres, et la communication devient plus claire. En retour, cela encourage le respect mutuel, o\u00f9 les deux parties se sentent \u00e9cout\u00e9es et valoris\u00e9es.<\/span><\/p><p><span data-ccp-props=\"{}\">\u00a0<\/span><\/p><p><span data-contrast=\"auto\">Un autre b\u00e9n\u00e9fice important est l\u2019am\u00e9lioration de l\u2019estime de soi. Fixer des limites vous oblige \u00e0 reconna\u00eetre vos propres besoins (et vos forces) et \u00e0 les affirmer avec confiance. Chaque fois que vous vous affirmez, vous renforcez la conviction que vos sentiments et vos priorit\u00e9s comptent. Au fil du temps, cela renforce votre estime de soi et votre identit\u00e9 personnelle.<\/span><span data-ccp-props=\"{}\">\u00a0<\/span><\/p><p><span data-ccp-props=\"{}\">\u00a0<\/span><\/p><p><span data-contrast=\"auto\">Les limites prot\u00e8gent \u00e9galement votre sant\u00e9 \u00e9motionnelle. Sans elles, il est facile d\u2019absorber le stress, la n\u00e9gativit\u00e9 ou les attentes irr\u00e9alistes des autres. En \u00e9tablissant des limites, vous cr\u00e9ez une zone tampon qui vous permet d\u2019interagir avec les autres sans sacrifier votre propre bien-\u00eatre mental. C\u2019est particuli\u00e8rement important dans les environnements \u00e0 forte pression, comme le travail ou la dynamique familiale, o\u00f9 les exigences \u00e9motionnelles peuvent \u00eatre intenses.<\/span><span data-ccp-props=\"{}\">\u00a0<\/span><\/p><p><span data-ccp-props=\"{}\">\u00a0<\/span><\/p><p><span data-contrast=\"auto\">De plus, \u00e9tablir des limites favorise le d\u00e9veloppement personnel. Elles vous encouragent \u00e0 r\u00e9fl\u00e9chir \u00e0 vos valeurs, vos objectifs et vos limites. \u00c0 mesure que vous prenez conscience de ce dont vous avez besoin pour vous \u00e9panouir, vous pouvez faire des choix plus r\u00e9fl\u00e9chis quant \u00e0 la fa\u00e7on dont vous passez votre temps et aux personnes dans lesquelles vous investissez votre \u00e9nergie. Cette clart\u00e9 vous aide \u00e0 aligner vos actions sur vos aspirations \u00e0 long terme.<\/span><span data-ccp-props=\"{}\">\u00a0<\/span><\/p><p><span data-ccp-props=\"{}\">\u00a0<\/span><\/p><p><span data-contrast=\"auto\">Ainsi, fixer des limites ne consiste pas \u00e0 exclure les gens, mais \u00e0 cr\u00e9er un espace pour des interactions plus saines et plus \u00e9quilibr\u00e9es. En r\u00e9duisant le stress, en renfor\u00e7ant les relations, en stimulant l\u2019estime de soi et en prot\u00e9geant la sant\u00e9 \u00e9motionnelle, les limites vous permettent de mener une vie plus r\u00e9fl\u00e9chie et \u00e9panouissante. En tant qu\u2019\u00e9ducateurs, et plus particuli\u00e8rement en tant qu\u2019enseignants, les occasions de donner et d\u2019apporter votre soutien \u00e0 vos \u00e9l\u00e8ves sont infinies. Certaines de ces occasions peuvent \u00eatre consid\u00e9r\u00e9es comme allant au-del\u00e0 du cadre normal de nos fonctions. Pensez au coaching parascolaire, aux clubs et aux comit\u00e9s. Bien que ces activit\u00e9s puissent \u00eatre des moyens extr\u00eamement gratifiants de cr\u00e9er des liens avec les \u00e9l\u00e8ves et les coll\u00e8gues, elles peuvent aussi \u00e9puiser nos r\u00e9serves de bien-\u00eatre.<\/span><span data-ccp-props=\"{}\">\u00a0<\/span><\/p>\t\t\t\t\t\t\t\t<\/div>\n\t\t\t\t\t<\/div>\n\t\t<\/div>\n\t\t\t\t\t<\/div>\n\t\t<\/section>\n\t\t\t\t<\/div>","protected":false},"excerpt":{"rendered":"<p>The Benefit of Setting Boundaries The Benefit of Setting Boundaries In January, we wrote about making \u2018you\u2019 the priority.\u00a0\u00a0We can\u2019t do our jobs without first looking after ourselves. Working with children in a school setting is a demanding occupation regardless of your role (bus driver, secretary, teacher, educational assistant, custodian or administrator). One way to [&hellip;]<\/p>\n","protected":false},"author":12,"featured_media":0,"parent":0,"menu_order":0,"comment_status":"closed","ping_status":"closed","template":"","meta":{"site-sidebar-layout":"no-sidebar","site-content-layout":"page-builder","ast-site-content-layout":"default","site-content-style":"default","site-sidebar-style":"default","ast-global-header-display":"","ast-banner-title-visibility":"","ast-main-header-display":"","ast-hfb-above-header-display":"","ast-hfb-below-header-display":"","ast-hfb-mobile-header-display":"","site-post-title":"disabled","ast-breadcrumbs-content":"","ast-featured-img":"disabled","footer-sml-layout":"","ast-disable-related-posts":"","theme-transparent-header-meta":"","adv-header-id-meta":"","stick-header-meta":"","header-above-stick-meta":"","header-main-stick-meta":"","header-below-stick-meta":"","astra-migrate-meta-layouts":"default","ast-page-background-enabled":"default","ast-page-background-meta":{"desktop":{"background-color":"var(--ast-global-color-4)","background-image":"","background-repeat":"repeat","background-position":"center center","background-size":"auto","background-attachment":"scroll","background-type":"","background-media":"","overlay-type":"","overlay-color":"","overlay-opacity":"","overlay-gradient":""},"tablet":{"background-color":"","background-image":"","background-repeat":"repeat","background-position":"center center","background-size":"auto","background-attachment":"scroll","background-type":"","background-media":"","overlay-type":"","overlay-color":"","overlay-opacity":"","overlay-gradient":""},"mobile":{"background-color":"","background-image":"","background-repeat":"repeat","background-position":"center center","background-size":"auto","background-attachment":"scroll","background-type":"","background-media":"","overlay-type":"","overlay-color":"","overlay-opacity":"","overlay-gradient":""}},"ast-content-background-meta":{"desktop":{"background-color":"var(--ast-global-color-5)","background-image":"","background-repeat":"repeat","background-position":"center center","background-size":"auto","background-attachment":"scroll","background-type":"","background-media":"","overlay-type":"","overlay-color":"","overlay-opacity":"","overlay-gradient":""},"tablet":{"background-color":"var(--ast-global-color-5)","background-image":"","background-repeat":"repeat","background-position":"center center","background-size":"auto","background-attachment":"scroll","background-type":"","background-media":"","overlay-type":"","overlay-color":"","overlay-opacity":"","overlay-gradient":""},"mobile":{"background-color":"var(--ast-global-color-5)","background-image":"","background-repeat":"repeat","background-position":"center center","background-size":"auto","background-attachment":"scroll","background-type":"","background-media":"","overlay-type":"","overlay-color":"","overlay-opacity":"","overlay-gradient":""}},"footnotes":""},"class_list":["post-32490","page","type-page","status-publish","hentry"],"_links":{"self":[{"href":"https:\/\/careforallineducation.com\/fr\/wp-json\/wp\/v2\/pages\/32490","targetHints":{"allow":["GET"]}}],"collection":[{"href":"https:\/\/careforallineducation.com\/fr\/wp-json\/wp\/v2\/pages"}],"about":[{"href":"https:\/\/careforallineducation.com\/fr\/wp-json\/wp\/v2\/types\/page"}],"author":[{"embeddable":true,"href":"https:\/\/careforallineducation.com\/fr\/wp-json\/wp\/v2\/users\/12"}],"replies":[{"embeddable":true,"href":"https:\/\/careforallineducation.com\/fr\/wp-json\/wp\/v2\/comments?post=32490"}],"version-history":[{"count":10,"href":"https:\/\/careforallineducation.com\/fr\/wp-json\/wp\/v2\/pages\/32490\/revisions"}],"predecessor-version":[{"id":32502,"href":"https:\/\/careforallineducation.com\/fr\/wp-json\/wp\/v2\/pages\/32490\/revisions\/32502"}],"wp:attachment":[{"href":"https:\/\/careforallineducation.com\/fr\/wp-json\/wp\/v2\/media?parent=32490"}],"curies":[{"name":"wp","href":"https:\/\/api.w.org\/{rel}","templated":true}]}}