{"id":4387,"date":"2022-02-07T05:44:54","date_gmt":"2022-02-07T11:44:54","guid":{"rendered":"https:\/\/careforallineducation.com\/?page_id=4387"},"modified":"2022-02-07T05:48:48","modified_gmt":"2022-02-07T11:48:48","slug":"share-your-voice","status":"publish","type":"page","link":"https:\/\/careforallineducation.com\/fr\/share-your-voice\/","title":{"rendered":"Partagez votre voix"},"content":{"rendered":"<div data-elementor-type=\"wp-page\" data-elementor-id=\"4387\" class=\"elementor elementor-4387\" data-elementor-post-type=\"page\">\n\t\t\t\t\t\t<section class=\"elementor-section elementor-top-section elementor-element elementor-element-ec4b047 elementor-section-boxed elementor-section-height-default elementor-section-height-default\" data-id=\"ec4b047\" data-element_type=\"section\" data-e-type=\"section\">\n\t\t\t\t\t\t<div class=\"elementor-container elementor-column-gap-wider\">\n\t\t\t\t\t<div class=\"elementor-column elementor-col-100 elementor-top-column elementor-element elementor-element-5090cc9\" data-id=\"5090cc9\" data-element_type=\"column\" data-e-type=\"column\">\n\t\t\t<div class=\"elementor-widget-wrap elementor-element-populated\">\n\t\t\t\t\t\t<div class=\"elementor-element elementor-element-ad704e2 elementor-widget elementor-widget-heading\" data-id=\"ad704e2\" data-element_type=\"widget\" data-e-type=\"widget\" data-widget_type=\"heading.default\">\n\t\t\t\t\t<h1 class=\"elementor-heading-title elementor-size-default\">Faites-nous part de vos opinions sur le site Web Des soins en \u00e9ducation pour tous!<\/h1>\t\t\t\t<\/div>\n\t\t\t\t<div class=\"elementor-element elementor-element-d0dd1a5 elementor-widget elementor-widget-text-editor\" data-id=\"d0dd1a5\" data-element_type=\"widget\" data-e-type=\"widget\" data-widget_type=\"text-editor.default\">\n\t\t\t\t\t\t\t\t\t<p>L\u2019Association canadienne pour la sant\u00e9 mentale \u2013 Manitoba et Winnipeg travaille avec des chercheurs de l\u2019Universit\u00e9 de Winnipeg (U de W) qui suivent les d\u00e9veloppements en mati\u00e8re de r\u00e9silience et de r\u00e9tablissement chez <strong>les personnes qui \u0153uvrent dans le secteur de l\u2019\u00e9ducation<\/strong> au Manitoba. L\u2019\u00e9quipe de l\u2019U de W recueille des sondages en ligne anonymes <em><strong>de 12 \u00e0 15 minutes<\/strong><\/em>, aupr\u00e8s des employ\u00e9s du secteur de l\u2019\u00e9ducation qui se pr\u00e9valent des services de l\u2019ACSM. Les participants au sondage courent la chance de gagner trois prix de 100 $. Si vous souhaitez participer au tirage, vous trouverez de plus amples renseignements et le sondage en ligne anonyme \u00e0 (disponible en anglais seulement) <a href=\"https:\/\/www.surveymonkey.com\/r\/NCR67P9\">https:\/\/www.surveymonkey.com\/r\/NCR67P9<\/a>.<\/p><p>\u00a0<\/p><p>Veuillez faire parvenir vos questions par courriel \u00e0 la chercheuse principale Laura Sokal \u00e0 <a href=\"mailto:lj.sokal@uwinnipeg.ca\">lj.sokal@uwinnipeg.ca<\/a> ou \u00e0 l\u2019adjointe principale \u00e0 la recherche Alina Wilson \u00e0 <a href=\"mailto:Alina.cov7@gmail.com\">Alina.cov7@gmail.com<\/a>. La participation est facultative et l\u2019acc\u00e8s aux services de l\u2019ACSM n\u2019est pas li\u00e9 \u00e0 votre d\u00e9cision de participer ou non \u00e0 la recherche de l\u2019U de W.<\/p>\t\t\t\t\t\t\t\t<\/div>\n\t\t\t\t\t<\/div>\n\t\t<\/div>\n\t\t\t\t\t<\/div>\n\t\t<\/section>\n\t\t\t\t<\/div>","protected":false},"excerpt":{"rendered":"<p>Share Your Voice with Care for All in Education Website! The Canadian Mental Health Association, Manitoba and Winnipeg, is working with researchers from the University of Winnipeg who are tracking developments in resilience and recovery in people working in the education sector in Manitoba. The UW team is collecting anonymous 12 to 15-minute, online surveys [&hellip;]<\/p>\n","protected":false},"author":13,"featured_media":0,"parent":0,"menu_order":0,"comment_status":"closed","ping_status":"closed","template":"","meta":{"site-sidebar-layout":"no-sidebar","site-content-layout":"page-builder","ast-site-content-layout":"default","site-content-style":"default","site-sidebar-style":"default","ast-global-header-display":"","ast-banner-title-visibility":"","ast-main-header-display":"","ast-hfb-above-header-display":"","ast-hfb-below-header-display":"","ast-hfb-mobile-header-display":"","site-post-title":"disabled","ast-breadcrumbs-content":"","ast-featured-img":"disabled","footer-sml-layout":"","ast-disable-related-posts":"","theme-transparent-header-meta":"","adv-header-id-meta":"","stick-header-meta":"","header-above-stick-meta":"","header-main-stick-meta":"","header-below-stick-meta":"","astra-migrate-meta-layouts":"default","ast-page-background-enabled":"default","ast-page-background-meta":{"desktop":{"background-color":"var(--ast-global-color-4)","background-image":"","background-repeat":"repeat","background-position":"center center","background-size":"auto","background-attachment":"scroll","background-type":"","background-media":"","overlay-type":"","overlay-color":"","overlay-opacity":"","overlay-gradient":""},"tablet":{"background-color":"","background-image":"","background-repeat":"repeat","background-position":"center center","background-size":"auto","background-attachment":"scroll","background-type":"","background-media":"","overlay-type":"","overlay-color":"","overlay-opacity":"","overlay-gradient":""},"mobile":{"background-color":"","background-image":"","background-repeat":"repeat","background-position":"center center","background-size":"auto","background-attachment":"scroll","background-type":"","background-media":"","overlay-type":"","overlay-color":"","overlay-opacity":"","overlay-gradient":""}},"ast-content-background-meta":{"desktop":{"background-color":"var(--ast-global-color-5)","background-image":"","background-repeat":"repeat","background-position":"center center","background-size":"auto","background-attachment":"scroll","background-type":"","background-media":"","overlay-type":"","overlay-color":"","overlay-opacity":"","overlay-gradient":""},"tablet":{"background-color":"var(--ast-global-color-5)","background-image":"","background-repeat":"repeat","background-position":"center center","background-size":"auto","background-attachment":"scroll","background-type":"","background-media":"","overlay-type":"","overlay-color":"","overlay-opacity":"","overlay-gradient":""},"mobile":{"background-color":"var(--ast-global-color-5)","background-image":"","background-repeat":"repeat","background-position":"center center","background-size":"auto","background-attachment":"scroll","background-type":"","background-media":"","overlay-type":"","overlay-color":"","overlay-opacity":"","overlay-gradient":""}},"footnotes":""},"class_list":["post-4387","page","type-page","status-publish","hentry"],"_links":{"self":[{"href":"https:\/\/careforallineducation.com\/fr\/wp-json\/wp\/v2\/pages\/4387","targetHints":{"allow":["GET"]}}],"collection":[{"href":"https:\/\/careforallineducation.com\/fr\/wp-json\/wp\/v2\/pages"}],"about":[{"href":"https:\/\/careforallineducation.com\/fr\/wp-json\/wp\/v2\/types\/page"}],"author":[{"embeddable":true,"href":"https:\/\/careforallineducation.com\/fr\/wp-json\/wp\/v2\/users\/13"}],"replies":[{"embeddable":true,"href":"https:\/\/careforallineducation.com\/fr\/wp-json\/wp\/v2\/comments?post=4387"}],"version-history":[{"count":4,"href":"https:\/\/careforallineducation.com\/fr\/wp-json\/wp\/v2\/pages\/4387\/revisions"}],"predecessor-version":[{"id":4392,"href":"https:\/\/careforallineducation.com\/fr\/wp-json\/wp\/v2\/pages\/4387\/revisions\/4392"}],"wp:attachment":[{"href":"https:\/\/careforallineducation.com\/fr\/wp-json\/wp\/v2\/media?parent=4387"}],"curies":[{"name":"wp","href":"https:\/\/api.w.org\/{rel}","templated":true}]}}