{"id":4394,"date":"2022-02-09T05:10:22","date_gmt":"2022-02-09T11:10:22","guid":{"rendered":"https:\/\/careforallineducation.com\/?page_id=4394"},"modified":"2023-02-21T03:32:25","modified_gmt":"2023-02-21T09:32:25","slug":"well-being-connection-podcast","status":"publish","type":"page","link":"https:\/\/careforallineducation.com\/fr\/well-being-connection-podcast\/","title":{"rendered":"Podcast Connexion bien-\u00eatre"},"content":{"rendered":"<div data-elementor-type=\"wp-page\" data-elementor-id=\"4394\" class=\"elementor elementor-4394\" data-elementor-post-type=\"page\">\n\t\t\t\t\t\t<section class=\"elementor-section elementor-top-section elementor-element elementor-element-96737f2 elementor-section-boxed elementor-section-height-default elementor-section-height-default\" data-id=\"96737f2\" data-element_type=\"section\" data-e-type=\"section\">\n\t\t\t\t\t\t<div class=\"elementor-container elementor-column-gap-wide\">\n\t\t\t\t\t<div class=\"elementor-column elementor-col-100 elementor-top-column elementor-element elementor-element-0901c12\" data-id=\"0901c12\" data-element_type=\"column\" data-e-type=\"column\">\n\t\t\t<div class=\"elementor-widget-wrap elementor-element-populated\">\n\t\t\t\t\t\t<div class=\"elementor-element elementor-element-d47f929 elementor-widget elementor-widget-heading\" data-id=\"d47f929\" data-element_type=\"widget\" data-e-type=\"widget\" data-widget_type=\"heading.default\">\n\t\t\t\t\t<h1 class=\"elementor-heading-title elementor-size-default\">Podcast Connexion bien-\u00eatre<\/h1>\t\t\t\t<\/div>\n\t\t\t\t<div class=\"elementor-element elementor-element-5c452d1 elementor-position-inline-start elementor-view-default elementor-mobile-position-block-start elementor-widget elementor-widget-icon-box\" data-id=\"5c452d1\" data-element_type=\"widget\" data-e-type=\"widget\" data-widget_type=\"icon-box.default\">\n\t\t\t\t\t\t\t<div class=\"elementor-icon-box-wrapper\">\n\n\t\t\t\t\t\t<div class=\"elementor-icon-box-icon\">\n\t\t\t\t<a href=\"https:\/\/anchor.fm\/well-being-connection\/episodes\/Care-For-All-In-Education-e1bvh86\" target=\"_blank\" class=\"elementor-icon\" tabindex=\"-1\" aria-label=\"Des soins en \u00e9ducation pour tous\">\n\t\t\t\t<svg aria-hidden=\"true\" class=\"e-font-icon-svg e-far-file-audio\" viewbox=\"0 0 384 512\" xmlns=\"http:\/\/www.w3.org\/2000\/svg\"><path d=\"M369.941 97.941l-83.882-83.882A48 48 0 0 0 252.118 0H48C21.49 0 0 21.49 0 48v416c0 26.51 21.49 48 48 48h288c26.51 0 48-21.49 48-48V131.882a48 48 0 0 0-14.059-33.941zM332.118 128H256V51.882L332.118 128zM48 464V48h160v104c0 13.255 10.745 24 24 24h104v288H48zm144-76.024c0 10.691-12.926 16.045-20.485 8.485L136 360.486h-28c-6.627 0-12-5.373-12-12v-56c0-6.627 5.373-12 12-12h28l35.515-36.947c7.56-7.56 20.485-2.206 20.485 8.485v135.952zm41.201-47.13c9.051-9.297 9.06-24.133.001-33.439-22.149-22.752 12.235-56.246 34.395-33.481 27.198 27.94 27.212 72.444.001 100.401-21.793 22.386-56.947-10.315-34.397-33.481z\"><\/path><\/svg>\t\t\t\t<\/a>\n\t\t\t<\/div>\n\t\t\t\n\t\t\t\t\t\t<div class=\"elementor-icon-box-content\">\n\n\t\t\t\t\t\t\t\t\t<h3 class=\"elementor-icon-box-title\">\n\t\t\t\t\t\t<a href=\"https:\/\/anchor.fm\/well-being-connection\/episodes\/Care-For-All-In-Education-e1bvh86\" target=\"_blank\" >\n\t\t\t\t\t\t\tDes soins en \u00e9ducation pour tous\t\t\t\t\t\t<\/a>\n\t\t\t\t\t<\/h3>\n\t\t\t\t\n\t\t\t\t\t\t\t\t\t<p class=\"elementor-icon-box-description\">\n\t\t\t\t\t\tWell-Being Connection (disponible en anglais seulement)\n<br><br>\nStephen Sutherland, directeur de la promotion de la sant\u00e9 mentale de l\u2019ACSM \u2013 Manitoba et Winnipeg, s\u2019entretient avec Irene Nordheim et l\u2019\u00e9quipe de sp\u00e9cialistes du soutien au bien-\u00eatre qui participent \u00e0 l\u2019initiative \u00ab Des soins en \u00e9ducation pour tous \u00bb propose des ressources num\u00e9riques indispensables en sant\u00e9 mentale pour le personnel enseignant de premi\u00e8re ligne de notre province durement touch\u00e9 par le stress de la pand\u00e9mie des deux derni\u00e8res ann\u00e9es. Les enseignants, les administrateurs, les chauffeurs d\u2019autobus, le personnel de bureau, les concierges, les aides-enseignants et beaucoup d\u2019autres travailleurs du secteur de l\u2019\u00e9ducation croulent tous sous les pressions de la pand\u00e9mie prolong\u00e9e alors qu\u2019ils travaillent diligemment pour soutenir les \u00e9l\u00e8ves de la province. Pour cette raison, l\u2019ACSM \u2013 Manitoba et Winnipeg, avec l\u2019appui financier de la province du Manitoba, a cr\u00e9\u00e9 l\u2019initiative \u00ab Des soins en \u00e9ducation pour tous \u00bb, un portail en ligne de ressources en sant\u00e9 mentale et a mis sur pied une \u00e9quipe de sp\u00e9cialistes de soutien au bien-\u00eatre qui aident les membres du personnel de l\u2019\u00e9ducation \u00e0 trouver les ressources en sant\u00e9 mentale dont ils ont manifestement besoin pendant cette p\u00e9riode.\u00a0\n<br><br>\n\u00ab Le travail n\u2019est pas simple, et la COVID est venue ajouter un stress additionnel, mais elle n\u2019a pas \u00e9teint la passion que ces gens ressentent pour leurs \u00e9l\u00e8ves et leur profession. Cette p\u00e9riode s\u2019est av\u00e9r\u00e9e toutefois ext\u00e9nuante et stressante, car nous d\u00e9ployons de grands efforts pour nous assurer que les enfants demeurent en sant\u00e9, et parfois \u00e7a se fait \u00e0 leur d\u00e9triment. \u00bb \u2013 Irene Nordheim, coordonnatrice, Des soins en \u00e9ducation pour tous. \n<br><br>\nPour en apprendre davantage, \u00e9coutez le balado Well-Being Connection (Connexion bien-\u00eatre, en anglais seulement) d\u2019aujourd\u2019hui en suivant : <a href=\"https:\/\/anchor.fm\/well-being-connection\/episodes\/Care-For-All-In-Education-e1bvh86\">https:\/\/anchor.fm\/well-being-connection\/episodes\/Care-For-All-In-Education-e1bvh86<\/a>\n\t\t\t\t\t<\/p>\n\t\t\t\t\n\t\t\t<\/div>\n\t\t\t\n\t\t<\/div>\n\t\t\t\t\t\t<\/div>\n\t\t\t\t<div class=\"elementor-element elementor-element-621dffb elementor-widget elementor-widget-image\" data-id=\"621dffb\" data-element_type=\"widget\" data-e-type=\"widget\" data-widget_type=\"image.default\">\n\t\t\t\t\t\t\t\t\t\t\t\t\t\t\t\t<a href=\"https:\/\/anchor.fm\/well-being-connection\/episodes\/Care-For-All-In-Education-e1bvh86\">\n\t\t\t\t\t\t\t<img fetchpriority=\"high\" decoding=\"async\" width=\"345\" height=\"243\" src=\"https:\/\/careforallineducation.com\/wp-content\/uploads\/2022\/04\/14969635-1621625966387-cc715fe3c27ee-1-min.jpg\" class=\"attachment-large size-large wp-image-4846\" alt=\"\" srcset=\"https:\/\/careforallineducation.com\/wp-content\/uploads\/2022\/04\/14969635-1621625966387-cc715fe3c27ee-1-min.jpg 345w, https:\/\/careforallineducation.com\/wp-content\/uploads\/2022\/04\/14969635-1621625966387-cc715fe3c27ee-1-min-300x211.jpg 300w, https:\/\/careforallineducation.com\/wp-content\/uploads\/2022\/04\/14969635-1621625966387-cc715fe3c27ee-1-min-18x12.jpg 18w\" sizes=\"(max-width: 345px) 100vw, 345px\" \/>\t\t\t\t\t\t\t\t<\/a>\n\t\t\t\t\t\t\t\t\t\t\t\t\t\t\t<\/div>\n\t\t\t\t\t<\/div>\n\t\t<\/div>\n\t\t\t\t\t<\/div>\n\t\t<\/section>\n\t\t\t\t<\/div>","protected":false},"excerpt":{"rendered":"<p>Well-Being Connection Podcast Care for All in Education Well-Being Connection Stephen Sutherland, Director of Mental Health Promotion with CMHA-Manitoba and Winnipeg talks to Irene Nordheim and the Wellness Support Specialist team supporting the \u201cCare for All in Education\u201d initiative which is providing much-needed digital and mental health resources for our province\u2019s front-line educational workforce who [&hellip;]<\/p>\n","protected":false},"author":13,"featured_media":0,"parent":0,"menu_order":0,"comment_status":"closed","ping_status":"closed","template":"","meta":{"site-sidebar-layout":"no-sidebar","site-content-layout":"page-builder","ast-site-content-layout":"default","site-content-style":"default","site-sidebar-style":"default","ast-global-header-display":"","ast-banner-title-visibility":"","ast-main-header-display":"","ast-hfb-above-header-display":"","ast-hfb-below-header-display":"","ast-hfb-mobile-header-display":"","site-post-title":"disabled","ast-breadcrumbs-content":"","ast-featured-img":"disabled","footer-sml-layout":"","ast-disable-related-posts":"","theme-transparent-header-meta":"","adv-header-id-meta":"","stick-header-meta":"","header-above-stick-meta":"","header-main-stick-meta":"","header-below-stick-meta":"","astra-migrate-meta-layouts":"default","ast-page-background-enabled":"default","ast-page-background-meta":{"desktop":{"background-color":"var(--ast-global-color-4)","background-image":"","background-repeat":"repeat","background-position":"center center","background-size":"auto","background-attachment":"scroll","background-type":"","background-media":"","overlay-type":"","overlay-color":"","overlay-opacity":"","overlay-gradient":""},"tablet":{"background-color":"","background-image":"","background-repeat":"repeat","background-position":"center center","background-size":"auto","background-attachment":"scroll","background-type":"","background-media":"","overlay-type":"","overlay-color":"","overlay-opacity":"","overlay-gradient":""},"mobile":{"background-color":"","background-image":"","background-repeat":"repeat","background-position":"center center","background-size":"auto","background-attachment":"scroll","background-type":"","background-media":"","overlay-type":"","overlay-color":"","overlay-opacity":"","overlay-gradient":""}},"ast-content-background-meta":{"desktop":{"background-color":"var(--ast-global-color-5)","background-image":"","background-repeat":"repeat","background-position":"center center","background-size":"auto","background-attachment":"scroll","background-type":"","background-media":"","overlay-type":"","overlay-color":"","overlay-opacity":"","overlay-gradient":""},"tablet":{"background-color":"var(--ast-global-color-5)","background-image":"","background-repeat":"repeat","background-position":"center center","background-size":"auto","background-attachment":"scroll","background-type":"","background-media":"","overlay-type":"","overlay-color":"","overlay-opacity":"","overlay-gradient":""},"mobile":{"background-color":"var(--ast-global-color-5)","background-image":"","background-repeat":"repeat","background-position":"center center","background-size":"auto","background-attachment":"scroll","background-type":"","background-media":"","overlay-type":"","overlay-color":"","overlay-opacity":"","overlay-gradient":""}},"footnotes":""},"class_list":["post-4394","page","type-page","status-publish","hentry"],"_links":{"self":[{"href":"https:\/\/careforallineducation.com\/fr\/wp-json\/wp\/v2\/pages\/4394","targetHints":{"allow":["GET"]}}],"collection":[{"href":"https:\/\/careforallineducation.com\/fr\/wp-json\/wp\/v2\/pages"}],"about":[{"href":"https:\/\/careforallineducation.com\/fr\/wp-json\/wp\/v2\/types\/page"}],"author":[{"embeddable":true,"href":"https:\/\/careforallineducation.com\/fr\/wp-json\/wp\/v2\/users\/13"}],"replies":[{"embeddable":true,"href":"https:\/\/careforallineducation.com\/fr\/wp-json\/wp\/v2\/comments?post=4394"}],"version-history":[{"count":31,"href":"https:\/\/careforallineducation.com\/fr\/wp-json\/wp\/v2\/pages\/4394\/revisions"}],"predecessor-version":[{"id":7971,"href":"https:\/\/careforallineducation.com\/fr\/wp-json\/wp\/v2\/pages\/4394\/revisions\/7971"}],"wp:attachment":[{"href":"https:\/\/careforallineducation.com\/fr\/wp-json\/wp\/v2\/media?parent=4394"}],"curies":[{"name":"wp","href":"https:\/\/api.w.org\/{rel}","templated":true}]}}