{"id":6958,"date":"2022-09-14T09:45:37","date_gmt":"2022-09-14T14:45:37","guid":{"rendered":"https:\/\/careforallineducation.com\/?page_id=6958"},"modified":"2024-09-11T05:23:38","modified_gmt":"2024-09-11T10:23:38","slug":"balancing-back-to-school","status":"publish","type":"page","link":"https:\/\/careforallineducation.com\/fr\/balancing-back-to-school\/","title":{"rendered":"\u00c9quilibrer sa vie lors de la rentr\u00e9e scolaire"},"content":{"rendered":"<div data-elementor-type=\"wp-page\" data-elementor-id=\"6958\" class=\"elementor elementor-6958\" data-elementor-post-type=\"page\">\n\t\t\t\t\t\t<section class=\"elementor-section elementor-top-section elementor-element elementor-element-7828ae6 elementor-section-height-min-height elementor-section-boxed elementor-section-height-default elementor-section-items-middle\" data-id=\"7828ae6\" data-element_type=\"section\" data-e-type=\"section\" data-settings=\"{&quot;background_background&quot;:&quot;classic&quot;}\">\n\t\t\t\t\t\t<div class=\"elementor-container elementor-column-gap-default\">\n\t\t\t\t\t<div class=\"elementor-column elementor-col-100 elementor-top-column elementor-element elementor-element-aa7d2b8\" data-id=\"aa7d2b8\" data-element_type=\"column\" data-e-type=\"column\">\n\t\t\t<div class=\"elementor-widget-wrap elementor-element-populated\">\n\t\t\t\t\t\t\t<\/div>\n\t\t<\/div>\n\t\t\t\t\t<\/div>\n\t\t<\/section>\n\t\t\t\t<section class=\"elementor-section elementor-top-section elementor-element elementor-element-73c607f elementor-section-boxed elementor-section-height-default elementor-section-height-default\" data-id=\"73c607f\" data-element_type=\"section\" data-e-type=\"section\">\n\t\t\t\t\t\t<div class=\"elementor-container elementor-column-gap-wide\">\n\t\t\t\t\t<div class=\"elementor-column elementor-col-100 elementor-top-column elementor-element elementor-element-cbeb29c\" data-id=\"cbeb29c\" data-element_type=\"column\" data-e-type=\"column\">\n\t\t\t<div class=\"elementor-widget-wrap elementor-element-populated\">\n\t\t\t\t\t\t<div class=\"elementor-element elementor-element-9727885 elementor-widget elementor-widget-heading\" data-id=\"9727885\" data-element_type=\"widget\" data-e-type=\"widget\" data-widget_type=\"heading.default\">\n\t\t\t\t\t<h2 class=\"elementor-heading-title elementor-size-default\">\u00c9quilibrer sa vie lors de la rentr\u00e9e scolaire<\/h2>\t\t\t\t<\/div>\n\t\t\t\t<div class=\"elementor-element elementor-element-12f6569 elementor-widget elementor-widget-text-editor\" data-id=\"12f6569\" data-element_type=\"widget\" data-e-type=\"widget\" data-widget_type=\"text-editor.default\">\n\t\t\t\t\t\t\t\t\tC\u2019est bient\u00f4t la p\u00e9riode de l\u2019ann\u00e9e o\u00f9 il faut aiguiser ses crayons, pr\u00e9parer ses d\u00eeners et relever de nouveaux d\u00e9fis! Le retour au travail apr\u00e8s l\u2019\u00e9t\u00e9 peut cr\u00e9er du stress en passant du mode vacances au mode travail. Vous pouvez vous r\u00e9conforter en d\u00e9couvrant quelques conseils qui vous aideront \u00e0 vous en sortir et \u00e0 r\u00e9ussir tout en assurant votre bien-\u00eatre.\t\t\t\t\t\t\t\t<\/div>\n\t\t\t\t<div class=\"elementor-element elementor-element-bbbffe7 elementor-widget elementor-widget-text-editor\" data-id=\"bbbffe7\" data-element_type=\"widget\" data-e-type=\"widget\" data-widget_type=\"text-editor.default\">\n\t\t\t\t\t\t\t\t\t<p>Si vous sentez le stress monter en vous rien qu\u2019en pensant \u00e0 la rentr\u00e9e scolaire, n\u2019ayez crainte : le stress n\u2019est pas forc\u00e9ment une mauvaise chose! Le stress est en fait une fa\u00e7on pour notre corps de nous pr\u00e9parer physiquement \u00e0 relever et \u00e0 surmonter des d\u00e9fis, et \u00e0 demander de l\u2019aide aux autres. Pour en savoir plus sur cette vision et la science du stress, regardez <a href=\"https:\/\/www.ted.com\/talks\/kelly_mcgonigal_how_to_make_stress_your_friend?language=en\">cette vid\u00e9o<\/a>. Pendant que vous y \u00eates, consultez d\u2019autres <a href=\"https:\/\/careforallineducation.com\/fr\/campaigns\/stress\/\">conseils et ressources<\/a>.<\/p>\t\t\t\t\t\t\t\t<\/div>\n\t\t\t\t<div class=\"elementor-element elementor-element-04cf3c0 elementor-widget elementor-widget-text-editor\" data-id=\"04cf3c0\" data-element_type=\"widget\" data-e-type=\"widget\" data-widget_type=\"text-editor.default\">\n\t\t\t\t\t\t\t\t\tVoici quatre conseils rapides pour vous aider \u00e0 r\u00e9duire votre stress lors de votre retour au travail cet automne :\t\t\t\t\t\t\t\t<\/div>\n\t\t\t\t<div class=\"elementor-element elementor-element-be75c03 elementor-widget elementor-widget-text-editor\" data-id=\"be75c03\" data-element_type=\"widget\" data-e-type=\"widget\" data-widget_type=\"text-editor.default\">\n\t\t\t\t\t\t\t\t\t<ol><li>Fixez des limites et apprenez \u00e0 dire \u00ab non \u00bb. En fixant des limites, vous \u00e9viterez d\u2019en faire trop tout en gardant du temps pour vous-m\u00eame et ce qui est important pour vous. Bien qu\u2019il soit tr\u00e8s b\u00e9n\u00e9fique de fixer des limites, cela peut s\u2019av\u00e9rer plut\u00f4t difficile. Si vous souhaitez apprendre \u00e0 fixer des limites dans votre vie, inscrivez-vous \u00e0 notre cours \u00ab Fixer des limites pour des relations saines \u00bb.<\/li><li>Soyez organis\u00e9. Le fait de savoir exactement ce que vous devez faire et quand vous devez le faire vous aidera \u00e0 garder le rythme et \u00e0 vous assurer que vous faites tout ce que vous devez faire. Utiliser un calendrier ou un planificateur et avoir un emploi du temps vous aide \u00e0 planifier efficacement tout ce que vous devez faire et \u00e0 y inclure tout ce que vous <em>voulez<\/em> faire. Le fait de savoir o\u00f9 se trouvent vos choses et de les ranger de mani\u00e8re organis\u00e9e vous aidera \u00e0 trouver rapidement ce dont vous avez besoin et \u00e0 \u00eatre plus productif. Consultez <a href=\"https:\/\/www.eannc.com\/employees\/eight-tips-to-help-you-get-organized-at-work\">ces huit conseils<\/a>\u00a0pour vous aider \u00e0 \u00eatre organis\u00e9 au travail.<\/li><li>\u00c9tablir des liens avec les autres. Les relations avec les autres sont tr\u00e8s importantes pour notre sant\u00e9 mentale et notre bien-\u00eatre. Accordez du temps \u00e0 ceux que vous aimez et qui sont importants dans votre vie. \u00c9tablissez des liens avec les personnes de votre milieu de travail. Si vous \u00eates un leader dans votre milieu de travail, prenez le temps de tisser des liens entre les membres du personnel afin de cr\u00e9er un milieu de travail plus sain. Pour obtenir des conseils et des id\u00e9es pour y parvenir, cliquez <a href=\"https:\/\/careforallineducation.com\/fr\/safetyatwork\/\">ici<\/a>.<\/li><li>Prenez le temps de prendre soin de vous. Vous ne pouvez pas remplir la coupe d\u2019un autre si la v\u00f4tre est vide. Donnez la priorit\u00e9 \u00e0 votre bien-\u00eatre pour vous maintenir en bonne sant\u00e9. Pour en savoir plus sur ce que sont les soins personnels et comment prendre soin de soi dans tous les domaines de la vie, cliquez <a href=\"https:\/\/www.verywellmind.com\/self-care-strategies-overall-stress-reduction-3144729\">ici<\/a>. Vous pouvez \u00e9galement consulter des <a href=\"https:\/\/self-compassion.org\/category\/exercises\/\">pratiques et exercices guid\u00e9s d\u2019autocompassion<\/a>.<\/li><\/ol>\t\t\t\t\t\t\t\t<\/div>\n\t\t\t\t<div class=\"elementor-element elementor-element-c8c8c56 elementor-hidden-desktop elementor-hidden-tablet elementor-hidden-mobile elementor-widget elementor-widget-text-editor\" data-id=\"c8c8c56\" data-element_type=\"widget\" data-e-type=\"widget\" data-widget_type=\"text-editor.default\">\n\t\t\t\t\t\t\t\t\t<p>La rentr\u00e9e scolaire est une p\u00e9riode de changement et de retour \u00e0 la routine, mais cela n\u2019a pas \u00e0 \u00eatre stressant. Nous avons des conseils, des ressources et d\u2019autres cours pour vous aider et nous sommes l\u00e0 pour vous soutenir. Si vous souhaitez discuter avec l\u2019un de nos sp\u00e9cialistes du bien-\u00eatre, utilisez notre fonction de clavardage en ligne ici ou communiquez avec nous en composant le <a href=\"tel:+18776021660\">1-877-602-1660<\/a> ou <a href=\"mailto:info@careforallineducation.com\">info@careforallineducation.com<\/a>. If you\u2019d like to learn more about Care For All In Education, sign up for one of <a href=\"https:\/\/careforallineducation.com\/fr\/events\/my-school-wants-to-learn-more-about-care-for-all-in-education\/\" target=\"_blank\" rel=\"noopener\">our information sessions<\/a>.<\/p>\t\t\t\t\t\t\t\t<\/div>\n\t\t\t\t<div class=\"elementor-element elementor-element-c654725 elementor-widget elementor-widget-text-editor\" data-id=\"c654725\" data-element_type=\"widget\" data-e-type=\"widget\" data-widget_type=\"text-editor.default\">\n\t\t\t\t\t\t\t\t\t<p>La rentr\u00e9e scolaire est une p\u00e9riode de changement et de retour \u00e0 la routine, mais cela n\u2019a pas \u00e0 \u00eatre stressant. Nous avons des conseils, des ressources et d\u2019autres cours pour vous aider et nous sommes l\u00e0 pour vous soutenir. Si vous souhaitez discuter avec l\u2019un de nos sp\u00e9cialistes du bien-\u00eatre, utilisez notre fonction de clavardage en ligne ici ou communiquez avec nous en composant le <a href=\"tel:+18776021660\">1-877-602-1660<\/a> ou <a href=\"mailto:info@careforallineducation.com\">info@careforallineducation.com<\/a>.<\/p>\t\t\t\t\t\t\t\t<\/div>\n\t\t\t\t\t<\/div>\n\t\t<\/div>\n\t\t\t\t\t<\/div>\n\t\t<\/section>\n\t\t\t\t<\/div>","protected":false},"excerpt":{"rendered":"<p>Balancing Back to School It\u2019s close to that time of year to sharpen pencils, plan your lunches, and take on new challenges! Returning to work after the summer can create stress with switching from holiday mode to work mode. Well, you can take comfort in learning some tips to help you cope and succeed while [&hellip;]<\/p>\n","protected":false},"author":13,"featured_media":0,"parent":0,"menu_order":0,"comment_status":"closed","ping_status":"closed","template":"","meta":{"site-sidebar-layout":"no-sidebar","site-content-layout":"page-builder","ast-site-content-layout":"default","site-content-style":"default","site-sidebar-style":"default","ast-global-header-display":"","ast-banner-title-visibility":"","ast-main-header-display":"","ast-hfb-above-header-display":"","ast-hfb-below-header-display":"","ast-hfb-mobile-header-display":"","site-post-title":"disabled","ast-breadcrumbs-content":"","ast-featured-img":"disabled","footer-sml-layout":"","ast-disable-related-posts":"","theme-transparent-header-meta":"","adv-header-id-meta":"","stick-header-meta":"","header-above-stick-meta":"","header-main-stick-meta":"","header-below-stick-meta":"","astra-migrate-meta-layouts":"default","ast-page-background-enabled":"default","ast-page-background-meta":{"desktop":{"background-color":"var(--ast-global-color-4)","background-image":"","background-repeat":"repeat","background-position":"center center","background-size":"auto","background-attachment":"scroll","background-type":"","background-media":"","overlay-type":"","overlay-color":"","overlay-opacity":"","overlay-gradient":""},"tablet":{"background-color":"","background-image":"","background-repeat":"repeat","background-position":"center center","background-size":"auto","background-attachment":"scroll","background-type":"","background-media":"","overlay-type":"","overlay-color":"","overlay-opacity":"","overlay-gradient":""},"mobile":{"background-color":"","background-image":"","background-repeat":"repeat","background-position":"center center","background-size":"auto","background-attachment":"scroll","background-type":"","background-media":"","overlay-type":"","overlay-color":"","overlay-opacity":"","overlay-gradient":""}},"ast-content-background-meta":{"desktop":{"background-color":"var(--ast-global-color-5)","background-image":"","background-repeat":"repeat","background-position":"center center","background-size":"auto","background-attachment":"scroll","background-type":"","background-media":"","overlay-type":"","overlay-color":"","overlay-opacity":"","overlay-gradient":""},"tablet":{"background-color":"var(--ast-global-color-5)","background-image":"","background-repeat":"repeat","background-position":"center center","background-size":"auto","background-attachment":"scroll","background-type":"","background-media":"","overlay-type":"","overlay-color":"","overlay-opacity":"","overlay-gradient":""},"mobile":{"background-color":"var(--ast-global-color-5)","background-image":"","background-repeat":"repeat","background-position":"center center","background-size":"auto","background-attachment":"scroll","background-type":"","background-media":"","overlay-type":"","overlay-color":"","overlay-opacity":"","overlay-gradient":""}},"footnotes":""},"class_list":["post-6958","page","type-page","status-publish","hentry"],"_links":{"self":[{"href":"https:\/\/careforallineducation.com\/fr\/wp-json\/wp\/v2\/pages\/6958","targetHints":{"allow":["GET"]}}],"collection":[{"href":"https:\/\/careforallineducation.com\/fr\/wp-json\/wp\/v2\/pages"}],"about":[{"href":"https:\/\/careforallineducation.com\/fr\/wp-json\/wp\/v2\/types\/page"}],"author":[{"embeddable":true,"href":"https:\/\/careforallineducation.com\/fr\/wp-json\/wp\/v2\/users\/13"}],"replies":[{"embeddable":true,"href":"https:\/\/careforallineducation.com\/fr\/wp-json\/wp\/v2\/comments?post=6958"}],"version-history":[{"count":34,"href":"https:\/\/careforallineducation.com\/fr\/wp-json\/wp\/v2\/pages\/6958\/revisions"}],"predecessor-version":[{"id":8664,"href":"https:\/\/careforallineducation.com\/fr\/wp-json\/wp\/v2\/pages\/6958\/revisions\/8664"}],"wp:attachment":[{"href":"https:\/\/careforallineducation.com\/fr\/wp-json\/wp\/v2\/media?parent=6958"}],"curies":[{"name":"wp","href":"https:\/\/api.w.org\/{rel}","templated":true}]}}