{"id":7831,"date":"2023-02-03T06:19:44","date_gmt":"2023-02-03T12:19:44","guid":{"rendered":"https:\/\/careforallineducation.com\/?page_id=7831"},"modified":"2024-02-01T02:24:59","modified_gmt":"2024-02-01T08:24:59","slug":"february-spotlight-looking-at-love-in-all-our-relationships","status":"publish","type":"page","link":"https:\/\/careforallineducation.com\/fr\/february-spotlight-looking-at-love-in-all-our-relationships\/","title":{"rendered":"February Spotlight:\u00a0 Looking at love in all our relationships\u00a0"},"content":{"rendered":"<div data-elementor-type=\"wp-page\" data-elementor-id=\"7831\" class=\"elementor elementor-7831\" data-elementor-post-type=\"page\">\n\t\t\t\t\t\t<section class=\"elementor-section elementor-top-section elementor-element elementor-element-66eb2f5 elementor-section-height-min-height elementor-section-items-top elementor-section-boxed elementor-section-height-default\" data-id=\"66eb2f5\" data-element_type=\"section\" data-e-type=\"section\" data-settings=\"{&quot;background_background&quot;:&quot;classic&quot;}\">\n\t\t\t\t\t\t<div class=\"elementor-container elementor-column-gap-default\">\n\t\t\t\t\t<div class=\"elementor-column elementor-col-100 elementor-top-column elementor-element elementor-element-e6de384\" data-id=\"e6de384\" data-element_type=\"column\" data-e-type=\"column\">\n\t\t\t<div class=\"elementor-widget-wrap elementor-element-populated\">\n\t\t\t\t\t\t<div class=\"elementor-element elementor-element-6df28fd elementor-widget__width-auto elementor-widget elementor-widget-heading\" data-id=\"6df28fd\" data-element_type=\"widget\" data-e-type=\"widget\" data-widget_type=\"heading.default\">\n\t\t\t\t\t<h2 class=\"elementor-heading-title elementor-size-default\">Pleins feux sur le mois de f\u00e9vrier : <br>Un regard sur l\u2019amour dans toutes nos relations<\/h2>\t\t\t\t<\/div>\n\t\t\t\t\t<\/div>\n\t\t<\/div>\n\t\t\t\t\t<\/div>\n\t\t<\/section>\n\t\t\t\t<section class=\"elementor-section elementor-top-section elementor-element elementor-element-9fda872 elementor-section-boxed elementor-section-height-default elementor-section-height-default\" data-id=\"9fda872\" data-element_type=\"section\" data-e-type=\"section\">\n\t\t\t\t\t\t<div class=\"elementor-container elementor-column-gap-wide\">\n\t\t\t\t\t<div class=\"elementor-column elementor-col-100 elementor-top-column elementor-element elementor-element-71e7b51\" data-id=\"71e7b51\" data-element_type=\"column\" data-e-type=\"column\">\n\t\t\t<div class=\"elementor-widget-wrap elementor-element-populated\">\n\t\t\t\t\t\t<div class=\"elementor-element elementor-element-8f063ec elementor-widget elementor-widget-heading\" data-id=\"8f063ec\" data-element_type=\"widget\" data-e-type=\"widget\" data-widget_type=\"heading.default\">\n\t\t\t\t\t<h2 class=\"elementor-heading-title elementor-size-default\">Un regard sur l\u2019amour dans toutes nos relations<\/h2>\t\t\t\t<\/div>\n\t\t\t\t<div class=\"elementor-element elementor-element-1c963dc elementor-widget elementor-widget-text-editor\" data-id=\"1c963dc\" data-element_type=\"widget\" data-e-type=\"widget\" data-widget_type=\"text-editor.default\">\n\t\t\t\t\t\t\t\t\tDes anciennes \u00e9critures jusqu\u2019au livre Les 5 langages de l\u2019amour de Garry Chapman, ces id\u00e9es et concepts ne seront jamais consid\u00e9r\u00e9s comme obsol\u00e8tes, d\u00e9pass\u00e9s ou d\u00e9mod\u00e9s. Le mois de f\u00e9vrier, en particulier, est l\u2019occasion de se connecter \u00e0 l\u2019amour sous toutes ses formes. Avec la Saint-Valentin \u00e0 l\u2019horizon et tout le stress qui peut accompagner cette journ\u00e9e romantique, il est important de prendre conscience de notre capacit\u00e9 \u00e0 donner et \u00e0 recevoir de l\u2019amour ou \u00e0 nous appr\u00e9cier nous-m\u00eames. Pour ce faire, il est possible d\u2019effectuer un certain nombre d\u2019activit\u00e9s visant \u00e0 am\u00e9liorer notre bien-\u00eatre personnel, \u00e0 prendre soin de nous ou \u00e0 formuler des affirmations positives. Une fois que vous \u00eates pr\u00eat \u00e0 aimer la personne qui se trouve devant vous dans le miroir, il est beaucoup plus facile de donner de l\u2019amour aux autres dans votre vie et d\u2019en recevoir. Avec cet amour et cette estime de vous-m\u00eame, quelle que soit votre situation romantique actuelle, vous \u00eates sur la bonne voie pour \u00e9tablir des relations saines.   \t\t\t\t\t\t\t\t<\/div>\n\t\t\t\t<div class=\"elementor-element elementor-element-452b4da elementor-widget elementor-widget-text-editor\" data-id=\"452b4da\" data-element_type=\"widget\" data-e-type=\"widget\" data-widget_type=\"text-editor.default\">\n\t\t\t\t\t\t\t\t\tComment faire preuve d\u2019amour et de respect envers les diff\u00e9rentes personnes dans nos vies? Soyez ouvert \u00e0 l\u2019apprentissage de styles de communication efficaces ainsi qu\u2019\u00e0 l\u2019\u00e9tablissement et au maintien de limites saines. Il est important de prendre le temps d\u2019entretenir nos relations avec nos coll\u00e8gues, nos amis et notre famille le plus souvent possible. Nous accordons \u00e0 ces relations suffisamment de temps pour qu\u2019elles s\u2019adaptent au rythme de nos interactions quotidiennes, afin que l\u2019amour et le respect mutuels s\u2019\u00e9panouissent. \t\t\t\t\t\t\t\t<\/div>\n\t\t\t\t<div class=\"elementor-element elementor-element-0ccb92a elementor-widget elementor-widget-text-editor\" data-id=\"0ccb92a\" data-element_type=\"widget\" data-e-type=\"widget\" data-widget_type=\"text-editor.default\">\n\t\t\t\t\t\t\t\t\tVeuillez consulter les liens ci-dessous pour en savoir plus sur les styles de communication sains et malsains. \t\t\t\t\t\t\t\t<\/div>\n\t\t\t\t<div class=\"elementor-element elementor-element-b78a7df elementor-widget elementor-widget-text-editor\" data-id=\"b78a7df\" data-element_type=\"widget\" data-e-type=\"widget\" data-widget_type=\"text-editor.default\">\n\t\t\t\t\t\t\t\t\t<p><a href=\"https:\/\/www.skillpacks.com\/5-languages-of-appreciation-in-the-workplace\/\" target=\"_blank\" rel=\"noopener\">Use the 5 languages of appreciation to give your team a boost<\/a><\/p>\t\t\t\t\t\t\t\t<\/div>\n\t\t\t\t<div class=\"elementor-element elementor-element-6b2983a elementor-widget elementor-widget-text-editor\" data-id=\"6b2983a\" data-element_type=\"widget\" data-e-type=\"widget\" data-widget_type=\"text-editor.default\">\n\t\t\t\t\t\t\t\t\t<p><a href=\"https:\/\/www.psychologytoday.com\/ca\/blog\/the-psychology-relationships\/202210\/do-couples-need-share-the-same-love-language\" target=\"_blank\" rel=\"noopener\">Do Couples Need to Share the Same &#8220;Love Language&#8221;?<\/a><\/p>\t\t\t\t\t\t\t\t<\/div>\n\t\t\t\t<div class=\"elementor-element elementor-element-b424d2d elementor-widget elementor-widget-text-editor\" data-id=\"b424d2d\" data-element_type=\"widget\" data-e-type=\"widget\" data-widget_type=\"text-editor.default\">\n\t\t\t\t\t\t\t\t\t<p><a href=\"https:\/\/www.gottman.com\/blog\/the-four-horsemen-recognizing-criticism-contempt-defensiveness-and-stonewalling\/\" target=\"_blank\" rel=\"noopener\">The Four Horsemen: Criticism, Contempt, Defensiveness, and Stonewalling<\/a><\/p>\t\t\t\t\t\t\t\t<\/div>\n\t\t\t\t\t<\/div>\n\t\t<\/div>\n\t\t\t\t\t<\/div>\n\t\t<\/section>\n\t\t\t\t<\/div>","protected":false},"excerpt":{"rendered":"<p>February Spotlight: Looking at love in all our relationships Looking at love in all our relationships From ancient writings to Garry Chapman\u2019s The 5 Languages of Love, these ideas and concepts can never be dismissed from being out of date, overdone or unfashionable. Especially when we think of the month of February, we connect to [&hellip;]<\/p>\n","protected":false},"author":13,"featured_media":0,"parent":0,"menu_order":0,"comment_status":"closed","ping_status":"closed","template":"","meta":{"site-sidebar-layout":"no-sidebar","site-content-layout":"page-builder","ast-site-content-layout":"default","site-content-style":"default","site-sidebar-style":"default","ast-global-header-display":"","ast-banner-title-visibility":"","ast-main-header-display":"","ast-hfb-above-header-display":"","ast-hfb-below-header-display":"","ast-hfb-mobile-header-display":"","site-post-title":"disabled","ast-breadcrumbs-content":"","ast-featured-img":"disabled","footer-sml-layout":"","ast-disable-related-posts":"","theme-transparent-header-meta":"","adv-header-id-meta":"","stick-header-meta":"","header-above-stick-meta":"","header-main-stick-meta":"","header-below-stick-meta":"","astra-migrate-meta-layouts":"default","ast-page-background-enabled":"default","ast-page-background-meta":{"desktop":{"background-color":"var(--ast-global-color-4)","background-image":"","background-repeat":"repeat","background-position":"center center","background-size":"auto","background-attachment":"scroll","background-type":"","background-media":"","overlay-type":"","overlay-color":"","overlay-opacity":"","overlay-gradient":""},"tablet":{"background-color":"","background-image":"","background-repeat":"repeat","background-position":"center center","background-size":"auto","background-attachment":"scroll","background-type":"","background-media":"","overlay-type":"","overlay-color":"","overlay-opacity":"","overlay-gradient":""},"mobile":{"background-color":"","background-image":"","background-repeat":"repeat","background-position":"center center","background-size":"auto","background-attachment":"scroll","background-type":"","background-media":"","overlay-type":"","overlay-color":"","overlay-opacity":"","overlay-gradient":""}},"ast-content-background-meta":{"desktop":{"background-color":"var(--ast-global-color-5)","background-image":"","background-repeat":"repeat","background-position":"center center","background-size":"auto","background-attachment":"scroll","background-type":"","background-media":"","overlay-type":"","overlay-color":"","overlay-opacity":"","overlay-gradient":""},"tablet":{"background-color":"var(--ast-global-color-5)","background-image":"","background-repeat":"repeat","background-position":"center center","background-size":"auto","background-attachment":"scroll","background-type":"","background-media":"","overlay-type":"","overlay-color":"","overlay-opacity":"","overlay-gradient":""},"mobile":{"background-color":"var(--ast-global-color-5)","background-image":"","background-repeat":"repeat","background-position":"center center","background-size":"auto","background-attachment":"scroll","background-type":"","background-media":"","overlay-type":"","overlay-color":"","overlay-opacity":"","overlay-gradient":""}},"footnotes":""},"class_list":["post-7831","page","type-page","status-publish","hentry"],"_links":{"self":[{"href":"https:\/\/careforallineducation.com\/fr\/wp-json\/wp\/v2\/pages\/7831","targetHints":{"allow":["GET"]}}],"collection":[{"href":"https:\/\/careforallineducation.com\/fr\/wp-json\/wp\/v2\/pages"}],"about":[{"href":"https:\/\/careforallineducation.com\/fr\/wp-json\/wp\/v2\/types\/page"}],"author":[{"embeddable":true,"href":"https:\/\/careforallineducation.com\/fr\/wp-json\/wp\/v2\/users\/13"}],"replies":[{"embeddable":true,"href":"https:\/\/careforallineducation.com\/fr\/wp-json\/wp\/v2\/comments?post=7831"}],"version-history":[{"count":31,"href":"https:\/\/careforallineducation.com\/fr\/wp-json\/wp\/v2\/pages\/7831\/revisions"}],"predecessor-version":[{"id":8461,"href":"https:\/\/careforallineducation.com\/fr\/wp-json\/wp\/v2\/pages\/7831\/revisions\/8461"}],"wp:attachment":[{"href":"https:\/\/careforallineducation.com\/fr\/wp-json\/wp\/v2\/media?parent=7831"}],"curies":[{"name":"wp","href":"https:\/\/api.w.org\/{rel}","templated":true}]}}