{"id":8416,"date":"2024-01-03T06:10:12","date_gmt":"2024-01-03T12:10:12","guid":{"rendered":"https:\/\/careforallineducation.com\/?page_id=8416"},"modified":"2024-01-03T07:06:18","modified_gmt":"2024-01-03T13:06:18","slug":"january-spotlight-2024","status":"publish","type":"page","link":"https:\/\/careforallineducation.com\/fr\/january-spotlight-2024\/","title":{"rendered":"Pleins feux sur le mois de janvier 2024"},"content":{"rendered":"<div data-elementor-type=\"wp-page\" data-elementor-id=\"8416\" class=\"elementor elementor-8416\" data-elementor-post-type=\"page\">\n\t\t\t\t\t\t<section class=\"elementor-section elementor-top-section elementor-element elementor-element-8bebda8 elementor-section-height-min-height elementor-section-items-top class-sept elementor-section-boxed elementor-section-height-default\" data-id=\"8bebda8\" data-element_type=\"section\" data-e-type=\"section\" data-settings=\"{&quot;background_background&quot;:&quot;classic&quot;}\">\n\t\t\t\t\t\t<div class=\"elementor-container elementor-column-gap-default\">\n\t\t\t\t\t<div class=\"elementor-column elementor-col-100 elementor-top-column elementor-element elementor-element-ae04ecc\" data-id=\"ae04ecc\" data-element_type=\"column\" data-e-type=\"column\">\n\t\t\t<div class=\"elementor-widget-wrap elementor-element-populated\">\n\t\t\t\t\t\t<div class=\"elementor-element elementor-element-b1dd652 elementor-widget__width-auto elementor-widget elementor-widget-heading\" data-id=\"b1dd652\" data-element_type=\"widget\" data-e-type=\"widget\" data-widget_type=\"heading.default\">\n\t\t\t\t\t<h2 class=\"elementor-heading-title elementor-size-default\">Pleins feux sur le mois de janvier 2024<\/h2>\t\t\t\t<\/div>\n\t\t\t\t\t<\/div>\n\t\t<\/div>\n\t\t\t\t\t<\/div>\n\t\t<\/section>\n\t\t\t\t<section class=\"elementor-section elementor-top-section elementor-element elementor-element-cfc11e8 elementor-section-boxed elementor-section-height-default elementor-section-height-default\" data-id=\"cfc11e8\" data-element_type=\"section\" data-e-type=\"section\">\n\t\t\t\t\t\t<div class=\"elementor-container elementor-column-gap-wide\">\n\t\t\t\t\t<div class=\"elementor-column elementor-col-100 elementor-top-column elementor-element elementor-element-1cb047d\" data-id=\"1cb047d\" data-element_type=\"column\" data-e-type=\"column\">\n\t\t\t<div class=\"elementor-widget-wrap elementor-element-populated\">\n\t\t\t\t\t\t<div class=\"elementor-element elementor-element-936b1c8 elementor-widget elementor-widget-heading\" data-id=\"936b1c8\" data-element_type=\"widget\" data-e-type=\"widget\" data-widget_type=\"heading.default\">\n\t\t\t\t\t<h2 class=\"elementor-heading-title elementor-size-default\">Pleins feux sur le mois de janvier 2024<\/h2>\t\t\t\t<\/div>\n\t\t\t\t<div class=\"elementor-element elementor-element-cb4cb38 elementor-widget elementor-widget-text-editor\" data-id=\"cb4cb38\" data-element_type=\"widget\" data-e-type=\"widget\" data-widget_type=\"text-editor.default\">\n\t\t\t\t\t\t\t\t\t<p>Janvier est le d\u00e9but d\u2019une nouvelle ann\u00e9e. Il ressemble \u00e0 une prairie blanche en hiver. Vierge. Propre. Fra\u00eeche. Pr\u00eat pour de nouveaux pas et de nouveaux chemins. L\u2019effervescence des f\u00eates de fin d\u2019ann\u00e9e s\u2019estompe et le froid hivernal s\u2019installe. Nombreux sont ceux qui sont pr\u00eats \u00e0 retrouver la routine et la structure, tandis que d\u2019autres ont plus de mal \u00e0 retrouver un rythme de vie normal. Le mois de janvier n\u2019est pas forc\u00e9ment synonyme de r\u00e9solutions; mais, c\u2019est une bonne occasion de r\u00e9fl\u00e9chir au chemin parcouru et de regarder vers l\u2019avenir.<\/p>\n<p>&nbsp;<\/p>\n<p>Si vous souhaitez apporter des changements \u00e0 votre vie mais que vous ne savez pas par o\u00f9 commencer, pensez \u00e0 la m\u00e9thode SMART pour fixer vos objectifs.\u202f<\/p>\n<p>&nbsp;<\/p>\n<p>Les objectifs SMART sont:<\/p>\n<p>S: Sp\u00e9cifiques<\/p>\n<p>M: Mesurables<\/p>\n<p>A: Atteignables<\/p>\n<p>R: R\u00e9alistes<\/p>\n<p>T: Temporels<\/p>\n<p>&nbsp;<\/p>\n<p>\u00c9tape 1: Choisissez vos objectifs.\u202f<\/p>\n<p>Prenez le temps de penser et de r\u00e9fl\u00e9chir aux changements que vous voudriez voir se concr\u00e9tiser. Les objectifs peuvent \u00eatre li\u00e9s \u00e0 divers aspects de votre vie, tels que les relations avec les autres, la carri\u00e8re, les finances, la sant\u00e9, le d\u00e9veloppement personnel ou le mode de vie.\u202f<\/p>\n<p>&nbsp;<\/p>\n<p>Les objectifs doivent \u00eatre r\u00e9alistes et atteignables, si vous vous fixez des objectifs trop ambitieux, vous aurez du mal \u00e0 les atteindre et votre motivation risque d\u2019en souffrir.<\/p>\n<p>&nbsp;<\/p>\n<p>Les objectifs doivent \u00eatre concrets et sp\u00e9cifiques. Si un objectif est trop vague, il est difficile de d\u00e9terminer les mesures \u00e0 prendre pour l\u2019atteindre. Voici quelques exemples:<\/p>\n<p>&nbsp;<\/p>\n<table>\n<tbody>\n<tr>\n<td><strong>Mauvais exemples d\u2019objectifs<\/strong><\/td>\n<td><strong>Bons exemples d\u2019objectifs<\/strong><\/td>\n<\/tr>\n<tr>\n<td>Manger moins de sucre<\/td>\n<td>R\u00e9duire ma consommation de boissons gazeuses \u00e0 une canette par jour<\/td>\n<\/tr>\n<tr>\n<td>\u00catre moins anxieux<\/td>\n<td>Pratiquer des exercices de relaxation une fois par jour<\/td>\n<\/tr>\n<tr>\n<td>Passer plus de temps \u00e0 l\u2019ext\u00e9rieur<\/td>\n<td>Aller au parc le dimanche pendant 2 heures<\/td>\n<\/tr>\n<tr>\n<td>Faire plus d\u2019exercice<\/td>\n<td>Faire une promenade 3 fois par semaine pendant 20 minutes<\/td>\n<\/tr>\n<\/tbody>\n<\/table>\n<p>\u00c9tape 2: Divisez les objectifs en petites \u00e9tapes, en particulier pour les objectifs \u00e0 moyen et \u00e0 long terme. Par exemple, si votre objectif est d\u2019essayer un nouveau passe-temps, un objectif plus modeste pourrait \u00eatre, de prendre le guide des loisirs et de commencer \u00e0 chercher les passe\u2011temps que vous souhaitez pratiquer ou qui vous int\u00e9ressent.\u202f<\/p>\n<p>&nbsp;<\/p>\n<p>\u00c9tape 3: Identifiez les obstacles; soyez conscient des obstacles qui peuvent se dresser sur votre chemin afin de vous pr\u00e9parer au mieux pour en minimiser les r\u00e9percussions. Il y aura des entraves; il n\u2019est pas rare de reprendre d\u2019anciennes habitudes ind\u00e9sirables donc pr\u00e9parez-vous du mieux que vous pouvez et fixez des attentes r\u00e9alistes.<\/p>\n<p>&nbsp;<\/p>\n<p>\u00c9tape 4: Planifiez vos objectifs. Vous aurez plus de chances d\u2019atteindre vos objectifs si vous savez clairement ce que vous allez faire et quand vous allez le faire. Il est important de faire preuve de souplesse, car il arrive que des \u00e9l\u00e9ments ind\u00e9pendants de notre volont\u00e9 viennent entraver la r\u00e9alisation de nos objectifs, par exemple, la m\u00e9t\u00e9o ou des rendez-vous impr\u00e9vus.\u202f<\/p>\n<p>&nbsp;<\/p>\n<p>\u00c9tape 5: R\u00e9alisez vos objectifs. La cl\u00e9 pour atteindre vos objectifs est de le FAIRE! Nous attendons souvent de nous sentir mieux, ou que le moment soit propice pour commencer quelque chose \u2013 n\u2019attendez pas d\u2019\u00eatre motiv\u00e9 pour passer \u00e0 l\u2019action, la motivation suivra.<\/p>\n<p>&nbsp;<\/p>\n<p>\u00c9tape 6: R\u00e9compensez-vous! Si vous avez r\u00e9ussi \u00e0 atteindre votre objectif, faites-vous plaisir! Pour certaines personnes, avoir une r\u00e9compense particuli\u00e8re comme motivation peut s\u2019av\u00e9rer utile, par exemple en s\u2019adonnant \u00e0 une activit\u00e9 amusante ou en pr\u00e9voyant de s\u2019acheter un cadeau sp\u00e9cial. Vous pouvez \u00e9galement cocher vos r\u00e9alisations sur votre liste au fur et \u00e0 mesure que vous avancez, il y a de la satisfaction \u00e0 constater ses progr\u00e8s.<\/p>\n<p>&nbsp;<\/p>\n<p>Les choses ne se passent pas toujours comme pr\u00e9vu, si vous avez eu du mal \u00e0 atteindre votre objectif, vous devrez peut-\u00eatre le r\u00e9viser, et ce n\u2019est pas grave! Prenez du recul et voyez ce qui vous a emp\u00each\u00e9 d\u2019atteindre votre objectif. Reprenez les \u00e9tapes de la d\u00e9finition d\u2019un objectif pour vous assurer que votre objectif est sp\u00e9cifique, mesurable, atteignable, r\u00e9aliste et temporel.\u202f<\/p>\n<p>&nbsp;<\/p>\n<p>Voici quelques autres conseils utiles:<\/p>\n<ul>\n<li>Commencez doucement. De petits changements peuvent entra\u00eener des r\u00e9percussions importantes sur votre vie.\u202f<\/li>\n<li>Soyez patient. Le changement prend du temps, surtout lorsqu\u2019il s\u2019agit d\u2019objectifs \u00e0 long terme.<\/li>\n<li>\u00c9vitez de penser tout ou rien : Personne n\u2019atteint tous ses objectifs chaque fois. Reconnaissez vos efforts et les progr\u00e8s que vous avez accomplis, tout en sachant que vous pouvez cr\u00e9er un nouveau plan pour atteindre les objectifs que vous n\u2019avez pas pu r\u00e9aliser. Cela fait partie du processus.<\/li>\n<li>Pratiquez l\u2019autocompassion. Faites preuve de bienveillance envers vous-m\u00eame. Le changement est un travail difficile!<\/li>\n<\/ul>\n<p>Si vous avez besoin d\u2019aide pour vous fixer des objectifs ou pour am\u00e9liorer votre sant\u00e9 mentale, n\u2019h\u00e9sitez pas \u00e0 communiquer avec un sp\u00e9cialiste de soutien au bien-\u00eatre de l\u2019initiative des soins en \u00e9ducation pour tous. Nous sommes l\u00e0 pour vous aider \u00e0 trouver et \u00e0 apprendre \u00e0 utiliser les ressources, les outils et les soutiens dont vous pourriez avoir besoin pour cultiver et renforcer votre propre mieux-\u00eatre.<\/p>\n<p>&nbsp;<\/p>\n<p>Tendez la main et composez le: <a href=\"tel:1.877.602.1660\">1.877.602.1660<\/a><\/p>\n<p>Courriel: <a href=\"mailto:info@careforallineducation.com\">info@careforallineducation.com<\/a><\/p>\n<p>Ou clavarder <a href=\"https:\/\/careforallineducation.com\/fr\/\">www.careforallineducation.com<\/a><\/p>\n<p>&nbsp;<\/p>\n<p>Nous sommes l\u00e0 pour vous!&nbsp;<\/p>\t\t\t\t\t\t\t\t<\/div>\n\t\t\t\t\t<\/div>\n\t\t<\/div>\n\t\t\t\t\t<\/div>\n\t\t<\/section>\n\t\t\t\t<\/div>","protected":false},"excerpt":{"rendered":"<p>January Spotlight 2024 January is the start of a new year. It is like a white prairie field in winter. Blank. Clean. Fresh. Ready for new footprints and pathways to be made. The buzz from the holiday season is fading away and the cold of winter has fully set in. Many people are ready to [&hellip;]<\/p>\n","protected":false},"author":12,"featured_media":0,"parent":0,"menu_order":0,"comment_status":"closed","ping_status":"closed","template":"","meta":{"site-sidebar-layout":"no-sidebar","site-content-layout":"page-builder","ast-site-content-layout":"full-width-container","site-content-style":"unboxed","site-sidebar-style":"unboxed","ast-global-header-display":"","ast-banner-title-visibility":"","ast-main-header-display":"","ast-hfb-above-header-display":"","ast-hfb-below-header-display":"","ast-hfb-mobile-header-display":"","site-post-title":"disabled","ast-breadcrumbs-content":"","ast-featured-img":"disabled","footer-sml-layout":"","ast-disable-related-posts":"","theme-transparent-header-meta":"","adv-header-id-meta":"","stick-header-meta":"","header-above-stick-meta":"","header-main-stick-meta":"","header-below-stick-meta":"","astra-migrate-meta-layouts":"set","ast-page-background-enabled":"default","ast-page-background-meta":{"desktop":{"background-color":"var(--ast-global-color-4)","background-image":"","background-repeat":"repeat","background-position":"center center","background-size":"auto","background-attachment":"scroll","background-type":"","background-media":"","overlay-type":"","overlay-color":"","overlay-opacity":"","overlay-gradient":""},"tablet":{"background-color":"","background-image":"","background-repeat":"repeat","background-position":"center center","background-size":"auto","background-attachment":"scroll","background-type":"","background-media":"","overlay-type":"","overlay-color":"","overlay-opacity":"","overlay-gradient":""},"mobile":{"background-color":"","background-image":"","background-repeat":"repeat","background-position":"center center","background-size":"auto","background-attachment":"scroll","background-type":"","background-media":"","overlay-type":"","overlay-color":"","overlay-opacity":"","overlay-gradient":""}},"ast-content-background-meta":{"desktop":{"background-color":"var(--ast-global-color-5)","background-image":"","background-repeat":"repeat","background-position":"center center","background-size":"auto","background-attachment":"scroll","background-type":"","background-media":"","overlay-type":"","overlay-color":"","overlay-opacity":"","overlay-gradient":""},"tablet":{"background-color":"var(--ast-global-color-5)","background-image":"","background-repeat":"repeat","background-position":"center center","background-size":"auto","background-attachment":"scroll","background-type":"","background-media":"","overlay-type":"","overlay-color":"","overlay-opacity":"","overlay-gradient":""},"mobile":{"background-color":"var(--ast-global-color-5)","background-image":"","background-repeat":"repeat","background-position":"center center","background-size":"auto","background-attachment":"scroll","background-type":"","background-media":"","overlay-type":"","overlay-color":"","overlay-opacity":"","overlay-gradient":""}},"footnotes":""},"class_list":["post-8416","page","type-page","status-publish","hentry"],"_links":{"self":[{"href":"https:\/\/careforallineducation.com\/fr\/wp-json\/wp\/v2\/pages\/8416","targetHints":{"allow":["GET"]}}],"collection":[{"href":"https:\/\/careforallineducation.com\/fr\/wp-json\/wp\/v2\/pages"}],"about":[{"href":"https:\/\/careforallineducation.com\/fr\/wp-json\/wp\/v2\/types\/page"}],"author":[{"embeddable":true,"href":"https:\/\/careforallineducation.com\/fr\/wp-json\/wp\/v2\/users\/12"}],"replies":[{"embeddable":true,"href":"https:\/\/careforallineducation.com\/fr\/wp-json\/wp\/v2\/comments?post=8416"}],"version-history":[{"count":16,"href":"https:\/\/careforallineducation.com\/fr\/wp-json\/wp\/v2\/pages\/8416\/revisions"}],"predecessor-version":[{"id":8438,"href":"https:\/\/careforallineducation.com\/fr\/wp-json\/wp\/v2\/pages\/8416\/revisions\/8438"}],"wp:attachment":[{"href":"https:\/\/careforallineducation.com\/fr\/wp-json\/wp\/v2\/media?parent=8416"}],"curies":[{"name":"wp","href":"https:\/\/api.w.org\/{rel}","templated":true}]}}