{"id":8473,"date":"2024-03-01T00:07:17","date_gmt":"2024-03-01T06:07:17","guid":{"rendered":"https:\/\/careforallineducation.com\/?page_id=8473"},"modified":"2024-03-07T02:31:40","modified_gmt":"2024-03-07T08:31:40","slug":"care-for-all-in-education-march-2024-spotlight","status":"publish","type":"page","link":"https:\/\/careforallineducation.com\/fr\/care-for-all-in-education-march-2024-spotlight\/","title":{"rendered":"Care For All in Education: \u2028March 2024 Spotlight\u00a0"},"content":{"rendered":"<div data-elementor-type=\"wp-page\" data-elementor-id=\"8473\" class=\"elementor elementor-8473\" data-elementor-post-type=\"page\">\n\t\t\t\t\t\t<section class=\"elementor-section elementor-top-section elementor-element elementor-element-66eb2f5 elementor-section-height-min-height elementor-section-items-top elementor-section-boxed elementor-section-height-default\" data-id=\"66eb2f5\" data-element_type=\"section\" data-e-type=\"section\" data-settings=\"{&quot;background_background&quot;:&quot;classic&quot;}\">\n\t\t\t\t\t\t<div class=\"elementor-container elementor-column-gap-default\">\n\t\t\t\t\t<div class=\"elementor-column elementor-col-100 elementor-top-column elementor-element elementor-element-e6de384\" data-id=\"e6de384\" data-element_type=\"column\" data-e-type=\"column\">\n\t\t\t<div class=\"elementor-widget-wrap elementor-element-populated\">\n\t\t\t\t\t\t<div class=\"elementor-element elementor-element-6df28fd elementor-widget__width-auto elementor-widget elementor-widget-heading\" data-id=\"6df28fd\" data-element_type=\"widget\" data-e-type=\"widget\" data-widget_type=\"heading.default\">\n\t\t\t\t\t<h2 class=\"elementor-heading-title elementor-size-default\">PLEINS FEUX SUR LE MOIS<br> Pleins feux sur le mois de mars\u202f2024\u00a0<\/h2>\t\t\t\t<\/div>\n\t\t\t\t\t<\/div>\n\t\t<\/div>\n\t\t\t\t\t<\/div>\n\t\t<\/section>\n\t\t\t\t<section class=\"elementor-section elementor-top-section elementor-element elementor-element-9fda872 elementor-section-boxed elementor-section-height-default elementor-section-height-default\" data-id=\"9fda872\" data-element_type=\"section\" data-e-type=\"section\">\n\t\t\t\t\t\t<div class=\"elementor-container elementor-column-gap-wide\">\n\t\t\t\t\t<div class=\"elementor-column elementor-col-100 elementor-top-column elementor-element elementor-element-71e7b51\" data-id=\"71e7b51\" data-element_type=\"column\" data-e-type=\"column\">\n\t\t\t<div class=\"elementor-widget-wrap elementor-element-populated\">\n\t\t\t\t\t\t<div class=\"elementor-element elementor-element-8f063ec elementor-widget elementor-widget-heading\" data-id=\"8f063ec\" data-element_type=\"widget\" data-e-type=\"widget\" data-widget_type=\"heading.default\">\n\t\t\t\t\t<h2 class=\"elementor-heading-title elementor-size-default\">Des soins en \u00e9ducation pour tous: Pleins feux sur le mois de mars\u202f2024 <\/h2>\t\t\t\t<\/div>\n\t\t\t\t<div class=\"elementor-element elementor-element-a313938 elementor-widget elementor-widget-text-editor\" data-id=\"a313938\" data-element_type=\"widget\" data-e-type=\"widget\" data-widget_type=\"text-editor.default\">\n\t\t\t\t\t\t\t\t\t<p>Le mois de mars est impr\u00e9visible \u2013 nous ne savons pas si l\u2019hiver et le printemps commencent ou se terminent. Nous n\u2019avons peut-\u00eatre pas le contr\u00f4le sur la m\u00e9t\u00e9o, mais au moins nous nous adaptons, n\u2019est-ce pas? Nous d\u00e9terminons ce dont nous avons besoin pour \u00eatre\u202fpr\u00e9par\u00e9s et savoir comment r\u00e9agir. La <b>r\u00e9action est<\/b> la seule chose que nous pouvons\u202fcontr\u00f4ler.<\/p><p>\u00a0<\/p><p>Steven\u202fCovey (1989) a cr\u00e9\u00e9 un mod\u00e8le qui pr\u00e9sente 3\u202fcercles concentriques: Un cercle des pr\u00e9occupations, un cercle d\u2019influence et un cercle de contr\u00f4le:<\/p>\t\t\t\t\t\t\t\t<\/div>\n\t\t\t\t<div class=\"elementor-element elementor-element-7bc5d56 elementor-widget elementor-widget-image\" data-id=\"7bc5d56\" data-element_type=\"widget\" data-e-type=\"widget\" data-widget_type=\"image.default\">\n\t\t\t\t\t\t\t\t\t\t\t\t\t\t\t<img fetchpriority=\"high\" decoding=\"async\" width=\"772\" height=\"615\" src=\"https:\/\/careforallineducation.com\/wp-content\/uploads\/2024\/03\/Screenshot_1.png\" class=\"attachment-full size-full wp-image-8477\" alt=\"\" srcset=\"https:\/\/careforallineducation.com\/wp-content\/uploads\/2024\/03\/Screenshot_1.png 534w, https:\/\/careforallineducation.com\/wp-content\/uploads\/2024\/03\/Screenshot_1-300x248.png 300w, https:\/\/careforallineducation.com\/wp-content\/uploads\/2024\/03\/Screenshot_1-14x12.png 14w\" sizes=\"(max-width: 772px) 100vw, 772px\" \/>\t\t\t\t\t\t\t\t\t\t\t\t\t\t\t<\/div>\n\t\t\t\t<div class=\"elementor-element elementor-element-1c963dc elementor-widget elementor-widget-text-editor\" data-id=\"1c963dc\" data-element_type=\"widget\" data-e-type=\"widget\" data-widget_type=\"text-editor.default\">\n\t\t\t\t\t\t\t\t\t<p>Le premier et le plus petit cercle au centre est le cercle de contr\u00f4le. Il repr\u00e9sente les aspects de notre vie sur lesquels nous avons un contr\u00f4le et une influence directs. C\u2019est la sph\u00e8re dans laquelle nous pouvons changer certaines choses; par exemple, vos pens\u00e9es, votre humeur, vos choix, vos actions, vos r\u00e9actions, la fa\u00e7on dont vous d\u00e9finissez\/maintenez vos limites, votre discours int\u00e9rieur et votre \u00e9tat d\u2019esprit. Le cercle de contr\u00f4le symbolise les domaines o\u00f9 nous pouvons prendre des mesures significatives et apporter des changements positifs.<\/p>\n<p>&nbsp;<\/p>\n<p>Le deuxi\u00e8me cercle repr\u00e9sente l\u2019influence; nous pouvons ou non avoir le pouvoir d\u2019\u00e9tendre notre influence dans cette r\u00e9gion pour cr\u00e9er un changement. Nous pouvons certainement essayer de g\u00e9n\u00e9rer un changement. Il est sage de d\u00e9penser une partie de notre \u00e9nergie dans cette sph\u00e8re, en gardant \u00e0 l\u2019esprit que nous pouvons contr\u00f4ler nos efforts dans cette sph\u00e8re, mais pas n\u00e9cessairement les r\u00e9sultats. Ceci peut comprendre certaines choses comme votre r\u00e9putation, l\u2019atmosph\u00e8re qui r\u00e8gne dans une pi\u00e8ce, les comportements et les pens\u00e9es des autres, ou votre productivit\u00e9 au quotidien.<\/p>\n<p>&nbsp;<\/p>\n<p>Ce que nous incluons dans notre cercle d\u2019influence d\u00e9pend du fait que nous soyons optimistes ou pessimistes et de notre fa\u00e7on d\u2019envisager notre capacit\u00e9 d\u2019agir et notre propre efficacit\u00e9. Nous pouvons surestimer notre capacit\u00e9 d\u2019agir et notre influence, ou bien les sous-estimer, surtout lorsque nous nous sentons d\u00e9prim\u00e9s et impuissants (Seligman, 2011; DeAngelis, 2015).<\/p>\n<p>&nbsp;<\/p>\n<p>Certaines choses que nous faisons au sein du cercle de contr\u00f4le irradient bien au-del\u00e0 du cercle. Elles ont des cons\u00e9quences pour nous-m\u00eames et pour notre entourage. La fa\u00e7on dont nous nous comportons et dont nous nous pr\u00e9sentons a des cons\u00e9quences sur les autres. Elle peut influencer certaines situations et certains r\u00e9sultats de mani\u00e8re positive et \u00e9largir ainsi notre cercle de contr\u00f4le. Par exemple, la fa\u00e7on dont nous nous pr\u00e9parons et dont nous nous pr\u00e9sentons \u00e0 une entrevue d\u2019embauche augmente nos chances d\u2019obtenir le poste. L\u2019intensit\u00e9 de notre travail et notre strat\u00e9gie en mati\u00e8re de prise de d\u00e9cision peuvent d\u00e9terminer le succ\u00e8s d\u2019une \u00e9cole. Mais pas toujours \u2013 et c\u2019est pr\u00e9cis\u00e9ment l\u00e0 o\u00f9 nous voulons en venir.<\/p>\n<p>&nbsp;<\/p>\n<p>En fin de compte, qu\u2019est-ce qui se trouve en dehors du cercle de contr\u00f4le? Ce cercle englobe un plus large \u00e9ventail de facteurs externes, de d\u00e9fis et de circonstances dont nous pouvons nous soucier, mais qui \u00e9chappent manifestement \u00e0 notre contr\u00f4le. Par exemple, des situations comme les conditions m\u00e9t\u00e9orologiques, la circulation, la mort, l\u2019\u00e9conomie, la guerre, la pand\u00e9mie mondiale, les m\u00e9dias sociaux, des d\u00e9cisions prises par le pass\u00e9 ou votre lieu de naissance. Accepter l\u2019id\u00e9e qu\u2019il y a des choses que nous ne pouvons tout simplement pas contr\u00f4ler peut \u00eatre profond\u00e9ment lib\u00e9rateur. Cela peut nous aider \u00e0 nous\u202flib\u00e9rer de l\u2019anxi\u00e9t\u00e9 et du stress et \u00e0 nous concentrer sur les choses que nous pouvons\u202fchanger.<\/p>\n<p>&nbsp;<\/p>\n<p>Parfois, cela peut s\u2019av\u00e9rer accablant et sans espoir. \u00c0 quoi bon? Je pourrais prendre bien soin de moi, mais cela ne r\u00e9soudrait toujours pas le fait que je n\u2019ai pas assez de temps en une journ\u00e9e pour terminer les t\u00e2ches que j\u2019ai \u00e0 accomplir. Cela n\u2019apporterait pas plus de financement pour qu\u2019il y ait suffisamment de personnel, d\u2019\u00e9quipement \u00e0 jour et de programmes de repas pay\u00e9s. Qu\u2019en est-il du manque de rempla\u00e7ants, des compressions de postes d\u2019aide-enseignants, de devoir recourir au fait que le personnel enseignant assume lui-m\u00eame les frais li\u00e9s aux ressources et au mat\u00e9riel de classe?<\/p>\n<p>&nbsp;<\/p>\n<p>Avant de se pencher un peu plus l\u00e0-dessus, reconnaissons les impacts des choses qui sont hors de notre contr\u00f4le et l\u2019injustice qui en d\u00e9coule. Par exemple, \u00eatre victime de racialisation, vivre dans la pauvret\u00e9, le colonialisme, le patriarcat, le capitalisme, le traumatisme g\u00e9n\u00e9rationnel et l\u2019homophobie pour n\u2019en nommer que quelques-uns. Il y a des\u202fexp\u00e9riences et des r\u00e9alit\u00e9s qui font souffrir certaines personnes et si on ne reconna\u00eet pas les d\u00e9fis additionnels qui en d\u00e9coulent, on fait preuve de m\u00e9pris, de condescendance et\u202fd\u2019\u00e9litisme.<\/p>\n<p>&nbsp;<\/p>\n<p>Cependant, Luthans et coll. (2008, p.\u202f132) ont \u00e9tabli que \u00ab\u202fles personnes qui se concentrent sur leur cercle de contr\u00f4le sont plus susceptibles d\u2019\u00eatre r\u00e9silientes face au stress et \u00e0 l\u2019adversit\u00e9\u202f\u00bb (traduction). Par exemple, Sue lutte contre\u202fl\u2019\u00e9puisement professionnel en<a href=\"https:\/\/positivepsychology.com\/teacher-burnout\/\">\u00a0tant qu\u2019enseignante&nbsp;<\/a>Son environnement est tr\u00e8s stressant et elle s\u2019inqui\u00e8te constamment des comportements et des attitudes de ses \u00e9l\u00e8ves, m\u00eame si elle sait qu\u2019elle ne peut pas vraiment les contr\u00f4ler. Sue est initi\u00e9e au concept du cercle de contr\u00f4le et est encourag\u00e9e \u00e0 se concentrer sur les choses qu\u2019elle peut contr\u00f4ler, soit sa propre attitude et ses r\u00e9flexions, son style d\u2019enseignement, la fa\u00e7on dont elle r\u00e9agit \u00e0 un mauvais comportement et la fa\u00e7on dont elle se pr\u00e9sente lors de ses interactions avec les \u00e9l\u00e8ves. Ce changement de perspective permet \u00e0 Sue de se lib\u00e9rer de ses inqui\u00e9tudes et d\u2019aborder son travail avec un plus grand sentiment de calme et<a href=\"https:\/\/positivepsychology.com\/equanimity\/\">&nbsp;d\u2019\u00e9quanimit\u00e9<\/a> (Anna K. Schaffner, 2024).<\/p>\n<p>&nbsp;<\/p>\n<p>Il faut du travail au quotidien et de l\u2019\u00e9nergie pour ne pas laisser les forces ind\u00e9pendantes de notre contr\u00f4le engendrer le d\u00e9sespoir et des pens\u00e9es rigides. Ce n\u2019est pas grave si notre r\u00e9action, nos sentiments ou nos pens\u00e9es ne correspondent pas toujours \u00e0 ce qui peut nous \u00eatre utile. Nous ne pouvons pas toujours donner le meilleur de nous-m\u00eames et apprendre tout en sachant que nous devrions mieux agir. Ce qui est transformateur, c\u2019est de savoir \u00e0 quel moment il est temps de s\u2019interroger sur nos pens\u00e9es, nos comportements et nos sentiments potentiellement inutiles et de remettre en question leur validit\u00e9. Est-il utile de rester coinc\u00e9 dans un cycle de pens\u00e9es n\u00e9gatives comme \u00ab\u202fles choses ne s\u2019am\u00e9lioreront jamais\u202f\u00bb ou \u00ab\u202fje vais \u00e9chouer\u202f\u00bb? Ou serait-il plus utile de transformer ces pens\u00e9es en quelque chose comme \u00ab\u202fles choses sont difficiles en ce moment, mais \u00e7a ne durera pas \u00e9ternellement\u202f\u00bb, ou \u00ab\u202fje fais de mon mieux\u202f\u00bb. D\u00e9penser votre \u00e9nergie \u00e0 vous am\u00e9liorer, plut\u00f4t que de vous abattre, peut vous donner plus de latitude pour faire partie du changement que vous souhaitez pour vous-m\u00eame.<\/p>\n<p>&nbsp;<\/p>\n<p>Ce n\u2019est pas parfait, mais c\u2019est un point de d\u00e9part. Si vous portez attention \u00e0 votre cercle de contr\u00f4le, vous allez b\u00e9n\u00e9ficier d\u2019une base plus solide pour faire face \u00e0 ce que vous ne pouvez contr\u00f4ler. Il y a de l\u2019espoir et du potentiel. Parfois, les choses vont vous sembler trop difficiles. Et ce n\u2019est pas grave. Il est normal de se sentir d\u00e9pass\u00e9 ou moins comp\u00e9tent. MAIS, croyez-le ou non, vous POUVEZ accomplir des choses difficiles. Cela signifie faire preuve d\u2019autocompassion, de prioriser vos besoins afin que vous puissiez \u00eatre pr\u00e9sent pour les autres, de pratiquer l\u2019acceptation radicale et de rechercher du soutien suppl\u00e9mentaire pour aborder les probl\u00e8mes syst\u00e9miques qui font partie de votre cercle d\u2019influence.<\/p>\n<p>&nbsp;<\/p>\n<p>Pensez \u00e0 vos cercles de contr\u00f4le, d\u2019influence et au-del\u00e0. Vous pouvez sch\u00e9matiser cela sur une feuille de papier vierge en remplissant chaque cercle ci-dessus correspondant \u00e0 votre propre vie. Si vous avez besoin de soutien pour explorer vos cercles de contr\u00f4le et d\u2019influence, veuillez communiquer avec un sp\u00e9cialiste de soutien au bien-\u00eatre par l\u2019interm\u00e9diaire Des soins en \u00e9ducation pour tous.<\/p>\n<p>&nbsp;<\/p>\n<p>Composez le\u202f: <a href=\"tel:1.877.602.1660\">1.877.602.1660<\/a><br>\nCourriel: <a href=\"mailto:info@careforallineducation\">info@careforallineducation<\/a><br>\n<a href=\"http:\/\/www.careforallineducation\/\">www.careforallineducation<\/a><br>\nSuivez-nous sur Instagram: @careforallineducation<\/p>\n<p>&nbsp;<\/p>\n<p>R\u00e9f\u00e9rences:<br>\nCovey, S. (1989) <i>The 7 Habits of Highly Effective People. <\/i>(les 7\u202fhabitudes des personnes hautement efficaces). New York, \u00c9tats-Unis\u202f: Simon &amp; Schuster.<br>\nDeAngelis, T. (2015). The circle of influence (le cercle d\u2019influence).<i>Monitor on Psychology<\/i>,<i>\u202f46<\/i>(5), 50 \u00e0 56.<br>\nLuthans, F., Avey, J. B., &amp; Patera, J. L. (2008). Experimental analysis of a web-based training intervention to develop positive psychological capital (analyse exp\u00e9rimentale d\u2019une intervention de formation en ligne pour d\u00e9velopper un capital psychologique positif).<i>Journal of Occupational Health Psychology<\/i>,<i>\u202f13<\/i>(2), 132 \u00e0 141.<br>\nSchaffner, A., (2023) <i>Understanding the Circles of Influence, Concern, and Control.<\/i>&nbsp;&nbsp;<span style=\"text-decoration: underline;\">(<\/span>&nbsp;<a href=\"https:\/\/positivepsychology.com\/circles-of-influence\/\">Understanding the Circles of Influence, Concern, and Control (positivepsychology.com)<\/a> R\u00e9vis\u00e9 le\u202f10\u202ff\u00e9vrier\u202f2024.<br>\nSeligman, M. E. P. (2011).\u202f<i>Flourish: A visionary new understanding of happiness and well-being<\/i>. (se d\u00e9velopper\u202f: une nouvelle compr\u00e9hension visionnaire du bonheur et du bien\u2011\u00eatre). Free Press.&nbsp;<\/p>\n<p>&nbsp;<\/p>\t\t\t\t\t\t\t\t<\/div>\n\t\t\t\t\t<\/div>\n\t\t<\/div>\n\t\t\t\t\t<\/div>\n\t\t<\/section>\n\t\t\t\t<\/div>","protected":false},"excerpt":{"rendered":"<p>Care For All in Education: March 2024 Spotlight\u00a0 Care For All in Education: March 2024 Spotlight March is unpredictable \u2013 we don\u2019t know if winter and spring are coming or going. There is little control over the weather, but we adapt, don\u2019t we? Figure out what we need to be prepared and how to respond. [&hellip;]<\/p>\n","protected":false},"author":12,"featured_media":0,"parent":0,"menu_order":0,"comment_status":"closed","ping_status":"closed","template":"","meta":{"site-sidebar-layout":"no-sidebar","site-content-layout":"page-builder","ast-site-content-layout":"default","site-content-style":"default","site-sidebar-style":"default","ast-global-header-display":"","ast-banner-title-visibility":"","ast-main-header-display":"","ast-hfb-above-header-display":"","ast-hfb-below-header-display":"","ast-hfb-mobile-header-display":"","site-post-title":"disabled","ast-breadcrumbs-content":"","ast-featured-img":"disabled","footer-sml-layout":"","ast-disable-related-posts":"","theme-transparent-header-meta":"","adv-header-id-meta":"","stick-header-meta":"","header-above-stick-meta":"","header-main-stick-meta":"","header-below-stick-meta":"","astra-migrate-meta-layouts":"default","ast-page-background-enabled":"default","ast-page-background-meta":{"desktop":{"background-color":"var(--ast-global-color-4)","background-image":"","background-repeat":"repeat","background-position":"center center","background-size":"auto","background-attachment":"scroll","background-type":"","background-media":"","overlay-type":"","overlay-color":"","overlay-opacity":"","overlay-gradient":""},"tablet":{"background-color":"","background-image":"","background-repeat":"repeat","background-position":"center center","background-size":"auto","background-attachment":"scroll","background-type":"","background-media":"","overlay-type":"","overlay-color":"","overlay-opacity":"","overlay-gradient":""},"mobile":{"background-color":"","background-image":"","background-repeat":"repeat","background-position":"center center","background-size":"auto","background-attachment":"scroll","background-type":"","background-media":"","overlay-type":"","overlay-color":"","overlay-opacity":"","overlay-gradient":""}},"ast-content-background-meta":{"desktop":{"background-color":"var(--ast-global-color-5)","background-image":"","background-repeat":"repeat","background-position":"center center","background-size":"auto","background-attachment":"scroll","background-type":"","background-media":"","overlay-type":"","overlay-color":"","overlay-opacity":"","overlay-gradient":""},"tablet":{"background-color":"var(--ast-global-color-5)","background-image":"","background-repeat":"repeat","background-position":"center center","background-size":"auto","background-attachment":"scroll","background-type":"","background-media":"","overlay-type":"","overlay-color":"","overlay-opacity":"","overlay-gradient":""},"mobile":{"background-color":"var(--ast-global-color-5)","background-image":"","background-repeat":"repeat","background-position":"center center","background-size":"auto","background-attachment":"scroll","background-type":"","background-media":"","overlay-type":"","overlay-color":"","overlay-opacity":"","overlay-gradient":""}},"footnotes":""},"class_list":["post-8473","page","type-page","status-publish","hentry"],"_links":{"self":[{"href":"https:\/\/careforallineducation.com\/fr\/wp-json\/wp\/v2\/pages\/8473","targetHints":{"allow":["GET"]}}],"collection":[{"href":"https:\/\/careforallineducation.com\/fr\/wp-json\/wp\/v2\/pages"}],"about":[{"href":"https:\/\/careforallineducation.com\/fr\/wp-json\/wp\/v2\/types\/page"}],"author":[{"embeddable":true,"href":"https:\/\/careforallineducation.com\/fr\/wp-json\/wp\/v2\/users\/12"}],"replies":[{"embeddable":true,"href":"https:\/\/careforallineducation.com\/fr\/wp-json\/wp\/v2\/comments?post=8473"}],"version-history":[{"count":28,"href":"https:\/\/careforallineducation.com\/fr\/wp-json\/wp\/v2\/pages\/8473\/revisions"}],"predecessor-version":[{"id":8511,"href":"https:\/\/careforallineducation.com\/fr\/wp-json\/wp\/v2\/pages\/8473\/revisions\/8511"}],"wp:attachment":[{"href":"https:\/\/careforallineducation.com\/fr\/wp-json\/wp\/v2\/media?parent=8473"}],"curies":[{"name":"wp","href":"https:\/\/api.w.org\/{rel}","templated":true}]}}