{"id":8629,"date":"2024-06-01T02:13:14","date_gmt":"2024-06-01T07:13:14","guid":{"rendered":"https:\/\/careforallineducation.com\/?page_id=8629"},"modified":"2024-06-03T01:09:18","modified_gmt":"2024-06-03T06:09:18","slug":"care-for-all-in-education-june-july-august-spotlight-2024","status":"publish","type":"page","link":"https:\/\/careforallineducation.com\/fr\/care-for-all-in-education-june-july-august-spotlight-2024\/","title":{"rendered":"Des soins en \u00e9ducation pour tous \u2013 pleins feux sur juin\/juillet\/ao\u00fbt 2024\u00a0"},"content":{"rendered":"<div data-elementor-type=\"wp-page\" data-elementor-id=\"8629\" class=\"elementor elementor-8629\" data-elementor-post-type=\"page\">\n\t\t\t\t\t\t<section class=\"elementor-section elementor-top-section elementor-element elementor-element-66eb2f5 elementor-section-height-min-height elementor-section-items-top elementor-section-boxed elementor-section-height-default\" data-id=\"66eb2f5\" data-element_type=\"section\" data-e-type=\"section\" data-settings=\"{&quot;background_background&quot;:&quot;classic&quot;}\">\n\t\t\t\t\t\t<div class=\"elementor-container elementor-column-gap-default\">\n\t\t\t\t\t<div class=\"elementor-column elementor-col-100 elementor-top-column elementor-element elementor-element-e6de384\" data-id=\"e6de384\" data-element_type=\"column\" data-e-type=\"column\">\n\t\t\t<div class=\"elementor-widget-wrap elementor-element-populated\">\n\t\t\t\t\t\t<div class=\"elementor-element elementor-element-6df28fd elementor-widget__width-auto elementor-widget elementor-widget-heading\" data-id=\"6df28fd\" data-element_type=\"widget\" data-e-type=\"widget\" data-widget_type=\"heading.default\">\n\t\t\t\t\t<h2 class=\"elementor-heading-title elementor-size-default\">Des soins en \u00e9ducation pour tous \u2013 pleins feux sur juin\/<br>juillet\/ao\u00fbt 2024\u00a0<\/h2>\t\t\t\t<\/div>\n\t\t\t\t\t<\/div>\n\t\t<\/div>\n\t\t\t\t\t<\/div>\n\t\t<\/section>\n\t\t\t\t<section class=\"elementor-section elementor-top-section elementor-element elementor-element-9fda872 elementor-section-boxed elementor-section-height-default elementor-section-height-default\" data-id=\"9fda872\" data-element_type=\"section\" data-e-type=\"section\">\n\t\t\t\t\t\t<div class=\"elementor-container elementor-column-gap-wide\">\n\t\t\t\t\t<div class=\"elementor-column elementor-col-100 elementor-top-column elementor-element elementor-element-71e7b51\" data-id=\"71e7b51\" data-element_type=\"column\" data-e-type=\"column\">\n\t\t\t<div class=\"elementor-widget-wrap elementor-element-populated\">\n\t\t\t\t\t\t<div class=\"elementor-element elementor-element-8f063ec elementor-widget elementor-widget-heading\" data-id=\"8f063ec\" data-element_type=\"widget\" data-e-type=\"widget\" data-widget_type=\"heading.default\">\n\t\t\t\t\t<h2 class=\"elementor-heading-title elementor-size-default\">Des soins en \u00e9ducation pour tous \u2013 pleins feux sur juin\/juillet\/ao\u00fbt 2024\u00a0<\/h2>\t\t\t\t<\/div>\n\t\t\t\t<div class=\"elementor-element elementor-element-a313938 elementor-widget elementor-widget-text-editor\" data-id=\"a313938\" data-element_type=\"widget\" data-e-type=\"widget\" data-widget_type=\"text-editor.default\">\n\t\t\t\t\t\t\t\t\t<p>F\u00e9licitations, la fin de l\u2019ann\u00e9e scolaire est arriv\u00e9e, vous avez r\u00e9ussi!<\/p><p>\u00a0<\/p><p>Vous avez accompli beaucoup de choses au cours de ces 10 derniers mois et il est maintenant temps pour vous de prendre une pause bien m\u00e9rit\u00e9e. Nous esp\u00e9rons que vous pourrez prendre un peu de temps libre et vous installer dans une routine plus d\u00e9tendue; cependant, tous les membres du personnel travaillant dans le secteur de l\u2019\u00e9ducation n\u2019ont pas les mois d\u2019\u00e9t\u00e9 libres. Certains s\u2019occupent de leur famille, font du b\u00e9n\u00e9volat, suivent des formations professionnelles ou travaillent \u00e0 d\u2019autres emplois pour joindre les deux bouts. L\u2019\u00e9t\u00e9 peut \u00eatre incroyablement charg\u00e9, potentiellement ennuyeux et tout ce qui se trouve entre les deux. Le temps peut sembler long, mais pour beaucoup, il s\u2019\u00e9coule rapidement. Les gens essaient de tout faire rentrer dans leur emploi du temps : les activit\u00e9s amusantes, comme aller \u00e0 la plage, mais aussi les t\u00e2ches moins plaisantes, comme les rendez-vous chez le dentiste ou les gros projets domestiques. Comment profiter au maximum de votre temps libre pour revenir revigor\u00e9, \u00e9quilibr\u00e9 et pr\u00eat \u00e0 affronter une nouvelle ann\u00e9e?<\/p><p>\u00a0<\/p><p>Croyez-le ou non, il existe une science pour profiter pleinement de vos vacances d\u2019\u00e9t\u00e9. Voici quelques conseils \u00e0 prendre en compte:<\/p><p>\u00a0<\/p><p><strong>Avant de partir:<\/strong> Notez ce que vous aimeriez aborder \u00e0 l\u2019automne. Pas besoin de planifier toute l\u2019ann\u00e9e. Faites simplement une liste des \u00e9l\u00e9ments qui vous ont marqu\u00e9, comme une unit\u00e9, un plan de classe ou un projet d\u2019organisation qui n\u00e9cessite une r\u00e9vision. Notez-les pour y revenir lorsque vous serez pr\u00eat \u00e0 les pr\u00e9parer.<\/p><p>\u00a0<\/p><p><strong>Prenez soin de votre esprit: <\/strong>Votre sant\u00e9 mentale est importante toute l\u2019ann\u00e9e. D\u00e9couvrez de nouvelles fa\u00e7ons de prendre soin de votre sant\u00e9 mentale ou continuez \u00e0 pratiquer les strat\u00e9gies de mieux-\u00eatre qui vous conviennent, comme la pleine conscience, le journal, les promenades en nature, la m\u00e9ditation ou les m\u00e9dicaments. Qu\u2019il s\u2019agisse d\u2019acqu\u00e9rir de nouvelles comp\u00e9tences ou de comprendre de nouveaux concepts, l\u2019apprentissage continu favorise la r\u00e9silience cognitive et stimule notre esprit.<\/p><p>\u00a0<\/p><p><strong>D\u00e9connectez-vous: <\/strong>Nous sommes constamment connect\u00e9s au monde par l\u2019interm\u00e9diaire de nos t\u00e9l\u00e9phones ou ordinateurs. Les \u00e9crans sont omnipr\u00e9sents! D\u00e9sactivez vos notifications pendant une partie de la journ\u00e9e, laissez votre t\u00e9l\u00e9phone hors de la chambre pendant la nuit ou utilisez une minuterie lorsque vous \u00eates en ligne pour savoir quand il est temps de d\u00e9crocher et de passer \u00e0 autre chose.<\/p><p>\u00a0<\/p><p><strong>Maintenez une routine: <\/strong>Il ne s\u2019agit pas d\u2019une opinion populaire, mais essayez de maintenir une routine, surtout en ce qui concerne le sommeil. Essayez de vous r\u00e9veiller \u00e0 la m\u00eame heure chaque jour et de vous coucher lorsque vous \u00eates fatigu\u00e9. N\u2019oubliez pas l\u2019essentiel : mangez r\u00e9guli\u00e8rement des repas nutritifs, bougez et prenez l\u2019air.<\/p><p>\u00a0<\/p><p><strong>Liens sociaux: <\/strong>Nous passons beaucoup de temps avec nos coll\u00e8gues; ils sont souvent notre principale source de liens sociaux et d\u2019engagement. Alors, lorsque vient le moment de faire une pause et que ces liens sociaux ne sont pas aussi disponibles, certaines personnes peuvent se sentir seules ou isol\u00e9es. Demandez de l\u2019aide!<\/p><p>\u00a0<\/p><p><strong>Reposez-vous: <\/strong>Il peut \u00eatre difficile de s\u2019accorder du repos lorsqu\u2019on est habituellement en train de courir partout pour g\u00e9rer mille et une urgences. De nombreuses personnes sont tellement absorb\u00e9es par leur vie professionnelle tr\u00e9pidante qu\u2019elles ne savent pas comment se reposer! Le repos peut sembler inconfortable ou superflu dans une soci\u00e9t\u00e9 qui mesure notre valeur par notre productivit\u00e9. Selon la Dre Saundra Dalton-Smith, il existe 7\u202ftypes de repos:<\/p><p>\u00a0<\/p><p><em>Physique: <\/em>Reposez votre corps en dormant, en faisant des siestes, en effectuant des mouvements doux comme le yoga, les massages ou de simples \u00e9tirements.<\/p><p>\u00a0<\/p><p><em>Mental:<\/em> Donnez r\u00e9guli\u00e8rement des pauses \u00e0 votre cerveau; \u00e9coutez de la musique, asseyez-vous en silence ou tenez un journal pour vider votre esprit sur le papier.<\/p><p>\u00a0<\/p><p><em>Spirituel: <\/em>Faites des activit\u00e9s qui donnent du sens et un but \u00e0 votre vie; par exemple, la m\u00e9ditation, la pri\u00e8re, passer du temps dans la nature ou faire du b\u00e9n\u00e9volat.<\/p><p>\u00a0<\/p><p><em>\u00c9motionnel: <\/em>Exprimez vos \u00e9motions afin qu\u2019elles ne soient pas refoul\u00e9es \u00e0 l\u2019int\u00e9rieur. Le repos \u00e9motionnel peut \u00eatre favoris\u00e9 par la th\u00e9rapie, le bien-\u00eatre personnel, le partage de vos sentiments avec quelqu\u2019un, ou encore en \u00e9vitant de chercher constamment \u00e0 plaire aux autres.<\/p><p>\u00a0<\/p><p><em>Sensoriel: <\/em>Nos sens absorbent constamment de nouvelles informations et interpr\u00e8tent le monde qui nous entoure. Essayez d\u2019utiliser des masques pour les yeux, des bouchons d\u2019oreille, des couvertures lest\u00e9es, de r\u00e9duire l\u2019intensit\u00e9 de la lumi\u00e8re ou d\u2019\u00e9teindre vos appareils pour calmer vos sens et \u00e9viter la surstimulation.<\/p><p>\u00a0<\/p><p><em>Social: <\/em>Entourez-vous de personnes qui vous apportent de l\u2019\u00e9nergie plut\u00f4t que de vous \u00e9puiser. Fixez des limites et dites non si vous souhaitez avoir du temps seul. Entretenez les relations qui sont importantes pour vous.<\/p><p>\u00a0<\/p><p><em>Cr\u00e9atif: <\/em>Prenez le temps de jouer et de laisser libre cours \u00e0 votre esprit d\u2019enfant. Nous savons \u00e0 quel point il est important de jouer pour les \u00e9l\u00e8ves, et il en va de m\u00eame pour les adultes. Pourquoi les enfants seraient-ils les seuls \u00e0 pouvoir s\u2019amuser? Replongez dans ce qui vous passionne; que ce soit \u00e0 travers l\u2019art, le sport, le bricolage ou l\u2019exploration.<\/p><p>\u00a0<\/p><p>Si vous \u00eates \u00e0 la recherche d\u2019inspiration, voici quelques id\u00e9es d\u2019activit\u00e9s \u00e0 faire au Manitoba pendant l\u2019\u00e9t\u00e9:<\/p><p>\u00a0<\/p><p><strong>Partez \u00e0 la d\u00e9couverte : Voici une liste de choses \u00e0 faire ou de lieux \u00e0 visiter au Manitoba:<\/strong><\/p><ul><li>Parcs publics comme Assiniboine, St-Vital ou Kildonan<\/li><li>D\u00e9couvrez les jardins The Leaf ou Leo Mol<\/li><li>Festivals! Folk Fest, Fringe Fest, Folklorama<\/li><li>Faites une randonn\u00e9e!<\/li><li>Visitez le Mus\u00e9e canadien pour les droits de la personne<\/li><li>Jouez \u00e0 des jeux de r\u00f4le grandeur nature<\/li><li>Allez \u00e0 la plage!!<\/li><li>Faites un pique-nique ou un barbecue<\/li><li>Sortez pour vous rafra\u00eechir: Une cr\u00e8me glac\u00e9e ou un Slurpee<\/li><li>Piscine publique<\/li><li>Camping<\/li><li>Visites \u00e0 pied<\/li><li>March\u00e9s de fermiers<\/li><li>La Fourche<\/li><li>Winnipeg Art Gallery ou Quamajuq<\/li><li>Cueillette de rem\u00e8des<\/li><li>Renouez avec la nature; immergez-vous dans la for\u00eat<\/li><li>Renouez avec la nature; immergez-vous dans la for\u00eat<\/li><\/ul><p>Pour obtenir plus d\u2019informations et d\u2019id\u00e9es, veuillez consulter:<\/p><p>\u00a0<\/p><p>Voyage Manitoba: <a href=\"https:\/\/fr.travelmanitoba.com\/\" target=\"_blank\" rel=\"noopener\">https:\/\/fr.travelmanitoba.com\/<\/a><\/p><p>Tourism Winnipeg: <a href=\"http:\/\/www.tourismwinnipeg.com\/\" target=\"_blank\" rel=\"noopener\">www.tourismwinnipeg.com<\/a><\/p><p>Trails Manitoba: <a href=\"http:\/\/www.trailsmanitoba.ca\/\" target=\"_blank\" rel=\"noopener\">www.trailsmanitoba.ca<\/a><\/p><p>Hike Manitoba: <a href=\"http:\/\/www.hikemanitoba.com\/\" target=\"_blank\" rel=\"noopener\">www.hikemanitoba.com<\/a><\/p><p>Road Trip Manitoba: <a href=\"http:\/\/www.roadtripmanitoba.com\/\" target=\"_blank\" rel=\"noopener\">www.roadtripmanitoba.com<\/a><\/p><p>\u00a0<\/p><p>Si vous \u00eates aux prises avec des probl\u00e8mes de sant\u00e9 mentale cet \u00e9t\u00e9, ou \u00e0 n\u2019importe quel moment de l\u2019ann\u00e9e, n\u2019h\u00e9sitez pas \u00e0 demander de l\u2019aide. Parlez de ce que vous ressentez \u00e0 un ami de confiance, \u00e0 un membre de votre famille ou \u00e0 un professionnel; quelqu\u2019un avec qui vous vous sentez en s\u00e9curit\u00e9. Vous pouvez \u00e9galement vous adresser aux ressources suivantes:<\/p><p>\u00a0<\/p><ul><li>Des soins en \u00e9ducation pour tous: <a href=\"https:\/\/careforallineducation.com\/fr\/\">www.careforallineducation.com<\/a><\/li><li>HumanaCare de MTS:<a href=\"tel:204-957-5330\">204-957-5330<\/a><\/li><li>Service mobile d\u2019aide aux adultes en situation de crise (24 h\/24, 7 j\/7): (<a href=\"tel:204-940-1781\">204-940-1781<\/a>)\u202f<\/li><li>Service t\u00e9l\u00e9phonique en cas de crise de Klinic:  (<a href=\"tel:204-786-8686\">204-786-8686<\/a>) OU (<a href=\"tel:1-888-322-3019\">1-888-322-3019<\/a>)\u202f<\/li><li>Centre d\u2019intervention d\u2019urgence en sant\u00e9 mentale: (<a href=\"tel:204-940-1781\">204-940-1781<\/a>)\u202f<br \/>Service d\u2019accueil communautaire: (<a href=\"tel:204-788-8330\">204-788-8330<\/a>)<\/li><li>Service t\u00e9l\u00e9phonique de pr\u00e9vention du suicide du Manitoba (24 h\/24, 7 j\/7): (<a href=\"tel:1-877-435-7170\">1-877-435-7170<\/a>)\u202f<a href=\"https:\/\/www.reasontolive.ca\/\" target=\"_blank\" rel=\"noopener\">https:\/\/www.reasontolive.ca<\/a><\/li><li>Fondation manitobaine de lutte contre les d\u00e9pendances: (<a href=\"tel:204-944-6200\">204-944-6200<\/a>) OU (<a href=\"tel:1-855-662-6605\">1-855-662-6605<\/a>)<\/li><li>Ligne d\u2019\u00e9coute d\u2019espoir pour le mieux-\u00eatre des Premi\u00e8res Nations et des Inuits: (<a href=\"tel:1-855-242-3310\">1-855-242-3310<\/a>) .Une fonction de clavardage en ligne est disponible sur leur site\u202fWeb:<a href=\"https:\/\/www.hopeforwellness.ca\/\" target=\"_blank\" rel=\"noopener\">https:\/\/www.hopeforwellness.ca<\/a><\/li><\/ul><p>Nous vous souhaitons un \u00e9t\u00e9 plaisant et en toute s\u00e9curit\u00e9!<\/p><p>\u00a0<\/p><p>Source:<\/p><p>Dalton-Smith, S. (2017) <em>Sacred Rest (repos sacr\u00e9)<\/em>. Faithwords.<\/p>\t\t\t\t\t\t\t\t<\/div>\n\t\t\t\t\t<\/div>\n\t\t<\/div>\n\t\t\t\t\t<\/div>\n\t\t<\/section>\n\t\t\t\t<\/div>","protected":false},"excerpt":{"rendered":"<p>Care For All in Education June\/July\/August Spotlight 2024\u00a0 Care For All in Education June\/July\/August Spotlight 2024\u00a0 Congratulations, the end of the school year is here, you did it!! \u00a0 You have accomplished a lot over these last 10 months and now it is time for you to take a well-deserved break. Hopefully you can take [&hellip;]<\/p>\n","protected":false},"author":12,"featured_media":0,"parent":0,"menu_order":0,"comment_status":"closed","ping_status":"closed","template":"","meta":{"site-sidebar-layout":"no-sidebar","site-content-layout":"page-builder","ast-site-content-layout":"default","site-content-style":"default","site-sidebar-style":"default","ast-global-header-display":"","ast-banner-title-visibility":"","ast-main-header-display":"","ast-hfb-above-header-display":"","ast-hfb-below-header-display":"","ast-hfb-mobile-header-display":"","site-post-title":"disabled","ast-breadcrumbs-content":"","ast-featured-img":"disabled","footer-sml-layout":"","ast-disable-related-posts":"","theme-transparent-header-meta":"","adv-header-id-meta":"","stick-header-meta":"","header-above-stick-meta":"","header-main-stick-meta":"","header-below-stick-meta":"","astra-migrate-meta-layouts":"default","ast-page-background-enabled":"default","ast-page-background-meta":{"desktop":{"background-color":"var(--ast-global-color-4)","background-image":"","background-repeat":"repeat","background-position":"center center","background-size":"auto","background-attachment":"scroll","background-type":"","background-media":"","overlay-type":"","overlay-color":"","overlay-opacity":"","overlay-gradient":""},"tablet":{"background-color":"","background-image":"","background-repeat":"repeat","background-position":"center center","background-size":"auto","background-attachment":"scroll","background-type":"","background-media":"","overlay-type":"","overlay-color":"","overlay-opacity":"","overlay-gradient":""},"mobile":{"background-color":"","background-image":"","background-repeat":"repeat","background-position":"center center","background-size":"auto","background-attachment":"scroll","background-type":"","background-media":"","overlay-type":"","overlay-color":"","overlay-opacity":"","overlay-gradient":""}},"ast-content-background-meta":{"desktop":{"background-color":"var(--ast-global-color-5)","background-image":"","background-repeat":"repeat","background-position":"center center","background-size":"auto","background-attachment":"scroll","background-type":"","background-media":"","overlay-type":"","overlay-color":"","overlay-opacity":"","overlay-gradient":""},"tablet":{"background-color":"var(--ast-global-color-5)","background-image":"","background-repeat":"repeat","background-position":"center center","background-size":"auto","background-attachment":"scroll","background-type":"","background-media":"","overlay-type":"","overlay-color":"","overlay-opacity":"","overlay-gradient":""},"mobile":{"background-color":"var(--ast-global-color-5)","background-image":"","background-repeat":"repeat","background-position":"center center","background-size":"auto","background-attachment":"scroll","background-type":"","background-media":"","overlay-type":"","overlay-color":"","overlay-opacity":"","overlay-gradient":""}},"footnotes":""},"class_list":["post-8629","page","type-page","status-publish","hentry"],"_links":{"self":[{"href":"https:\/\/careforallineducation.com\/fr\/wp-json\/wp\/v2\/pages\/8629","targetHints":{"allow":["GET"]}}],"collection":[{"href":"https:\/\/careforallineducation.com\/fr\/wp-json\/wp\/v2\/pages"}],"about":[{"href":"https:\/\/careforallineducation.com\/fr\/wp-json\/wp\/v2\/types\/page"}],"author":[{"embeddable":true,"href":"https:\/\/careforallineducation.com\/fr\/wp-json\/wp\/v2\/users\/12"}],"replies":[{"embeddable":true,"href":"https:\/\/careforallineducation.com\/fr\/wp-json\/wp\/v2\/comments?post=8629"}],"version-history":[{"count":7,"href":"https:\/\/careforallineducation.com\/fr\/wp-json\/wp\/v2\/pages\/8629\/revisions"}],"predecessor-version":[{"id":8642,"href":"https:\/\/careforallineducation.com\/fr\/wp-json\/wp\/v2\/pages\/8629\/revisions\/8642"}],"wp:attachment":[{"href":"https:\/\/careforallineducation.com\/fr\/wp-json\/wp\/v2\/media?parent=8629"}],"curies":[{"name":"wp","href":"https:\/\/api.w.org\/{rel}","templated":true}]}}