{"id":9369,"date":"2024-11-01T01:13:47","date_gmt":"2024-11-01T06:13:47","guid":{"rendered":"https:\/\/careforallineducation.com\/?page_id=9369"},"modified":"2024-11-01T12:38:24","modified_gmt":"2024-11-01T17:38:24","slug":"care-for-all-in-education-november-2024-spotlight","status":"publish","type":"page","link":"https:\/\/careforallineducation.com\/fr\/care-for-all-in-education-november-2024-spotlight\/","title":{"rendered":"PLEINS FEUX SUR LE MOIS DE NOVEMBRE 2024"},"content":{"rendered":"<div data-elementor-type=\"wp-page\" data-elementor-id=\"9369\" class=\"elementor elementor-9369\" data-elementor-post-type=\"page\">\n\t\t\t\t\t\t<section class=\"elementor-section elementor-top-section elementor-element elementor-element-66eb2f5 elementor-section-height-min-height elementor-section-items-top elementor-section-boxed elementor-section-height-default\" data-id=\"66eb2f5\" data-element_type=\"section\" data-e-type=\"section\" data-settings=\"{&quot;background_background&quot;:&quot;classic&quot;}\">\n\t\t\t\t\t\t<div class=\"elementor-container elementor-column-gap-default\">\n\t\t\t\t\t<div class=\"elementor-column elementor-col-100 elementor-top-column elementor-element elementor-element-e6de384\" data-id=\"e6de384\" data-element_type=\"column\" data-e-type=\"column\">\n\t\t\t<div class=\"elementor-widget-wrap elementor-element-populated\">\n\t\t\t\t\t\t<div class=\"elementor-element elementor-element-6df28fd elementor-widget__width-auto elementor-widget elementor-widget-heading\" data-id=\"6df28fd\" data-element_type=\"widget\" data-e-type=\"widget\" data-widget_type=\"heading.default\">\n\t\t\t\t\t<h2 class=\"elementor-heading-title elementor-size-default\">PLEINS FEUX SUR LE MOIS DE NOVEMBRE 2024<\/h2>\t\t\t\t<\/div>\n\t\t\t\t\t<\/div>\n\t\t<\/div>\n\t\t\t\t\t<\/div>\n\t\t<\/section>\n\t\t\t\t<section class=\"elementor-section elementor-top-section elementor-element elementor-element-9fda872 elementor-section-boxed elementor-section-height-default elementor-section-height-default\" data-id=\"9fda872\" data-element_type=\"section\" data-e-type=\"section\">\n\t\t\t\t\t\t<div class=\"elementor-container elementor-column-gap-wide\">\n\t\t\t\t\t<div class=\"elementor-column elementor-col-100 elementor-top-column elementor-element elementor-element-71e7b51\" data-id=\"71e7b51\" data-element_type=\"column\" data-e-type=\"column\">\n\t\t\t<div class=\"elementor-widget-wrap elementor-element-populated\">\n\t\t\t\t\t\t<div class=\"elementor-element elementor-element-8f063ec elementor-widget elementor-widget-heading\" data-id=\"8f063ec\" data-element_type=\"widget\" data-e-type=\"widget\" data-widget_type=\"heading.default\">\n\t\t\t\t\t<h2 class=\"elementor-heading-title elementor-size-default\">PLEINS FEUX SUR LE MOIS DE NOVEMBRE 2024<\/h2>\t\t\t\t<\/div>\n\t\t\t\t<div class=\"elementor-element elementor-element-a313938 elementor-widget elementor-widget-text-editor\" data-id=\"a313938\" data-element_type=\"widget\" data-e-type=\"widget\" data-widget_type=\"text-editor.default\">\n\t\t\t\t\t\t\t\t\t<p>Lorsque le vent froid se met \u00e0 souffler et que les feuilles se mettent \u00e0 craquer sous nos pas, nos pens\u00e9es se tournent souvent vers les journ\u00e9es d\u2019hiver qui raccourcissent. C\u2019est en novembre que tous les projets et les plans mis en place en d\u00e9but d\u2019ann\u00e9e s\u2019ach\u00e8vent finalement. Dans le milieu de l\u2019\u00e9ducation, le mois de novembre correspond seulement au d\u00e9but de l\u2019ann\u00e9e. Le personnel scolaire doit trouver des outils pour maintenir l\u2019\u00e9nergie, l\u2019enthousiasme et la joie durant les journ\u00e9es de travail \u00e0 cette \u00e9poque de l\u2019ann\u00e9e scolaire. Il n\u2019y a pas de meilleur moment pour mettre l\u2019accent sur les relations, car le 13\u202fnovembre 2024 marque la Journ\u00e9e internationale de la gentillesse.<\/p>\n<p><br><\/p>\n<p>Pourquoi devrions-nous insister sur la gentillesse et sur l\u2019importance de tisser des liens dans les \u00e9coles?<\/p>\n<p><br><\/p>\n<p><\/p>\n<p>Saviez-vous que les interactions en milieu de travail am\u00e9liorent la sant\u00e9 mentale et le bien-\u00eatre? Les liens au travail renforcent la mobilisation et la concentration du personnel, en plus de favoriser un environnement de travail sain et un bien-\u00eatre g\u00e9n\u00e9ral au sein des employ\u00e9s. Les donn\u00e9es recueillies par les docteures Laura Sokal et Leslie Trudel (2024) indiquent que les \u00e9coles qui misent sur l\u2019am\u00e9lioration du bien-\u00eatre et des interactions enregistrent des effets d\u00e9cupl\u00e9s:<\/p>\n<p><br><\/p>\n<p><\/p>\n<ul>\n<li>\n<p>Dans le groupe des enseignants, une augmentation de 20\u202f% du&nbsp;<em>bien-\u00eatre&nbsp;<\/em>multiplie de 151\u202f% la probabilit\u00e9 d\u2019appartenir au groupe \u00e0 forte mobilisation\/faible risque de d\u00e9part.<\/p>\n<\/li>\n<li>\n<p>Dans le groupe des directions, une augmentation de 20\u202f% du&nbsp;<em>sentiment d\u2019entretenir des liens avec les autres&nbsp;<\/em>multiplie de 131,5\u202f% la probabilit\u00e9 d\u2019appartenir au groupe \u00e0 forte mobilisation\/faible risque de d\u00e9part.<\/p>\n<\/li>\n<li>\n<p>Dans le groupe des aides-enseignants, une augmentation de 20\u202f% du&nbsp;<em>sentiment d\u2019entretenir des liens avec les autres&nbsp;<\/em>avec les autres multiplie de 141\u202f% la probabilit\u00e9 d\u2019appartenir au groupe \u00e0 forte mobilisation\/faible risque de d\u00e9part.<\/p>\n<\/li>\n<\/ul>\n<p>Il est essentiel de nourrir des relations positives et les liens qui nous unissent aux autres pour assurer la r\u00e9tention du personnel scolaire, la satisfaction en emploi, le rendement et le bonheur. Les relations positives r\u00e9duisent le risque d\u2019\u00e9puisement professionnel.<\/p><p><br><\/p>\n<p>Comment tisser des liens au travail? Instaurez une culture de gentillesse et encouragez les interactions positives.<\/p>\n<p><br><\/p>\n<p><\/p>\n<p>Quelques conseils pour \u00e9tablir une culture de travail enrichissante, r\u00e9siliente et coh\u00e9sive:<\/p>\n<p><br><\/p>\n<p><\/p>\n<ul>\n<li>\n<p>Cr\u00e9ez un Mur de la gentillesse en milieu de travail pour y afficher les actes de bont\u00e9.<\/p>\n<\/li>\n<li>\n<p>\u00c9crivez des notes d\u2019appr\u00e9ciation et de reconnaissance \u00e0 vos coll\u00e8gues.<\/p>\n<\/li>\n<li>\n<p>Encouragez les syst\u00e8mes de soutien et les interactions avec les autres.<\/p>\n<\/li>\n<li>\n<p>Invitez une personne \u00e0 faire une marche avec vous.<\/p>\n<\/li>\n<li>\n<p>Prenez des nouvelles des autres.<\/p>\n<\/li>\n<li>\n<p>Essayez de nouvelles activit\u00e9s et parlez \u00e0 de nouvelles personnes.<\/p>\n<\/li>\n<li>\n<p>\u00c9laborez des ressources et des mesures de soutien pour la gestion du stress et le besoin de prendre soin de soi.<\/p>\n<\/li>\n<\/ul>\n<p>Ressources:<\/p>\n<p><br><\/p>\n<p><\/p>\n<p>Nouvelles de l\u2019Universit\u00e9 de Winnipeg (2021).&nbsp;<em>Assessing teacher burnout in Manitoba (\u00e9valuer l\u2019\u00e9puisement professionnel chez les enseignants au Manitoba).<\/em>Consult\u00e9 le 8\u202fsept. 2023 \u00e0 l\u2019adresse&nbsp;<u><a href=\"https:\/\/news.uwinnipeg.ca\/assessing-teacher-burnout\/\" target=\"_blank\" rel=\"noopener\">https:\/\/news.uwinnipeg.ca\/assessing-teacher-burnout<\/a><\/u><\/p>\n<p>Gallup (2024). State of the global workforce (l\u2019\u00e9tat de la main-d\u2019\u0153uvre \u00e0 l\u2019\u00e9chelle mondiale).<\/p>\n<p><br><\/p>\n<p><\/p>\n<p><em>Ce rapport dresse un portrait des tendances sur le plan de la sant\u00e9 mentale et du bien-\u00eatre des employ\u00e9s \u00e0 l\u2019\u00e9chelle mondiale ainsi que dans certains pays.<\/em><\/p>\n<p><a href=\"http:\/\/gallup.com\/workplace\/349484\/state-of-the-global-workplace.aspx\" target=\"_blank\" rel=\"noopener\"><u>gallup.com\/workplace\/349484\/state-of-the-global-workplace.<\/u><u>aspx<\/u><\/a><\/p>\n<p><br><\/p>\n<p><\/p>\n<p>Organisation mondiale de la sant\u00e9. (2022).&nbsp;<em>orld mental health report: transforming mental health for all (Rapport mondial sur la sant\u00e9 mentale: transformer la sant\u00e9 mentale pour tous).&nbsp;<\/em>Consult\u00e9 le 8\u202fsept. 2023 \u00e0 l\u2019adresse&nbsp;<u><a href=\"https:\/\/www.who.int\/publications\/i\/item\/9789240049338\" target=\"_blank\" rel=\"noopener\">https:\/\/www.who.int\/publications\/i\/item\/9789240049338<\/a><\/u><\/p>\t\t\t\t\t\t\t\t<\/div>\n\t\t\t\t\t<\/div>\n\t\t<\/div>\n\t\t\t\t\t<\/div>\n\t\t<\/section>\n\t\t\t\t<\/div>","protected":false},"excerpt":{"rendered":"<p>Care For All in Education: November 2024 Spotlight Care For All in Education: November 2024 Spotlight As the crispness of fall enters the air and the leaves crunch on the ground thoughts often turn to the short days of winter. November is the time of year when all the projects and plans that begin the [&hellip;]<\/p>\n","protected":false},"author":12,"featured_media":0,"parent":0,"menu_order":0,"comment_status":"closed","ping_status":"closed","template":"","meta":{"site-sidebar-layout":"no-sidebar","site-content-layout":"page-builder","ast-site-content-layout":"default","site-content-style":"default","site-sidebar-style":"default","ast-global-header-display":"","ast-banner-title-visibility":"","ast-main-header-display":"","ast-hfb-above-header-display":"","ast-hfb-below-header-display":"","ast-hfb-mobile-header-display":"","site-post-title":"disabled","ast-breadcrumbs-content":"","ast-featured-img":"disabled","footer-sml-layout":"","ast-disable-related-posts":"","theme-transparent-header-meta":"","adv-header-id-meta":"","stick-header-meta":"","header-above-stick-meta":"","header-main-stick-meta":"","header-below-stick-meta":"","astra-migrate-meta-layouts":"default","ast-page-background-enabled":"default","ast-page-background-meta":{"desktop":{"background-color":"var(--ast-global-color-4)","background-image":"","background-repeat":"repeat","background-position":"center center","background-size":"auto","background-attachment":"scroll","background-type":"","background-media":"","overlay-type":"","overlay-color":"","overlay-opacity":"","overlay-gradient":""},"tablet":{"background-color":"","background-image":"","background-repeat":"repeat","background-position":"center center","background-size":"auto","background-attachment":"scroll","background-type":"","background-media":"","overlay-type":"","overlay-color":"","overlay-opacity":"","overlay-gradient":""},"mobile":{"background-color":"","background-image":"","background-repeat":"repeat","background-position":"center center","background-size":"auto","background-attachment":"scroll","background-type":"","background-media":"","overlay-type":"","overlay-color":"","overlay-opacity":"","overlay-gradient":""}},"ast-content-background-meta":{"desktop":{"background-color":"var(--ast-global-color-5)","background-image":"","background-repeat":"repeat","background-position":"center center","background-size":"auto","background-attachment":"scroll","background-type":"","background-media":"","overlay-type":"","overlay-color":"","overlay-opacity":"","overlay-gradient":""},"tablet":{"background-color":"var(--ast-global-color-5)","background-image":"","background-repeat":"repeat","background-position":"center center","background-size":"auto","background-attachment":"scroll","background-type":"","background-media":"","overlay-type":"","overlay-color":"","overlay-opacity":"","overlay-gradient":""},"mobile":{"background-color":"var(--ast-global-color-5)","background-image":"","background-repeat":"repeat","background-position":"center center","background-size":"auto","background-attachment":"scroll","background-type":"","background-media":"","overlay-type":"","overlay-color":"","overlay-opacity":"","overlay-gradient":""}},"footnotes":""},"class_list":["post-9369","page","type-page","status-publish","hentry"],"_links":{"self":[{"href":"https:\/\/careforallineducation.com\/fr\/wp-json\/wp\/v2\/pages\/9369","targetHints":{"allow":["GET"]}}],"collection":[{"href":"https:\/\/careforallineducation.com\/fr\/wp-json\/wp\/v2\/pages"}],"about":[{"href":"https:\/\/careforallineducation.com\/fr\/wp-json\/wp\/v2\/types\/page"}],"author":[{"embeddable":true,"href":"https:\/\/careforallineducation.com\/fr\/wp-json\/wp\/v2\/users\/12"}],"replies":[{"embeddable":true,"href":"https:\/\/careforallineducation.com\/fr\/wp-json\/wp\/v2\/comments?post=9369"}],"version-history":[{"count":34,"href":"https:\/\/careforallineducation.com\/fr\/wp-json\/wp\/v2\/pages\/9369\/revisions"}],"predecessor-version":[{"id":9408,"href":"https:\/\/careforallineducation.com\/fr\/wp-json\/wp\/v2\/pages\/9369\/revisions\/9408"}],"wp:attachment":[{"href":"https:\/\/careforallineducation.com\/fr\/wp-json\/wp\/v2\/media?parent=9369"}],"curies":[{"name":"wp","href":"https:\/\/api.w.org\/{rel}","templated":true}]}}